{"id":7547,"date":"2024-04-04T11:07:51","date_gmt":"2024-04-04T09:07:51","guid":{"rendered":"https:\/\/content-conversion.com\/mets-alto\/"},"modified":"2024-04-04T11:07:52","modified_gmt":"2024-04-04T09:07:52","slug":"mets-alto","status":"publish","type":"page","link":"https:\/\/content-conversion.com\/ro\/mets-alto\/","title":{"rendered":"METS\/ALTO"},"content":{"rendered":"<p>[et_pb_section fb_built=&#8221;1&#8243; admin_label=&#8221;section&#8221; _builder_version=&#8221;4.16&#8243; global_colors_info=&#8221;{}&#8221;][et_pb_row _builder_version=&#8221;4.16&#8243; global_colors_info=&#8221;{}&#8221;][et_pb_column type=&#8221;4_4&#8243; _builder_version=&#8221;4.16&#8243; custom_padding=&#8221;|||&#8221; global_colors_info=&#8221;{}&#8221; custom_padding__hover=&#8221;|||&#8221;][et_pb_text _builder_version=&#8221;4.16&#8243; header_font=&#8221;Open Sans Condensed Light local|300|||||||&#8221; header_text_color=&#8221;#666666&#8243; header_font_size=&#8221;70px&#8221; header_letter_spacing=&#8221;1px&#8221; max_width=&#8221;100%&#8221; animation_style=&#8221;slide&#8221; animation_direction=&#8221;left&#8221; header_font_tablet=&#8221;&#8221; header_font_phone=&#8221;||||||||&#8221; header_font_last_edited=&#8221;on|phone&#8221; header_font_size_phone=&#8221;50px&#8221; locked=&#8221;off&#8221; global_colors_info=&#8221;{}&#8221;]<\/p>\n<h1 class=\"wp-block-heading\" style=\"text-align: center;\"><span style=\"color: #000000;\">METS\/ALTO Introducere<\/span><\/h1>\n<p>&nbsp;<\/p>\n<p>[\/et_pb_text][\/et_pb_column][\/et_pb_row][\/et_pb_section][et_pb_section fb_built=&#8221;1&#8243; _builder_version=&#8221;4.16&#8243; background_color=&#8221;#919191&#8243; background_enable_image=&#8221;off&#8221; parallax=&#8221;on&#8221; min_height=&#8221;194px&#8221; custom_margin=&#8221;||-44px|||&#8221; custom_padding=&#8221;15px||0px||false|false&#8221; animation_style=&#8221;fade&#8221; animation_direction=&#8221;right&#8221; background_last_edited=&#8221;off|desktop&#8221; background_enable_color_phone=&#8221;off&#8221; background_blend_phone=&#8221;normal&#8221; border_color_top=&#8221;#1e69ae&#8221; border_color_bottom=&#8221;#1e69ae&#8221; locked=&#8221;off&#8221; global_colors_info=&#8221;{}&#8221;][et_pb_row _builder_version=&#8221;4.16&#8243; global_colors_info=&#8221;{}&#8221; min_height=&#8221;213.6px&#8221;][et_pb_column type=&#8221;4_4&#8243; _builder_version=&#8221;4.16&#8243; custom_padding=&#8221;|||&#8221; global_colors_info=&#8221;{}&#8221; custom_padding__hover=&#8221;|||&#8221;][et_pb_text _builder_version=&#8221;4.16&#8243; text_font=&#8221;Open Sans Condensed||||||||&#8221; text_text_color=&#8221;#ffffff&#8221; text_font_size=&#8221;26px&#8221; text_letter_spacing=&#8221;1px&#8221; text_line_height=&#8221;1.4em&#8221; text_orientation=&#8221;center&#8221; max_width=&#8221;750px&#8221; module_alignment=&#8221;center&#8221; min_height=&#8221;196.6px&#8221; custom_margin=&#8221;||-73px|||&#8221; custom_padding=&#8221;16px||0px|||&#8221; animation_style=&#8221;slide&#8221; animation_direction=&#8221;right&#8221; global_colors_info=&#8221;{}&#8221;]<\/p>\n<p>O scurt\u0103 introducere \u00een standardele METS \u0219i ALTO. Afla\u021bi la ce sunt utilizate fi\u0219ierele METS \u0219i ALTO, cum sunt structurate \u0219i cum se raporteaz\u0103.<\/p>\n<p>[\/et_pb_text][\/et_pb_column][\/et_pb_row][\/et_pb_section][et_pb_section fb_built=&#8221;1&#8243; _builder_version=&#8221;4.16&#8243; _module_preset=&#8221;default&#8221; min_height=&#8221;477.8px&#8221; global_colors_info=&#8221;{}&#8221;][et_pb_row _builder_version=&#8221;4.16&#8243; _module_preset=&#8221;default&#8221; global_colors_info=&#8221;{}&#8221;][et_pb_column type=&#8221;4_4&#8243; _builder_version=&#8221;4.16&#8243; _module_preset=&#8221;default&#8221; global_colors_info=&#8221;{}&#8221;][et_pb_text _builder_version=&#8221;4.24.0&#8243; _module_preset=&#8221;default&#8221; global_colors_info=&#8221;{}&#8221;]<\/p>\n<h2 style=\"text-align: left;\">De ce a\u0219 folosi METS \u0219i ALTO?<\/h2>\n<ul>\n<li style=\"list-style-type: none;\">\n<ul>\n<li>&#8222;Digitalizez o mul\u021bime de articole diferite \u0219i fiecare tip este digitalizat \u00eentr-un format diferit. Unele sunt Word, unele sunt PDF, unele sunt XML, unele sunt doar JPG &#8211; am nevoie de toate pentru a comem aceea\u0219i structur\u0103, dar care este cel mai bun mod?&#8221;<\/li>\n<li>&#8222;A\u0219 dori s\u0103 ofer c\u0103utare de text complet oamenilor de \u0219tiin\u021b\u0103 \u0219i cercet\u0103torilor din colec\u021bia complet\u0103, a\u0219a c\u0103 trebuie s\u0103 construiesc un index text al colec\u021biei complete &#8211; \u0219i a\u0219 putea dori s\u0103 schimb sistemul de prezentare \u00een trei ani, a\u0219a c\u0103 am nevoie de datele surs\u0103 \u00eentr-un format standard, non-proprietar&#8221;<\/li>\n<li>&#8222;Trebuie s\u0103-mi organizez proiectul de digitalizare \u00een conformitate cu standardele de conservare pe termen lung \u2013 c\u00e2t timp va exista JPG? Am nevoie de ceva mai robust \u0219i mai sigur pentru urm\u0103torii 100 de ani.&#8221;<\/li>\n<\/ul>\n<\/li>\n<\/ul>\n<p>[\/et_pb_text][\/et_pb_column][\/et_pb_row][et_pb_row _builder_version=&#8221;4.16&#8243; _module_preset=&#8221;default&#8221; global_colors_info=&#8221;{}&#8221;][et_pb_column type=&#8221;4_4&#8243; _builder_version=&#8221;4.16&#8243; _module_preset=&#8221;default&#8221; global_colors_info=&#8221;{}&#8221;][et_pb_text _builder_version=&#8221;4.24.0&#8243; _module_preset=&#8221;default&#8221; custom_padding=&#8221;||2px|||&#8221; global_colors_info=&#8221;{}&#8221;]<\/p>\n<h2 style=\"text-align: left;\">Ce este METS?<\/h2>\n<ul>\n<li style=\"list-style-type: none;\">\n<ul>\n<li>METS -&gt; Standard de codificare \u0219i transmisie a metadatelor<\/li>\n<li>\u00cenfiin\u021bat\u0103 \u00een 2001<\/li>\n<li>Standard deschis bazat pe XML<\/li>\n<li>Schema este g\u0103zduit\u0103 la Biblioteca Congresului (LOC)<\/li>\n<li>\u00centre\u021binut de Colegiul editorial METS<\/li>\n<li><span>Versiunea curent\u0103: 1.12. Versiunea 2 este \u00een preg\u0103tire<\/span><\/li>\n<li><span>Folosit pentru conservarea pe termen lung<\/span><\/li>\n<li><span><a href=\"https:\/\/www.loc.gov\/standards\/mets\/\">https:\/\/www.loc.gov\/standards\/mets\/<\/a><\/span><\/li>\n<\/ul>\n<\/li>\n<\/ul>\n<p>[\/et_pb_text][\/et_pb_column][\/et_pb_row][et_pb_row _builder_version=&#8221;4.16&#8243; _module_preset=&#8221;default&#8221; global_colors_info=&#8221;{}&#8221; min_height=&#8221;747.6px&#8221;][et_pb_column type=&#8221;4_4&#8243; _builder_version=&#8221;4.16&#8243; _module_preset=&#8221;default&#8221; global_colors_info=&#8221;{}&#8221;][et_pb_text _builder_version=&#8221;4.24.0&#8243; _module_preset=&#8221;default&#8221; custom_padding=&#8221;||2px|||&#8221; hover_enabled=&#8221;0&#8243; global_colors_info=&#8221;{}&#8221; sticky_enabled=&#8221;0&#8243;]<\/p>\n<h2 style=\"text-align: left;\"><span>Cum arat\u0103 un fi\u0219ier METS?<\/span><\/h2>\n<p><span>Un fi\u0219ier XML METS \u00eencepe cu antetul METS, urmat de cinci sec\u021biuni 5 de metadate.  <\/span><\/p>\n<h3><span><strong>1. Antet &lt;METS metsHDR&gt;<\/strong><\/span><\/h3>\n<p style=\"padding-left: 40px;\">Antetul METS \u00een sine con\u021bine informa\u021bii tehnice, <span>despre documentul METS \u00een sine, inclusiv informa\u021bii precum creatorul, editorul etc.<\/span><\/p>\n<h3><span><strong>2. Metadate &lt;descriptive dmdSEC&gt;<\/strong><\/span><\/h3>\n<p style=\"padding-left: 40px;\"><span>De obicei, MODS (<a href=\"https:\/\/www.loc.gov\/standards\/MODS\">https:\/\/www.loc.gov\/standards\/MODS<\/a>) sau scheme de metadate similare sunt implementate pentru a descrie obiectul \u00een sine. Acesta con\u021bine informa\u021bii precum titlul, autorul, editorul \u0219i data public\u0103rii.<\/span><span><\/span><\/p>\n<h3><span><strong>3. Metadate &lt;administrative amdSEC&gt;<\/strong><\/span><\/h3>\n<p style=\"text-align: left; padding-left: 40px;\"><span>Con\u021bine informa\u021bii despre procesul de captare a imaginii, cum ar fi hard de scanare \u0219i software-ul utilizat, tipul fi\u0219ierului, rezolu\u021bia, compresia, data captur\u0103rii imaginii. De obicei, se utilizeaz\u0103 MIX (<a href=\"https:\/\/www.loc.gov\/standards\/mix\/\">https:\/\/www.loc.gov\/standards\/mix\/<\/a>) sau o schem\u0103 de metadate similar\u0103.<\/span><\/p>\n<h3><span><strong>4. Sec\u021biunea &lt;fi\u0219ierului fileSEC&gt;<\/strong><\/span><\/h3>\n<p style=\"text-align: left; padding-left: 40px;\"><span>Listeaz\u0103, descrie \u0219i leag\u0103 la toate fi\u0219ierele care apar\u021bin obiectului digital descris de fi\u0219ierul METS.<br \/>Pentru un obiect tipic tip\u0103rit (carte, periodic, ziar) un fi\u0219ier imagine (tiff, jpg sau JPG2000) \u0219i un fi\u0219ier ALTO XML ar fi legate aici par pagin\u0103.<br \/>\u00cen plus, fi\u0219ierele PDF sau ePub la nivel de problem\u0103 ar putea fi legate \u0219i aici.<\/span><\/p>\n<h3><span><strong>5. Structura &lt;fizic\u0103 structMap LABEL = &#8222;Structura fizic\u0103&#8221;&gt;<\/strong><\/span><\/h3>\n<p style=\"padding-left: 40px;\"><span>Pentru un obiect tip\u0103rit tipic (carte, periodic, ziar) aici paginile fizice sunt listate cu numerele lor de pagin\u0103 \u0219i link-uri c\u0103tre fi\u0219ierele la nivel de pagin\u0103 specificate anterior \u00een sec\u021biunea Fi\u0219ier.<\/span><\/p>\n<h3><span><strong>6. Structura &lt;logic\u0103 structMap LABEL=&#8221;Structura logic\u0103&#8221;&gt;<\/strong><\/span><\/h3>\n<p style=\"padding-left: 40px;\"><span>Pentru o carte, aceast\u0103 sec\u021biune ar con\u021bine de obicei cuprinsul \u00een care sec\u021biunea logic\u0103 a c\u0103r\u021bilor este legat\u0103 de pagini.<br \/>Pentru un obiect mai complex, cum ar fi un ziar, structura ar putea fi mai ad\u00e2nc imbricat\u0103 pentru a descrie un articol care con\u021bine diverse elemente (titlu, imagini cu legende, blocuri de text) r\u0103sp\u00e2ndite pe mai multe pagini fizice.<\/span><\/p>\n<p>Pentru mai multe detalii <a href=\"https:\/\/www.loc.gov\/standards\/mets\/METSOverview.v3_en.html\">, consulta\u021bi https:\/\/www.loc.gov\/standards\/mets\/METSOverview.v3_en.html<\/a><\/p>\n<p style=\"padding-left: 40px;\"><span><\/span><\/p>\n<p>[\/et_pb_text][\/et_pb_column][\/et_pb_row][et_pb_row _builder_version=&#8221;4.24.0&#8243; _module_preset=&#8221;default&#8221; global_colors_info=&#8221;{}&#8221;][et_pb_column type=&#8221;4_4&#8243; _builder_version=&#8221;4.24.0&#8243; _module_preset=&#8221;default&#8221; global_colors_info=&#8221;{}&#8221;][et_pb_image src=&#8221;https:\/\/content-conversion.com\/wp-content\/uploads\/2024\/02\/METS.png&#8221; alt=&#8221;METS&#8221; title_text=&#8221;METS&#8221; align=&#8221;center&#8221; _builder_version=&#8221;4.24.0&#8243; _module_preset=&#8221;default&#8221; width=&#8221;50%&#8221; global_colors_info=&#8221;{}&#8221;][\/et_pb_image][\/et_pb_column][\/et_pb_row][et_pb_row _builder_version=&#8221;4.16&#8243; _module_preset=&#8221;default&#8221; global_colors_info=&#8221;{}&#8221;][et_pb_column type=&#8221;4_4&#8243; _builder_version=&#8221;4.16&#8243; _module_preset=&#8221;default&#8221; global_colors_info=&#8221;{}&#8221;][et_pb_text _builder_version=&#8221;4.24.0&#8243; _module_preset=&#8221;default&#8221; global_colors_info=&#8221;{}&#8221;]<\/p>\n<h2 style=\"text-align: left;\">Ce este ALTO?<\/h2>\n<ul>\n<li style=\"list-style-type: none;\">\n<ul>\n<li>ALTO \u2013&gt; Aspect analizat \u0219i obiect text<\/li>\n<li>Standard deschis bazat pe XML<\/li>\n<li>Schema este g\u0103zduit\u0103 la Biblioteca Congresului (LOC)<\/li>\n<li>\u00centre\u021binut de Consiliul ALTO<\/li>\n<li>Versiune curent\u0103: 4.4<\/li>\n<li><a href=\"https:\/\/www.loc.gov\/standards\/alto\/\" target=\"_blank\" rel=\"noopener\" title=\"LOC ALTO\">https:\/\/www.loc.gov\/standards\/alto\/<\/a><\/li>\n<\/ul>\n<\/li>\n<\/ul>\n<p>&nbsp;<\/p>\n<p>[\/et_pb_text][\/et_pb_column][\/et_pb_row][et_pb_row _builder_version=&#8221;4.16&#8243; _module_preset=&#8221;default&#8221; global_colors_info=&#8221;{}&#8221;][et_pb_column type=&#8221;4_4&#8243; _builder_version=&#8221;4.16&#8243; _module_preset=&#8221;default&#8221; global_colors_info=&#8221;{}&#8221;][et_pb_text _builder_version=&#8221;4.24.0&#8243; _module_preset=&#8221;default&#8221; global_colors_info=&#8221;{}&#8221;]<\/p>\n<h2 style=\"text-align: left;\">Ce face ALTO?<\/h2>\n<ul>\n<li style=\"list-style-type: none;\">\n<ul>\n<li>Con\u021bine con\u021binutul unei singure pagini<\/li>\n<li>Descrie aspectul unei pagini imprimate pentru a reconstrui pagina original\u0103<\/li>\n<li>Descrie stilurile, aspectul \u0219i informa\u021biile despre tipul de bloc<\/li>\n<li>Poate con\u021bine etichete care con\u021bin mai multe informa\u021bii despre con\u021binut (de exemplu, entit\u0103\u021bi numite)<\/li>\n<\/ul>\n<\/li>\n<\/ul>\n<p>[\/et_pb_text][\/et_pb_column][\/et_pb_row][et_pb_row _builder_version=&#8221;4.16&#8243; _module_preset=&#8221;default&#8221; global_colors_info=&#8221;{}&#8221;][et_pb_column type=&#8221;4_4&#8243; _builder_version=&#8221;4.16&#8243; _module_preset=&#8221;default&#8221; global_colors_info=&#8221;{}&#8221;][et_pb_text _builder_version=&#8221;4.24.0&#8243; _module_preset=&#8221;default&#8221; hover_enabled=&#8221;0&#8243; global_colors_info=&#8221;{}&#8221; sticky_enabled=&#8221;0&#8243;]<\/p>\n<h2 style=\"text-align: left;\">Cum arat\u0103 un fi\u0219ier ALTO?<\/h2>\n<p>ALTO XML detaliaz\u0103 metadatele tehnice pentru descrierea aspectului \u0219i con\u021binutului resurselor fizice de text, cum ar fi paginile unei c\u0103r\u021bi sau ale unui ziar. Fi\u0219ierele ALTO au de obicei 3 sec\u021biuni:<\/p>\n<h3>1. Descriere<\/h3>\n<p style=\"padding-left: 40px;\">Aceast\u0103 sec\u021biune con\u021bine informa\u021bii tehnice referitoare la fi\u0219ierul ALTO, cum ar fi o defini\u021bie a unit\u0103\u021bii de m\u0103sur\u0103 utilizate \u0219i informa\u021bii despre software-ul OCR utilizat.<\/p>\n<h3>2. Stiluri<\/h3>\n<p style=\"padding-left: 40px;\">Aceast\u0103 sec\u021biune colecteaz\u0103 informa\u021bii despre stilul de machet\u0103 al paginii descrise. Informa\u021biile tipice sunt familia de fonturi, stilul \u0219i dimensiunea, spa\u021bierea \u0219i alinierea paragrafelor.<\/p>\n<h3>3. Aspect<\/h3>\n<p style=\"padding-left: 40px;\">Con\u021binutul de baz\u0103 al fi\u0219ierului alto este con\u021binut aici. Toate obiectele (cuvinte, linii, blocuri de text, imagini, tabele) ale paginii sunt listate aici cu coordonate \u0219i transcriere OCR acolo unde este cazul. Structura poate fi plan\u0103 sau mai complex\u0103 \u00een func\u021bie de tipul de material.<br \/>Versiunea ulterioar\u0103 a schemei ALTO ofer\u0103 suport pentru materiale scrise de m\u00e2n\u0103 \u0219i permite furnizarea mai multor rezultate ORC cu valori de probabilitate.<\/p>\n<p>Pentru mai multe detalii <a href=\"https:\/\/www.loc.gov\/standards\/alto\/techcenter\/structure.html\">, consulta\u021bi https:\/\/www.loc.gov\/standards\/alto\/techcenter\/structure.html<\/a> <\/p>\n<p>[\/et_pb_text][\/et_pb_column][\/et_pb_row][et_pb_row _builder_version=&#8221;4.24.0&#8243; _module_preset=&#8221;default&#8221; global_colors_info=&#8221;{}&#8221;][et_pb_column type=&#8221;4_4&#8243; _builder_version=&#8221;4.24.0&#8243; _module_preset=&#8221;default&#8221; global_colors_info=&#8221;{}&#8221;][et_pb_image src=&#8221;https:\/\/content-conversion.com\/wp-content\/uploads\/2024\/02\/ALTO.png&#8221; alt=&#8221;ALTO&#8221; title_text=&#8221;ALTO&#8221; align=&#8221;center&#8221; _builder_version=&#8221;4.24.0&#8243; _module_preset=&#8221;default&#8221; width=&#8221;50%&#8221; global_colors_info=&#8221;{}&#8221;][\/et_pb_image][\/et_pb_column][\/et_pb_row][et_pb_row _builder_version=&#8221;4.16&#8243; _module_preset=&#8221;default&#8221; global_colors_info=&#8221;{}&#8221;][et_pb_column type=&#8221;4_4&#8243; _builder_version=&#8221;4.16&#8243; _module_preset=&#8221;default&#8221; global_colors_info=&#8221;{}&#8221;][et_pb_text _builder_version=&#8221;4.24.0&#8243; _module_preset=&#8221;default&#8221; global_colors_info=&#8221;{}&#8221;]<\/p>\n<h2 style=\"text-align: left;\"><span>Cum colaboreaz\u0103 METS \u0219i ALTO<\/span><\/h2>\n<p style=\"padding-left: 40px;\">[\/et_pb_text][\/et_pb_column][\/et_pb_row][et_pb_row _builder_version=&#8221;4.24.0&#8243; _module_preset=&#8221;default&#8221; global_colors_info=&#8221;{}&#8221;][et_pb_column type=&#8221;4_4&#8243; _builder_version=&#8221;4.24.0&#8243; _module_preset=&#8221;default&#8221; global_colors_info=&#8221;{}&#8221;][et_pb_image src=&#8221;https:\/\/content-conversion.com\/wp-content\/uploads\/2024\/02\/METS_ALTO-1.png&#8221; alt=&#8221;Cum colaboreaz\u0103 METS \u0219i ALTO&#8221; title_text=&#8221;Cum colaboreaz\u0103 METS \u0219i ALTO&#8221; _builder_version=&#8221;4.24.0&#8243; _module_preset=&#8221;default&#8221; hover_enabled=&#8221;0&#8243; global_colors_info=&#8221;{}&#8221; sticky_enabled=&#8221;0&#8243;][\/et_pb_image][\/et_pb_column][\/et_pb_row][et_pb_row _builder_version=&#8221;4.16&#8243; _module_preset=&#8221;default&#8221; global_colors_info=&#8221;{}&#8221;][et_pb_column type=&#8221;4_4&#8243; _builder_version=&#8221;4.16&#8243; _module_preset=&#8221;default&#8221; global_colors_info=&#8221;{}&#8221;][et_pb_text _builder_version=&#8221;4.24.0&#8243; _module_preset=&#8221;default&#8221; custom_padding=&#8221;||0px|||&#8221; global_colors_info=&#8221;{}&#8221;]<\/p>\n<h2>Rezumat<\/h2>\n<h3>De ce a\u021bi folosi standardele XML?<\/h3>\n<ul>\n<li style=\"list-style-type: none;\">\n<ul>\n<li>Format XML complet documentat<\/li>\n<li>Poate fi utilizat de orice furnizor IT acum \u0219i \u00een viitor<\/li>\n<li>Poate fi transformat \u00een alte formate \u00een viitor (pentru conservarea pe termen lung)<\/li>\n<li>Lizibil de c\u0103tre oameni<\/li>\n<\/ul>\n<\/li>\n<\/ul>\n<h3>Care sunt beneficiile utiliz\u0103rii METS\/ALTO?<\/h3>\n<ul>\n<li style=\"list-style-type: none;\">\n<ul>\n<li>Standard deschis<\/li>\n<li>Utilizare gratuit\u0103 pentru toat\u0103 lumea<\/li>\n<li><span style=\"text-decoration: underline;\"><strong>Este standardul<\/strong>\n<p><\/span> industrial pentru digitalizare utilizat de sute de biblioteci \u0219i furnizori de con\u021binut<\/li>\n<li>Sustenabilitatea pe termen lung a obiectelor digitale este mult \u00eembun\u0103t\u0103\u021bit\u0103<\/li>\n<li>Accept\u0103 segmentarea articolelor \u0219i capitolelor<\/li>\n<li>Pute\u021bi manipula obiectele \u00eentr-un mod u\u0219or \u0219i le pute\u021bi schimba cu alte p\u0103r\u021bi<\/li>\n<li>Pute\u021bi crea PDF, EPUB, DAISY \u0219i alte formate din METS \/ ALTO<\/li>\n<\/ul>\n<\/li>\n<\/ul>\n<p>[\/et_pb_text][\/et_pb_column][\/et_pb_row][\/et_pb_section]<\/p>\n","protected":false},"excerpt":{"rendered":"<p>METS\/ALTO Introducere &nbsp;O scurt\u0103 introducere \u00een standardele METS \u0219i ALTO. Afla\u021bi la ce sunt utilizate fi\u0219ierele METS \u0219i ALTO, cum sunt structurate \u0219i cum se raporteaz\u0103.De ce a\u0219 folosi METS \u0219i ALTO? &#8222;Digitalizez o mul\u021bime de articole diferite \u0219i fiecare tip este digitalizat \u00eentr-un format diferit. Unele sunt Word, unele sunt PDF, unele sunt XML, [&hellip;]<\/p>\n","protected":false},"author":3,"featured_media":0,"parent":0,"menu_order":0,"comment_status":"closed","ping_status":"closed","template":"","meta":{"_et_pb_use_builder":"on","_et_pb_old_content":"","_et_gb_content_width":"","footnotes":""},"class_list":["post-7547","page","type-page","status-publish","hentry"],"_links":{"self":[{"href":"https:\/\/content-conversion.com\/ro\/wp-json\/wp\/v2\/pages\/7547","targetHints":{"allow":["GET"]}}],"collection":[{"href":"https:\/\/content-conversion.com\/ro\/wp-json\/wp\/v2\/pages"}],"about":[{"href":"https:\/\/content-conversion.com\/ro\/wp-json\/wp\/v2\/types\/page"}],"author":[{"embeddable":true,"href":"https:\/\/content-conversion.com\/ro\/wp-json\/wp\/v2\/users\/3"}],"replies":[{"embeddable":true,"href":"https:\/\/content-conversion.com\/ro\/wp-json\/wp\/v2\/comments?post=7547"}],"version-history":[{"count":6,"href":"https:\/\/content-conversion.com\/ro\/wp-json\/wp\/v2\/pages\/7547\/revisions"}],"predecessor-version":[{"id":7553,"href":"https:\/\/content-conversion.com\/ro\/wp-json\/wp\/v2\/pages\/7547\/revisions\/7553"}],"wp:attachment":[{"href":"https:\/\/content-conversion.com\/ro\/wp-json\/wp\/v2\/media?parent=7547"}],"curies":[{"name":"wp","href":"https:\/\/api.w.org\/{rel}","templated":true}]}}