{"id":5126,"date":"2020-09-23T10:10:43","date_gmt":"2020-09-23T08:10:43","guid":{"rendered":"https:\/\/content-conversion.com\/itemtracking\/"},"modified":"2020-09-23T10:12:28","modified_gmt":"2020-09-23T08:12:28","slug":"itemtracking","status":"publish","type":"page","link":"https:\/\/content-conversion.com\/ro\/software\/itemtracking\/","title":{"rendered":"itemTracking"},"content":{"rendered":"<p>[et_pb_section fb_built=&#8221;1&#8243; _builder_version=&#8221;4.4.2&#8243; background_color_gradient_direction=&#8221;182deg&#8221; background_enable_image=&#8221;off&#8221; parallax=&#8221;on&#8221; custom_padding=&#8221;10px||10px||false|false&#8221; animation_style=&#8221;fade&#8221; animation_direction=&#8221;right&#8221; background_last_edited=&#8221;off|desktop&#8221; background_enable_color_phone=&#8221;off&#8221; background_blend_phone=&#8221;normal&#8221; border_color_top=&#8221;#1e69ae&#8221; border_color_bottom=&#8221;#1e69ae&#8221;][et_pb_row _builder_version=&#8221;4.4.1&#8243;][et_pb_column type=&#8221;4_4&#8243; _builder_version=&#8221;3.25&#8243; custom_padding=&#8221;|||&#8221; custom_padding__hover=&#8221;|||&#8221;][et_pb_text _builder_version=&#8221;4.4.2&#8243; header_font=&#8221;||||||||&#8221; header_text_color=&#8221;#666666&#8243; header_font_size=&#8221;70px&#8221; header_letter_spacing=&#8221;1px&#8221; max_width=&#8221;100%&#8221; animation_style=&#8221;slide&#8221; animation_direction=&#8221;left&#8221; header_font_tablet=&#8221;&#8221; header_font_phone=&#8221;||||||||&#8221; header_font_last_edited=&#8221;on|phone&#8221; header_font_size_phone=&#8221;50px&#8221; locked=&#8221;off&#8221;]<\/p>\n<h1>itemTracking<\/h1>\n<p>[\/et_pb_text][\/et_pb_column][\/et_pb_row][\/et_pb_section][et_pb_section fb_built=&#8221;1&#8243; admin_label=&#8221;Split Section&#8221; _builder_version=&#8221;4.4.1&#8243; background_color=&#8221;#a6a6a6&#8243; custom_padding=&#8221;0px||0px|&#8221; top_divider_color=&#8221;#a6a6a6&#8243; top_divider_height=&#8221;75px&#8221; top_divider_flip=&#8221;horizontal&#8221; top_divider_arrangement=&#8221;above_content&#8221; bottom_divider_color=&#8221;#a6a6a6&#8243; bottom_divider_height=&#8221;75px&#8221; bottom_divider_flip=&#8221;horizontal&#8221; bottom_divider_arrangement=&#8221;above_content&#8221; animation_direction=&#8221;left&#8221; border_color_top=&#8221;#1e69ae&#8221; border_color_bottom=&#8221;#a6a6a6&#8243; locked=&#8221;off&#8221;][et_pb_row column_structure=&#8221;2_5,3_5&#8243; use_custom_gutter=&#8221;on&#8221; gutter_width=&#8221;1&#8243; make_equal=&#8221;on&#8221; module_class=&#8221; et_pb_row_fullwidth&#8221; _builder_version=&#8221;4.4.4&#8243; background_size=&#8221;initial&#8221; background_position=&#8221;top_left&#8221; background_repeat=&#8221;repeat&#8221; width=&#8221;100%&#8221; width_tablet=&#8221;100%&#8221; width_phone=&#8221;&#8221; width_last_edited=&#8221;on|desktop&#8221; max_width=&#8221;100%&#8221; max_width_tablet=&#8221;100%&#8221; max_width_phone=&#8221;&#8221; max_width_last_edited=&#8221;on|desktop&#8221; custom_margin=&#8221;|||&#8221; custom_padding=&#8221;0px||0px|&#8221; make_fullwidth=&#8221;on&#8221;][et_pb_column type=&#8221;2_5&#8243; _builder_version=&#8221;4.4.4&#8243; background_image=&#8221;https:\/\/content-conversion.com\/wp-content\/uploads\/2020\/04\/itemtracking.jpg&#8221; background_position=&#8221;top_left&#8221; custom_padding=&#8221;|||&#8221; animation_style=&#8221;slide&#8221; animation_direction=&#8221;left&#8221; custom_padding__hover=&#8221;|||&#8221;][et_pb_divider show_divider=&#8221;off&#8221; _builder_version=&#8221;4.4.1&#8243; custom_margin=&#8221;||110px|||&#8221; custom_padding=&#8221;||150px|||&#8221;][\/et_pb_divider][\/et_pb_column][et_pb_column type=&#8221;3_5&#8243; _builder_version=&#8221;4.4.2&#8243; background_color=&#8221;#919191&#8243; background_position=&#8221;top_left&#8221; custom_padding=&#8221;5%|16%|5%|5%|false|false&#8221; custom_padding_tablet=&#8221;&#8221; custom_padding_phone=&#8221;80px|10%|80px|10%&#8221; custom_padding_last_edited=&#8221;on|desktop&#8221; animation_style=&#8221;slide&#8221; animation_direction=&#8221;right&#8221; custom_padding__hover=&#8221;|||&#8221;][et_pb_text _builder_version=&#8221;4.6.3&#8243; text_font=&#8221;Open Sans Condensed||||||||&#8221; text_text_color=&#8221;#ffffff&#8221; text_font_size=&#8221;26px&#8221; text_letter_spacing=&#8221;1px&#8221; text_line_height=&#8221;1.4em&#8221; max_width=&#8221;750px&#8221; module_alignment=&#8221;center&#8221; animation_style=&#8221;slide&#8221; animation_direction=&#8221;right&#8221; hover_enabled=&#8221;0&#8243; sticky_enabled=&#8221;0&#8243;]<\/p>\n<p>Gestiona\u021bi, monitoriza\u021bi \u0219i analiza\u021bi proiectele de digitalizare \u00een mas\u0103 din orice loca\u021bie \u0219i \u00een orice moment, cu ajutorul modulului de urm\u0103rire \u0219i monitorizare.<\/p>\n<p>Fiecare document are asociat un cod de bare, care permite urm\u0103rirea complet\u0103 a acestuia: unde se afl\u0103 documentul, care este starea de conversie a materialului digitizat, etc. itemTracking poate fi accesat de pe orice computer conectat la internet.<\/p>\n<p>[\/et_pb_text][\/et_pb_column][\/et_pb_row][\/et_pb_section]<\/p>\n","protected":false},"excerpt":{"rendered":"<p>itemTrackingGestiona\u021bi, monitoriza\u021bi \u0219i analiza\u021bi proiectele de digitalizare \u00een mas\u0103 din orice loca\u021bie \u0219i \u00een orice moment, cu ajutorul modulului de urm\u0103rire \u0219i monitorizare. Fiecare document are asociat un cod de bare, care permite urm\u0103rirea complet\u0103 a acestuia: unde se afl\u0103 documentul, care este starea de conversie a materialului digitizat, etc. itemTracking poate fi accesat de [&hellip;]<\/p>\n","protected":false},"author":3,"featured_media":0,"parent":5166,"menu_order":0,"comment_status":"closed","ping_status":"closed","template":"","meta":{"_et_pb_use_builder":"on","_et_pb_old_content":"","_et_gb_content_width":"","footnotes":""},"class_list":["post-5126","page","type-page","status-publish","hentry"],"_links":{"self":[{"href":"https:\/\/content-conversion.com\/ro\/wp-json\/wp\/v2\/pages\/5126","targetHints":{"allow":["GET"]}}],"collection":[{"href":"https:\/\/content-conversion.com\/ro\/wp-json\/wp\/v2\/pages"}],"about":[{"href":"https:\/\/content-conversion.com\/ro\/wp-json\/wp\/v2\/types\/page"}],"author":[{"embeddable":true,"href":"https:\/\/content-conversion.com\/ro\/wp-json\/wp\/v2\/users\/3"}],"replies":[{"embeddable":true,"href":"https:\/\/content-conversion.com\/ro\/wp-json\/wp\/v2\/comments?post=5126"}],"version-history":[{"count":6,"href":"https:\/\/content-conversion.com\/ro\/wp-json\/wp\/v2\/pages\/5126\/revisions"}],"predecessor-version":[{"id":5133,"href":"https:\/\/content-conversion.com\/ro\/wp-json\/wp\/v2\/pages\/5126\/revisions\/5133"}],"up":[{"embeddable":true,"href":"https:\/\/content-conversion.com\/ro\/wp-json\/wp\/v2\/pages\/5166"}],"wp:attachment":[{"href":"https:\/\/content-conversion.com\/ro\/wp-json\/wp\/v2\/media?parent=5126"}],"curies":[{"name":"wp","href":"https:\/\/api.w.org\/{rel}","templated":true}]}}