{"id":5097,"date":"2020-09-22T16:07:54","date_gmt":"2020-09-22T14:07:54","guid":{"rendered":"https:\/\/content-conversion.com\/validator\/"},"modified":"2024-04-04T10:16:53","modified_gmt":"2024-04-04T08:16:53","slug":"validator","status":"publish","type":"page","link":"https:\/\/content-conversion.com\/ro\/software\/validator\/","title":{"rendered":"Validator"},"content":{"rendered":"<p>[et_pb_section fb_built=&#8221;1&#8243; _builder_version=&#8221;4.16&#8243; background_color_gradient_direction=&#8221;182deg&#8221; background_enable_image=&#8221;off&#8221; parallax=&#8221;on&#8221; custom_padding=&#8221;10px||10px||false|false&#8221; animation_style=&#8221;fade&#8221; animation_direction=&#8221;right&#8221; background_last_edited=&#8221;off|desktop&#8221; background_enable_color_phone=&#8221;off&#8221; background_blend_phone=&#8221;normal&#8221; border_color_top=&#8221;#1e69ae&#8221; border_color_bottom=&#8221;#1e69ae&#8221; global_colors_info=&#8221;{}&#8221;][et_pb_row _builder_version=&#8221;4.16&#8243; global_colors_info=&#8221;{}&#8221;][et_pb_column type=&#8221;4_4&#8243; _builder_version=&#8221;4.16&#8243; custom_padding=&#8221;|||&#8221; global_colors_info=&#8221;{}&#8221; custom_padding__hover=&#8221;|||&#8221;][et_pb_text _builder_version=&#8221;4.16&#8243; header_font=&#8221;||||||||&#8221; header_text_color=&#8221;#666666&#8243; header_font_size=&#8221;70px&#8221; header_letter_spacing=&#8221;1px&#8221; max_width=&#8221;100%&#8221; animation_style=&#8221;slide&#8221; animation_direction=&#8221;left&#8221; header_font_tablet=&#8221;&#8221; header_font_phone=&#8221;||||||||&#8221; header_font_last_edited=&#8221;on|phone&#8221; header_font_size_phone=&#8221;50px&#8221; locked=&#8221;off&#8221; global_colors_info=&#8221;{}&#8221;]<\/p>\n<h1>Validator<\/h1>\n<p>[\/et_pb_text][\/et_pb_column][\/et_pb_row][\/et_pb_section][et_pb_section fb_built=&#8221;1&#8243; _builder_version=&#8221;4.16&#8243; background_color=&#8221;#919191&#8243; background_enable_image=&#8221;off&#8221; parallax=&#8221;on&#8221; custom_padding=&#8221;15px||60px||false|false&#8221; animation_style=&#8221;fade&#8221; animation_direction=&#8221;right&#8221; background_last_edited=&#8221;off|desktop&#8221; background_enable_color_phone=&#8221;off&#8221; background_blend_phone=&#8221;normal&#8221; border_color_top=&#8221;#1e69ae&#8221; border_color_bottom=&#8221;#1e69ae&#8221; global_colors_info=&#8221;{}&#8221;][et_pb_row _builder_version=&#8221;4.16&#8243; global_colors_info=&#8221;{}&#8221;][et_pb_column type=&#8221;4_4&#8243; _builder_version=&#8221;4.16&#8243; custom_padding=&#8221;|||&#8221; global_colors_info=&#8221;{}&#8221; custom_padding__hover=&#8221;|||&#8221;][et_pb_text _builder_version=&#8221;4.16&#8243; text_font=&#8221;Open Sans Condensed||||||||&#8221; text_text_color=&#8221;#ffffff&#8221; text_font_size=&#8221;26px&#8221; text_letter_spacing=&#8221;1px&#8221; text_line_height=&#8221;1.4em&#8221; text_orientation=&#8221;center&#8221; max_width=&#8221;750px&#8221; module_alignment=&#8221;center&#8221; animation_style=&#8221;slide&#8221; animation_direction=&#8221;right&#8221; global_colors_info=&#8221;{}&#8221;]<\/p>\n<p>Solu\u021bia noastr\u0103 de asigurare a calit\u0103\u021bii v\u0103 ofer\u0103 un instrument fiabil \u0219i precis pentru verificarea automat\u0103 a obiectelor digitale (at\u00e2t de input, c\u00e2t \u0219i de output, imagini c\u00e2t \u0219i METS\/ALTO sau alte derivative). Validatorul este utilizat at\u00e2t ca solu\u021bie de sine st\u0103t\u0103toare, c\u00e2t \u0219i \u00een combina\u021bie cu solu\u021bia noastr\u0103 docWizz.<\/p>\n<p>[\/et_pb_text][et_pb_button button_url=&#8221;https:\/\/redir2.content-conversion.com\/ValidatorFlyer\/&#8221; url_new_window=&#8221;on&#8221; button_text=&#8221;Descarc\u0103 flyer (PDF, englez\u0103)&#8221; button_alignment=&#8221;center&#8221; _builder_version=&#8221;4.24.3&#8243; custom_button=&#8221;on&#8221; button_text_color=&#8221;#ffffff&#8221; button_bg_color=&#8221;#919191&#8243; button_border_width=&#8221;1px&#8221; button_border_radius=&#8221;18px&#8221; button_letter_spacing=&#8221;1px&#8221; button_font=&#8221;Open Sans Condensed|||on|||||&#8221; button_icon=&#8221;&#x68;||divi||400&#8243; button_icon_color=&#8221;#ffffff&#8221; animation_style=&#8221;slide&#8221; animation_direction=&#8221;left&#8221; hover_enabled=&#8221;0&#8243; global_colors_info=&#8221;{}&#8221; sticky_enabled=&#8221;0&#8243;][\/et_pb_button][\/et_pb_column][\/et_pb_row][\/et_pb_section][et_pb_section fb_built=&#8221;1&#8243; _builder_version=&#8221;4.16&#8243; background_color=&#8221;rgba(0,0,0,0)&#8221; background_enable_image=&#8221;off&#8221; parallax=&#8221;on&#8221; custom_margin=&#8221;-60px||30px||false|false&#8221; custom_padding=&#8221;0px||0px||false|false&#8221; animation_style=&#8221;fade&#8221; animation_direction=&#8221;right&#8221; background_last_edited=&#8221;off|desktop&#8221; background_enable_color_phone=&#8221;off&#8221; background_blend_phone=&#8221;normal&#8221; border_color_top=&#8221;#1e69ae&#8221; border_color_bottom=&#8221;#1e69ae&#8221; global_colors_info=&#8221;{}&#8221;][et_pb_row column_structure=&#8221;1_2,1_2&#8243; admin_label=&#8221;Services&#8221; _builder_version=&#8221;4.16&#8243; global_colors_info=&#8221;{}&#8221;][et_pb_column type=&#8221;1_2&#8243; _builder_version=&#8221;4.16&#8243; custom_padding=&#8221;|||&#8221; global_colors_info=&#8221;{}&#8221; custom_padding__hover=&#8221;|||&#8221;][et_pb_blurb title=&#8221;Validare&#8221; use_icon=&#8221;on&#8221; font_icon=&#8221;&#x4e;||divi||400&#8243; icon_color=&#8221;#ffffff&#8221; image_icon_width=&#8221;50px&#8221; _builder_version=&#8221;4.16&#8243; header_font=&#8221;Open Sans Condensed|700|||||||&#8221; header_text_color=&#8221;#ffffff&#8221; header_font_size=&#8221;20px&#8221; body_font=&#8221;Open Sans|600|||||||&#8221; body_text_color=&#8221;#ffffff&#8221; body_font_size=&#8221;14px&#8221; body_link_font=&#8221;||||on||||solid&#8221; body_link_text_color=&#8221;#ffffff&#8221; background_color=&#8221;#1e69ae&#8221; background_size=&#8221;initial&#8221; background_position=&#8221;top_left&#8221; background_repeat=&#8221;repeat&#8221; text_orientation=&#8221;center&#8221; custom_padding=&#8221;30px|30px|30px|30px|true|true&#8221; animation_style=&#8221;zoom&#8221; border_radii=&#8221;on|18px|18px|18px|18px&#8221; border_width_all=&#8221;0px&#8221; border_color_all=&#8221;#1e69ae&#8221; border_style_all=&#8221;solid&#8221; use_border_color=&#8221;on&#8221; border_color=&#8221;#dddddd&#8221; icon_font_size=&#8221;50px&#8221; global_colors_info=&#8221;{}&#8221;]Validatorul verific\u0103 <em>automat<\/em> dac\u0103 materialul digitalizat respect\u0103 standardele stabilite. De exemplu, dac\u0103 fi\u0219ierele XML sunt conforme cu o anumit\u0103 schem\u0103, fi\u0219ierele imagine au compresia corect\u0103 sau metadata este consistent\u0103. \u00cen acela\u0219i timp, aplica\u021bia recomand\u0103 e\u0219antioane aleatorii pentru verificarea manual\u0103 a OCR-ului, a calit\u0103\u021bii imaginilor precum \u0219i a segment\u0103rii\/structurii.[\/et_pb_blurb][\/et_pb_column][et_pb_column type=&#8221;1_2&#8243; _builder_version=&#8221;4.16&#8243; global_colors_info=&#8221;{}&#8221;][et_pb_blurb title=&#8221;Rapoarte&#8221; use_icon=&#8221;on&#8221; font_icon=&#8221;&#xe0e9;||divi||400&#8243; icon_color=&#8221;#ffffff&#8221; image_icon_width=&#8221;50px&#8221; _builder_version=&#8221;4.16&#8243; header_font=&#8221;Open Sans Condensed|700|||||||&#8221; header_text_color=&#8221;#ffffff&#8221; header_font_size=&#8221;20px&#8221; body_font=&#8221;Open Sans|600|||||||&#8221; body_text_color=&#8221;#ffffff&#8221; body_font_size=&#8221;14px&#8221; body_link_font=&#8221;||||on||||solid&#8221; body_link_text_color=&#8221;#ffffff&#8221; background_color=&#8221;#21a0d1&#8243; background_size=&#8221;initial&#8221; background_position=&#8221;top_left&#8221; background_repeat=&#8221;repeat&#8221; text_orientation=&#8221;center&#8221; custom_padding=&#8221;30px|30px|30px|30px|true|true&#8221; animation_style=&#8221;zoom&#8221; border_radii=&#8221;on|18px|18px|18px|18px&#8221; border_width_all=&#8221;0px&#8221; border_color_all=&#8221;#1e69ae&#8221; border_style_all=&#8221;solid&#8221; use_border_color=&#8221;on&#8221; border_color=&#8221;#dddddd&#8221; icon_font_size=&#8221;50px&#8221; global_colors_info=&#8221;{}&#8221;]Utiliza\u021bi Validator-ul pentru a v\u0103 organiza proiectele \u00een func\u021bie de specifica\u021bie \u0219i scala\u021bi procesul de validare distribuindu-l pe mai multe servere de procesare, \u00een func\u021bie de necesit\u0103\u021bi. Rezultatele valid\u0103rii (la nivel de batch, document sau fi\u0219ier) sunt generate ca raport detaliat \u00een format HTML\/XML\/PDF\/CSV\/Excel, ce poate fi trimis ca feedback. Astfel pute\u021bi s\u0103 v\u0103 asigura\u021bi standardele de calitate pentru proiectele dvs. \u00eentr-un mod eficient din punct de vedere al costurilor.[\/et_pb_blurb][\/et_pb_column][\/et_pb_row][\/et_pb_section][et_pb_section fb_built=&#8221;1&#8243; admin_label=&#8221;Split Section&#8221; _builder_version=&#8221;4.16&#8243; background_color=&#8221;#919191&#8243; custom_padding=&#8221;0px||0px|&#8221; top_divider_color=&#8221;#a6a6a6&#8243; top_divider_height=&#8221;75px&#8221; top_divider_flip=&#8221;horizontal&#8221; top_divider_arrangement=&#8221;above_content&#8221; bottom_divider_color=&#8221;#a6a6a6&#8243; bottom_divider_height=&#8221;75px&#8221; bottom_divider_flip=&#8221;horizontal&#8221; bottom_divider_arrangement=&#8221;above_content&#8221; animation_direction=&#8221;left&#8221; border_color_top=&#8221;#1e69ae&#8221; border_color_bottom=&#8221;#a6a6a6&#8243; locked=&#8221;off&#8221; global_colors_info=&#8221;{}&#8221;][et_pb_row column_structure=&#8221;1_2,1_2&#8243; use_custom_gutter=&#8221;on&#8221; gutter_width=&#8221;1&#8243; make_equal=&#8221;on&#8221; module_class=&#8221; et_pb_row_fullwidth&#8221; _builder_version=&#8221;4.16&#8243; background_size=&#8221;initial&#8221; background_position=&#8221;top_left&#8221; background_repeat=&#8221;repeat&#8221; width=&#8221;100%&#8221; width_tablet=&#8221;100%&#8221; width_phone=&#8221;&#8221; width_last_edited=&#8221;on|desktop&#8221; max_width=&#8221;100%&#8221; max_width_tablet=&#8221;100%&#8221; max_width_phone=&#8221;&#8221; max_width_last_edited=&#8221;on|desktop&#8221; custom_margin=&#8221;|||&#8221; custom_padding=&#8221;0px||0px|&#8221; make_fullwidth=&#8221;on&#8221; global_colors_info=&#8221;{}&#8221;][et_pb_column type=&#8221;1_2&#8243; _builder_version=&#8221;4.16&#8243; background_image=&#8221;https:\/\/content-conversion.com\/wp-content\/uploads\/2020\/06\/validator-software-3.jpg&#8221; custom_padding=&#8221;|||&#8221; animation_style=&#8221;slide&#8221; animation_direction=&#8221;left&#8221; animation_direction_tablet=&#8221;&#8221; animation_direction_phone=&#8221;right&#8221; animation_direction_last_edited=&#8221;on|phone&#8221; global_colors_info=&#8221;{}&#8221; custom_padding__hover=&#8221;|||&#8221;][et_pb_divider show_divider=&#8221;off&#8221; _builder_version=&#8221;4.16&#8243; height=&#8221;165px&#8221; height_tablet=&#8221;550px&#8221; height_phone=&#8221;520px&#8221; height_last_edited=&#8221;on|phone&#8221; custom_margin=&#8221;||||false|false&#8221; custom_padding=&#8221;||||false|false&#8221; global_colors_info=&#8221;{}&#8221;][\/et_pb_divider][\/et_pb_column][et_pb_column type=&#8221;1_2&#8243; _builder_version=&#8221;4.16&#8243; background_color=&#8221;#919191&#8243; background_position=&#8221;top_left&#8221; custom_padding=&#8221;30px|12%|30px|5%|true|false&#8221; custom_padding_tablet=&#8221;|5%||5%|false|false&#8221; custom_padding_phone=&#8221;50px|10%|50px|10%|false|false&#8221; custom_padding_last_edited=&#8221;on|phone&#8221; animation_style=&#8221;slide&#8221; animation_direction=&#8221;right&#8221; animation_direction_tablet=&#8221;&#8221; animation_direction_phone=&#8221;left&#8221; animation_direction_last_edited=&#8221;on|phone&#8221; global_colors_info=&#8221;{}&#8221; custom_padding__hover=&#8221;|||&#8221;][et_pb_blurb title=&#8221;1. Configurare&#8221; use_icon=&#8221;on&#8221; font_icon=&#8221;&#x66;||divi||400&#8243; icon_color=&#8221;#ffffff&#8221; icon_placement=&#8221;left&#8221; _builder_version=&#8221;4.16&#8243; header_font=&#8221;|on|||&#8221; header_text_color=&#8221;#ffffff&#8221; body_font=&#8221;|600|||||||&#8221; body_text_color=&#8221;#ffffff&#8221; body_font_size=&#8221;14px&#8221; custom_margin=&#8221;||0px|&#8221; custom_padding=&#8221;20px||20px|&#8221; animation_style=&#8221;zoom&#8221; animation_direction=&#8221;left&#8221; animation_intensity_zoom=&#8221;10%&#8221; border_width_all=&#8221;0px&#8221; border_color_all=&#8221;#1e69ae&#8221; border_style_all=&#8221;solid&#8221; locked=&#8221;off&#8221; global_colors_info=&#8221;{}&#8221;]Specifica\u021bi ce teste automate dori\u021bi s\u0103 rula\u021bi \u0219i regulile pentru selec\u021bia e\u0219antionului de date pentru verific\u0103rile manuale.[\/et_pb_blurb][et_pb_blurb title=&#8221;2. Import&#8221; use_icon=&#8221;on&#8221; font_icon=&#8221;&#xe05e;||divi||400&#8243; icon_color=&#8221;#ffffff&#8221; icon_placement=&#8221;left&#8221; _builder_version=&#8221;4.16&#8243; header_font=&#8221;|on|||&#8221; header_text_color=&#8221;#ffffff&#8221; body_font=&#8221;|600|||||||&#8221; body_text_color=&#8221;#ffffff&#8221; body_font_size=&#8221;14px&#8221; custom_margin=&#8221;||0px|&#8221; custom_padding=&#8221;20px||20px|&#8221; animation_style=&#8221;zoom&#8221; animation_direction=&#8221;left&#8221; animation_intensity_zoom=&#8221;10%&#8221; border_width_all=&#8221;0px&#8221; border_color_all=&#8221;#1e69ae&#8221; border_style_all=&#8221;solid&#8221; locked=&#8221;off&#8221; global_colors_info=&#8221;{}&#8221;]<\/p>\n<p>Importa\u021bi datele manual cu un simplu click sau seta\u021bi un proces automat de import pe m\u0103sur\u0103 ce noi date sunt disponibile. Datele pot proveni de la furnizorii dumneavoastr\u0103 de servicii de digitizare sau de la proiectele derulate \u201cin house\u201d.<\/p>\n<p>[\/et_pb_blurb][et_pb_blurb title=&#8221;3. Verific\u0103ri automate&#8221; use_icon=&#8221;on&#8221; font_icon=&#8221;&#x5a;||divi||400&#8243; icon_color=&#8221;#ffffff&#8221; icon_placement=&#8221;left&#8221; _builder_version=&#8221;4.16&#8243; header_font=&#8221;|on|||&#8221; header_text_color=&#8221;#ffffff&#8221; body_font=&#8221;|600|||||||&#8221; body_text_color=&#8221;#ffffff&#8221; body_font_size=&#8221;14px&#8221; custom_margin=&#8221;||0px|&#8221; custom_padding=&#8221;20px||20px|&#8221; animation_style=&#8221;zoom&#8221; animation_direction=&#8221;left&#8221; animation_intensity_zoom=&#8221;10%&#8221; border_width_all=&#8221;0px&#8221; border_color_all=&#8221;#1e69ae&#8221; border_style_all=&#8221;solid&#8221; locked=&#8221;off&#8221; global_colors_info=&#8221;{}&#8221;]Propriet\u0103\u021bile m\u0103surabile de tipul rezolu\u021bie imagine, profil culoare, reguli nume fi\u0219iere, validare schem\u0103 xml, etc. sunt verificate \u00een mod automat.[\/et_pb_blurb][et_pb_blurb title=&#8221;4. Verific\u0103ri manuale&#8221; use_icon=&#8221;on&#8221; font_icon=&#8221;&#x6c;||divi||400&#8243; icon_color=&#8221;#ffffff&#8221; icon_placement=&#8221;left&#8221; _builder_version=&#8221;4.16&#8243; header_font=&#8221;|on|||&#8221; header_text_color=&#8221;#ffffff&#8221; body_font=&#8221;|600|||||||&#8221; body_text_color=&#8221;#ffffff&#8221; body_font_size=&#8221;14px&#8221; custom_margin=&#8221;||0px|&#8221; custom_padding=&#8221;20px||20px|&#8221; animation_style=&#8221;zoom&#8221; animation_direction=&#8221;left&#8221; animation_intensity_zoom=&#8221;10%&#8221; locked=&#8221;off&#8221; global_colors_info=&#8221;{}&#8221;]Un set reprezentativ de documente este selectat pentru validare manual\u0103 (verificare calitate text, verificare calitate scanare, verificare segmentare, etc.).[\/et_pb_blurb][et_pb_blurb title=&#8221;5. Rapoarte&#8221; use_icon=&#8221;on&#8221; font_icon=&#8221;&#xe0ec;||divi||400&#8243; icon_color=&#8221;#ffffff&#8221; icon_placement=&#8221;left&#8221; _builder_version=&#8221;4.16&#8243; header_font=&#8221;|on|||&#8221; header_text_color=&#8221;#ffffff&#8221; body_font=&#8221;|600|||||||&#8221; body_text_color=&#8221;#ffffff&#8221; body_font_size=&#8221;14px&#8221; custom_margin=&#8221;||0px|&#8221; custom_padding=&#8221;20px||20px|&#8221; animation_style=&#8221;zoom&#8221; animation_direction=&#8221;left&#8221; animation_intensity_zoom=&#8221;10%&#8221; locked=&#8221;off&#8221; global_colors_info=&#8221;{}&#8221;]<\/p>\n<p>Un raport detaliat cu rezultatele valid\u0103rii (at\u00e2t automate c\u00e2t \u0219i manuale) este generat \u00een formatul dorit: HTML\/XML\/PDF\/CSV\/Excel.<\/p>\n<p>[\/et_pb_blurb][\/et_pb_column][\/et_pb_row][\/et_pb_section][et_pb_section fb_built=&#8221;1&#8243; _builder_version=&#8221;4.16&#8243; custom_padding=&#8221;45px||0px||false|false&#8221; global_colors_info=&#8221;{}&#8221;][et_pb_row _builder_version=&#8221;4.16&#8243; global_colors_info=&#8221;{}&#8221;][et_pb_column type=&#8221;4_4&#8243; _builder_version=&#8221;4.16&#8243; global_colors_info=&#8221;{}&#8221;][et_pb_gallery gallery_ids=&#8221;3211,3215,3227,3235,3243,3271,3275&#8243; fullwidth=&#8221;on&#8221; _builder_version=&#8221;4.16&#8243; title_font=&#8221;|600|||||||&#8221; title_text_color=&#8221;#21a0d1&#8243; caption_text_align=&#8221;center&#8221; pagination_text_color=&#8221;#21a0d1&#8243; background_enable_color=&#8221;off&#8221; animation_style=&#8221;slide&#8221; animation_direction=&#8221;left&#8221; auto=&#8221;on&#8221; box_shadow_style=&#8221;preset2&#8243; global_colors_info=&#8221;{}&#8221;][\/et_pb_gallery][\/et_pb_column][\/et_pb_row][\/et_pb_section][et_pb_section fb_built=&#8221;1&#8243; _builder_version=&#8221;4.16&#8243; background_enable_image=&#8221;off&#8221; parallax=&#8221;on&#8221; custom_padding=&#8221;15px||15px||false|false&#8221; animation_style=&#8221;fade&#8221; animation_direction=&#8221;right&#8221; background_last_edited=&#8221;off|desktop&#8221; background_enable_color_phone=&#8221;off&#8221; background_blend_phone=&#8221;normal&#8221; border_color_top=&#8221;#1e69ae&#8221; border_color_bottom=&#8221;#1e69ae&#8221; global_colors_info=&#8221;{}&#8221;][et_pb_row _builder_version=&#8221;4.16&#8243; global_colors_info=&#8221;{}&#8221;][et_pb_column type=&#8221;4_4&#8243; _builder_version=&#8221;4.16&#8243; custom_padding=&#8221;|||&#8221; global_colors_info=&#8221;{}&#8221; custom_padding__hover=&#8221;|||&#8221;][et_pb_text _builder_version=&#8221;4.16&#8243; text_font=&#8221;Open Sans Condensed||||||||&#8221; text_font_size=&#8221;26px&#8221; text_letter_spacing=&#8221;1px&#8221; text_line_height=&#8221;1.4em&#8221; text_orientation=&#8221;center&#8221; max_width=&#8221;750px&#8221; module_alignment=&#8221;center&#8221; global_colors_info=&#8221;{}&#8221;]\u201cValidator helps us to easily determine if data from digitized material is delivered according to our standards. By using different colors when working with article segmentation, checking the layout of a page is easy and efficient. The automatic validation is great because it takes away most of the need to create custom scripts to validate XML files with (multiple) schemas, check specific fields that are important to us, or cross-check data between files.\u201d<br \/>\n<em>Thomas Haighton, National Library of the Netherlands<\/em>[\/et_pb_text][\/et_pb_column][\/et_pb_row][\/et_pb_section]<\/p>\n","protected":false},"excerpt":{"rendered":"<p>ValidatorSolu\u021bia noastr\u0103 de asigurare a calit\u0103\u021bii v\u0103 ofer\u0103 un instrument fiabil \u0219i precis pentru verificarea automat\u0103 a obiectelor digitale (at\u00e2t de input, c\u00e2t \u0219i de output, imagini c\u00e2t \u0219i METS\/ALTO sau alte derivative). Validatorul este utilizat at\u00e2t ca solu\u021bie de sine st\u0103t\u0103toare, c\u00e2t \u0219i \u00een combina\u021bie cu solu\u021bia noastr\u0103 docWizz.Validatorul verific\u0103 automat dac\u0103 materialul digitalizat [&hellip;]<\/p>\n","protected":false},"author":3,"featured_media":0,"parent":5166,"menu_order":0,"comment_status":"closed","ping_status":"closed","template":"","meta":{"_et_pb_use_builder":"on","_et_pb_old_content":"","_et_gb_content_width":"","footnotes":""},"class_list":["post-5097","page","type-page","status-publish","hentry"],"_links":{"self":[{"href":"https:\/\/content-conversion.com\/ro\/wp-json\/wp\/v2\/pages\/5097","targetHints":{"allow":["GET"]}}],"collection":[{"href":"https:\/\/content-conversion.com\/ro\/wp-json\/wp\/v2\/pages"}],"about":[{"href":"https:\/\/content-conversion.com\/ro\/wp-json\/wp\/v2\/types\/page"}],"author":[{"embeddable":true,"href":"https:\/\/content-conversion.com\/ro\/wp-json\/wp\/v2\/users\/3"}],"replies":[{"embeddable":true,"href":"https:\/\/content-conversion.com\/ro\/wp-json\/wp\/v2\/comments?post=5097"}],"version-history":[{"count":13,"href":"https:\/\/content-conversion.com\/ro\/wp-json\/wp\/v2\/pages\/5097\/revisions"}],"predecessor-version":[{"id":7490,"href":"https:\/\/content-conversion.com\/ro\/wp-json\/wp\/v2\/pages\/5097\/revisions\/7490"}],"up":[{"embeddable":true,"href":"https:\/\/content-conversion.com\/ro\/wp-json\/wp\/v2\/pages\/5166"}],"wp:attachment":[{"href":"https:\/\/content-conversion.com\/ro\/wp-json\/wp\/v2\/media?parent=5097"}],"curies":[{"name":"wp","href":"https:\/\/api.w.org\/{rel}","templated":true}]}}