{"id":7540,"date":"2024-04-04T11:07:32","date_gmt":"2024-04-04T09:07:32","guid":{"rendered":"https:\/\/content-conversion.com\/mets-alto\/"},"modified":"2024-04-04T11:07:33","modified_gmt":"2024-04-04T09:07:33","slug":"mets-alto","status":"publish","type":"page","link":"https:\/\/content-conversion.com\/de\/mets-alto\/","title":{"rendered":"METS\/ALTO"},"content":{"rendered":"<p>[et_pb_section fb_built=&#8220;1&#8243; admin_label=&#8220;section&#8220; _builder_version=&#8220;4.16&#8243; global_colors_info=&#8220;{}&#8220;][et_pb_row _builder_version=&#8220;4.16&#8243; global_colors_info=&#8220;{}&#8220;][et_pb_column type=&#8220;4_4&#8243; _builder_version=&#8220;4.16&#8243; custom_padding=&#8220;|||&#8220; global_colors_info=&#8220;{}&#8220; custom_padding__hover=&#8220;|||&#8220;][et_pb_text _builder_version=&#8220;4.16&#8243; header_font=&#8220;Open Sans Condensed Light local|300|||||||&#8220; header_text_color=&#8220;#666666&#8243; header_font_size=&#8220;70px&#8220; header_letter_spacing=&#8220;1px&#8220; max_width=&#8220;100%&#8220; animation_style=&#8220;slide&#8220; animation_direction=&#8220;left&#8220; header_font_tablet=&#8220;&#8220; header_font_phone=&#8220;||||||||&#8220; header_font_last_edited=&#8220;on|phone&#8220; header_font_size_phone=&#8220;50px&#8220; locked=&#8220;off&#8220; global_colors_info=&#8220;{}&#8220;]<\/p>\n<h1 class=\"wp-block-heading\" style=\"text-align: center;\"><span style=\"color: #000000;\">METS\/ALTO Einf\u00fchrung<\/span><\/h1>\n<p>&nbsp;<\/p>\n<p>[\/et_pb_text][\/et_pb_column][\/et_pb_row][\/et_pb_section][et_pb_section fb_built=&#8220;1&#8243; _builder_version=&#8220;4.16&#8243; background_color=&#8220;#919191&#8243; background_enable_image=&#8220;off&#8220; parallax=&#8220;on&#8220; min_height=&#8220;194px&#8220; custom_margin=&#8220;||-44px|||&#8220; custom_padding=&#8220;15px||0px||false|false&#8220; animation_style=&#8220;fade&#8220; animation_direction=&#8220;right&#8220; background_last_edited=&#8220;off|desktop&#8220; background_enable_color_phone=&#8220;off&#8220; background_blend_phone=&#8220;normal&#8220; border_color_top=&#8220;#1e69ae&#8220; border_color_bottom=&#8220;#1e69ae&#8220; locked=&#8220;off&#8220; global_colors_info=&#8220;{}&#8220;][et_pb_row _builder_version=&#8220;4.16&#8243; global_colors_info=&#8220;{}&#8220; min_height=&#8220;213.6px&#8220;][et_pb_column type=&#8220;4_4&#8243; _builder_version=&#8220;4.16&#8243; custom_padding=&#8220;|||&#8220; global_colors_info=&#8220;{}&#8220; custom_padding__hover=&#8220;|||&#8220;][et_pb_text _builder_version=&#8220;4.16&#8243; text_font=&#8220;Open Sans Condensed||||||||&#8220; text_text_color=&#8220;#ffffff&#8220; text_font_size=&#8220;26px&#8220; text_letter_spacing=&#8220;1px&#8220; text_line_height=&#8220;1.4em&#8220; text_orientation=&#8220;center&#8220; max_width=&#8220;750px&#8220; module_alignment=&#8220;center&#8220; min_height=&#8220;196.6px&#8220; custom_margin=&#8220;||-73px|||&#8220; custom_padding=&#8220;16px||0px|||&#8220; animation_style=&#8220;slide&#8220; animation_direction=&#8220;right&#8220; global_colors_info=&#8220;{}&#8220;]<\/p>\n<p>Eine kurze Einf\u00fchrung in die METS- und ALTO-Standards. Erfahren Sie, wof\u00fcr METS- und ALTO-Dateien verwendet werden, wie sie strukturiert sind und wie sie zusammenh\u00e4ngen.<\/p>\n<p>[\/et_pb_text][\/et_pb_column][\/et_pb_row][\/et_pb_section][et_pb_section fb_built=&#8220;1&#8243; _builder_version=&#8220;4.16&#8243; _module_preset=&#8220;default&#8220; min_height=&#8220;477.8px&#8220; global_colors_info=&#8220;{}&#8220;][et_pb_row _builder_version=&#8220;4.16&#8243; _module_preset=&#8220;default&#8220; global_colors_info=&#8220;{}&#8220;][et_pb_column type=&#8220;4_4&#8243; _builder_version=&#8220;4.16&#8243; _module_preset=&#8220;default&#8220; global_colors_info=&#8220;{}&#8220;][et_pb_text _builder_version=&#8220;4.24.0&#8243; _module_preset=&#8220;default&#8220; global_colors_info=&#8220;{}&#8220;]<\/p>\n<h2 style=\"text-align: left;\">Warum sollte ich METS und ALTO verwenden?<\/h2>\n<ul>\n<li style=\"list-style-type: none;\">\n<ul>\n<li>&#8222;Ich digitalisiere viele verschiedene Objekte und jeder Typ wird in einem anderen Format digitalisiert. Einige sind Word, einige sind PDF, einige sind XML, einige sind nur JPG \u2013 ich brauche alles in der gleichen Struktur, aber was ist der beste Weg?&#8220;<\/li>\n<li>&#8222;Ich m\u00f6chte den Wissenschaftlern und Forschern in der gesamten Sammlung eine Volltextsuche anbieten, also muss ich einen Textindex der gesamten Sammlung erstellen \u2013 und ich m\u00f6chte vielleicht in drei Jahren das Pr\u00e4sentationssystem \u00e4ndern, also brauche ich die Quelldaten in einem standardm\u00e4\u00dfigen, nicht propriet\u00e4ren Format.&#8220;<\/li>\n<li>&#8222;Ich muss mein Digitalisierungsprojekt nach den Standards der Langzeitarchivierung organisieren \u2013 wie lange wird es JPG noch geben? Ich brauche etwas Robusteres und Sichereres f\u00fcr die n\u00e4chsten 100 Jahre.&#8220;<\/li>\n<\/ul>\n<\/li>\n<\/ul>\n<p>[\/et_pb_text][\/et_pb_column][\/et_pb_row][et_pb_row _builder_version=&#8220;4.16&#8243; _module_preset=&#8220;default&#8220; global_colors_info=&#8220;{}&#8220;][et_pb_column type=&#8220;4_4&#8243; _builder_version=&#8220;4.16&#8243; _module_preset=&#8220;default&#8220; global_colors_info=&#8220;{}&#8220;][et_pb_text _builder_version=&#8220;4.24.0&#8243; _module_preset=&#8220;default&#8220; custom_padding=&#8220;||2px|||&#8220; global_colors_info=&#8220;{}&#8220;]<\/p>\n<h2 style=\"text-align: left;\">Was ist METS?<\/h2>\n<ul>\n<li style=\"list-style-type: none;\">\n<ul>\n<li>METS -&gt; Standard f\u00fcr die Kodierung und \u00dcbertragung von Metadaten<\/li>\n<li>Gegr\u00fcndet im Jahr 2001<\/li>\n<li>XML-basierter offener Standard<\/li>\n<li>Schema wird in der Library of Congress (LOC) gehostet<\/li>\n<li>Gepflegt von der METS-Redaktion<\/li>\n<li><span>Aktuelle Version: 1.12. Version 2 ist in Vorbereitung<\/span><\/li>\n<li><span>Wird f\u00fcr die Langzeitkonservierung verwendet<\/span><\/li>\n<li><span><a href=\"https:\/\/www.loc.gov\/standards\/mets\/\">https:\/\/www.loc.gov\/standards\/mets\/<\/a><\/span><\/li>\n<\/ul>\n<\/li>\n<\/ul>\n<p>[\/et_pb_text][\/et_pb_column][\/et_pb_row][et_pb_row _builder_version=&#8220;4.16&#8243; _module_preset=&#8220;default&#8220; global_colors_info=&#8220;{}&#8220; min_height=&#8220;747.6px&#8220;][et_pb_column type=&#8220;4_4&#8243; _builder_version=&#8220;4.16&#8243; _module_preset=&#8220;default&#8220; global_colors_info=&#8220;{}&#8220;][et_pb_text _builder_version=&#8220;4.24.0&#8243; _module_preset=&#8220;default&#8220; custom_padding=&#8220;||2px|||&#8220; hover_enabled=&#8220;0&#8243; global_colors_info=&#8220;{}&#8220; sticky_enabled=&#8220;0&#8243;]<\/p>\n<h2 style=\"text-align: left;\"><span>Wie sieht eine METS-Datei aus?<\/span><\/h2>\n<p><span>Eine METS-XML-Datei beginnt mit dem METS-Header, gefolgt von f\u00fcnf 5 Metadatenabschnitten.  <\/span><\/p>\n<h3><span><strong>1. METS-Header &lt;metsHDR&gt;<\/strong><\/span><\/h3>\n<p style=\"padding-left: 40px;\">Der METS-Header selbst enth\u00e4lt technische Informationen <span>\u00fcber das METS-Dokument selbst, einschlie\u00dflich Informationen wie Ersteller, Herausgeber usw.<\/span><\/p>\n<h3><span><strong>2. Beschreibende Metadaten &lt;dmdSEC&gt;<\/strong><\/span><\/h3>\n<p style=\"padding-left: 40px;\"><span>In der Regel werden MODS (<a href=\"https:\/\/www.loc.gov\/standards\/MODS\">https:\/\/www.loc.gov\/standards\/MODS<\/a>) oder \u00e4hnliche Metadatenschemata bereitgestellt, um das Objekt selbst zu beschreiben. Es enth\u00e4lt Informationen wie Titel, Autor, Verlag und Ver\u00f6ffentlichungsdatum.<\/span><span><\/span><\/p>\n<h3><span><strong>3. Administrative Metadaten &lt;amdSEC&gt;<\/strong><\/span><\/h3>\n<p style=\"text-align: left; padding-left: 40px;\"><span>Enth\u00e4lt Informationen \u00fcber den Bildaufnahmeprozess wie die verwendete Scan-Hard- und Software, Dateityp, Aufl\u00f6sung, Komprimierung, Datum der Bildaufnahme. In der Regel wird MIX (<a href=\"https:\/\/www.loc.gov\/standards\/mix\/\">https:\/\/www.loc.gov\/standards\/mix\/<\/a>) oder ein \u00e4hnliches Metadatenschema verwendet.<\/span><\/p>\n<h3><span><strong>4. Dateiabschnitt &lt;DateiSEC&gt;<\/strong><\/span><\/h3>\n<p style=\"text-align: left; padding-left: 40px;\"><span>Listet, beschreibt und verkn\u00fcpft alle Dateien, die zu dem digitalen Objekt geh\u00f6ren, das durch die METS-Datei beschrieben wird.<br \/>F\u00fcr ein typisches Druckobjekt (Buch, Zeitschrift, Zeitung) werden hier eine Bilddatei (tiff, jpg oder JPG2000) und eine ALTO-XML-Datei pro Seite verlinkt.<br \/>Dar\u00fcber hinaus k\u00f6nnen hier auch PDF- oder ePub-Dateien auf Issue-Ebene verlinkt werden.<\/span><\/p>\n<h3><span><strong>5. Physikalische Struktur &lt;structMap LABEL=&#8220;Physikalische Struktur&#8220;&gt;<\/strong><\/span><\/h3>\n<p style=\"padding-left: 40px;\"><span>F\u00fcr ein typisches Druckobjekt (Buch, Zeitschrift, Zeitung) werden hier die physischen Seiten mit ihren Seitenzahlen und Links zu den Dateien auf Seitenebene aufgelistet, die zuvor im Abschnitt Datei angegeben wurden.<\/span><\/p>\n<h3><span><strong>6. Logische Struktur &lt;structMap LABEL=&#8220;Logische Struktur&#8220;&gt;<\/strong><\/span><\/h3>\n<p style=\"padding-left: 40px;\"><span>Bei einem Buch enth\u00e4lt dieser Abschnitt in der Regel das Inhaltsverzeichnis, in dem logische Abschnitte der B\u00fccher mit Seiten verkn\u00fcpft sind.<br \/>Bei komplexeren Objekten wie einer Zeitung kann die Struktur tiefer verschachtelt sein, um einen Artikel zu beschreiben, der verschiedene Elemente (Titel, Bilder mit Bildunterschriften, Textbl\u00f6cke) enth\u00e4lt, die \u00fcber mehrere physische Seiten verteilt sind.<\/span><\/p>\n<p>Weitere Informationen finden Sie <a href=\"https:\/\/www.loc.gov\/standards\/mets\/METSOverview.v3_en.html\">unter https:\/\/www.loc.gov\/standards\/mets\/METSOverview.v3_en.html<\/a><\/p>\n<p style=\"padding-left: 40px;\"><span><\/span><\/p>\n<p>[\/et_pb_text][\/et_pb_column][\/et_pb_row][et_pb_row _builder_version=&#8220;4.24.0&#8243; _module_preset=&#8220;default&#8220; global_colors_info=&#8220;{}&#8220;][et_pb_column type=&#8220;4_4&#8243; _builder_version=&#8220;4.24.0&#8243; _module_preset=&#8220;default&#8220; global_colors_info=&#8220;{}&#8220;][et_pb_image src=&#8220;https:\/\/content-conversion.com\/wp-content\/uploads\/2024\/02\/METS.png&#8220; alt=&#8220;METS&#8220; title_text=&#8220;METS&#8220; align=&#8220;center&#8220; _builder_version=&#8220;4.24.0&#8243; _module_preset=&#8220;default&#8220; width=&#8220;50%&#8220; global_colors_info=&#8220;{}&#8220;][\/et_pb_image][\/et_pb_column][\/et_pb_row][et_pb_row _builder_version=&#8220;4.16&#8243; _module_preset=&#8220;default&#8220; global_colors_info=&#8220;{}&#8220;][et_pb_column type=&#8220;4_4&#8243; _builder_version=&#8220;4.16&#8243; _module_preset=&#8220;default&#8220; global_colors_info=&#8220;{}&#8220;][et_pb_text _builder_version=&#8220;4.24.0&#8243; _module_preset=&#8220;default&#8220; global_colors_info=&#8220;{}&#8220;]<\/p>\n<h2 style=\"text-align: left;\">Was ist ALTO?<\/h2>\n<ul>\n<li style=\"list-style-type: none;\">\n<ul>\n<li>ALTO \u2013&gt; Analysiertes Layout und Textobjekt<\/li>\n<li>XML-basierter offener Standard<\/li>\n<li>Schema wird in der Library of Congress (LOC) gehostet<\/li>\n<li>Gepflegt vom ALTO-Vorstand<\/li>\n<li>Aktuelle Version: 4.4<\/li>\n<li><a href=\"https:\/\/www.loc.gov\/standards\/alto\/\" target=\"_blank\" rel=\"noopener\" title=\"LOC ALTO\">https:\/\/www.loc.gov\/standards\/alto\/<\/a><\/li>\n<\/ul>\n<\/li>\n<\/ul>\n<p>&nbsp;<\/p>\n<p>[\/et_pb_text][\/et_pb_column][\/et_pb_row][et_pb_row _builder_version=&#8220;4.16&#8243; _module_preset=&#8220;default&#8220; global_colors_info=&#8220;{}&#8220;][et_pb_column type=&#8220;4_4&#8243; _builder_version=&#8220;4.16&#8243; _module_preset=&#8220;default&#8220; global_colors_info=&#8220;{}&#8220;][et_pb_text _builder_version=&#8220;4.24.0&#8243; _module_preset=&#8220;default&#8220; global_colors_info=&#8220;{}&#8220;]<\/p>\n<h2 style=\"text-align: left;\">Was macht ALTO?<\/h2>\n<ul>\n<li style=\"list-style-type: none;\">\n<ul>\n<li>Enth\u00e4lt den Inhalt einer einzelnen Seite<\/li>\n<li>Beschreibt das Layout einer gedruckten Seite, um die urspr\u00fcngliche Seite neu zu erstellen<\/li>\n<li>Beschreibt die Stile, das Layout und die Blocktypinformationen<\/li>\n<li>Kann Tags enthalten, die mehr Informationen \u00fcber den Inhalt enthalten (z. B. benannte Entit\u00e4ten)<\/li>\n<\/ul>\n<\/li>\n<\/ul>\n<p>[\/et_pb_text][\/et_pb_column][\/et_pb_row][et_pb_row _builder_version=&#8220;4.16&#8243; _module_preset=&#8220;default&#8220; global_colors_info=&#8220;{}&#8220;][et_pb_column type=&#8220;4_4&#8243; _builder_version=&#8220;4.16&#8243; _module_preset=&#8220;default&#8220; global_colors_info=&#8220;{}&#8220;][et_pb_text _builder_version=&#8220;4.24.0&#8243; _module_preset=&#8220;default&#8220; hover_enabled=&#8220;0&#8243; global_colors_info=&#8220;{}&#8220; sticky_enabled=&#8220;0&#8243;]<\/p>\n<h2 style=\"text-align: left;\">Wie sieht eine ALTO-Datei aus?<\/h2>\n<p>ALTO XML beschreibt technische Metadaten zur Beschreibung des Layouts und des Inhalts physischer Textressourcen, wie z. B. Seiten eines Buches oder einer Zeitung. ALTO-Dateien bestehen in der Regel aus 3 Abschnitten:<\/p>\n<h3>1. Beschreibung<\/h3>\n<p style=\"padding-left: 40px;\">Dieser Abschnitt enth\u00e4lt technische Informationen zur ALTO-Datei, wie z.B. die Definition der verwendeten Ma\u00dfeinheit und Informationen \u00fcber die verwendete OCR-Software.<\/p>\n<h3>2. Stile<\/h3>\n<p style=\"padding-left: 40px;\">In diesem Abschnitt werden Informationen \u00fcber den Layoutstil der beschriebenen Seite gesammelt. Typische Informationen sind Schriftfamilie, -stil und -gr\u00f6\u00dfe, Absatzabstand und -ausrichtung.<\/p>\n<h3>3. Grundriss<\/h3>\n<p style=\"padding-left: 40px;\">Hier ist der Kerninhalt der Alt-Datei enthalten. Alle Objekte (W\u00f6rter, Zeilen, Textbl\u00f6cke, Bilder, Tabellen) der Seite werden hier mit Koordinaten und ggf. OCR-Transkription aufgelistet. Die Struktur kann je nach Art des Materials flach oder komplexer sein.<br \/>Sp\u00e4tere Versionen des ALTO-Schemas bieten Unterst\u00fctzung f\u00fcr handschriftliches Material und erm\u00f6glichen es, mehrere ORC-Ergebnisse mit Wahrscheinlichkeitswerten bereitzustellen.<\/p>\n<p>Weitere Informationen finden Sie <a href=\"https:\/\/www.loc.gov\/standards\/alto\/techcenter\/structure.html\">unter https:\/\/www.loc.gov\/standards\/alto\/techcenter\/structure.html<\/a> <\/p>\n<p>[\/et_pb_text][\/et_pb_column][\/et_pb_row][et_pb_row _builder_version=&#8220;4.24.0&#8243; _module_preset=&#8220;default&#8220; global_colors_info=&#8220;{}&#8220;][et_pb_column type=&#8220;4_4&#8243; _builder_version=&#8220;4.24.0&#8243; _module_preset=&#8220;default&#8220; global_colors_info=&#8220;{}&#8220;][et_pb_image src=&#8220;https:\/\/content-conversion.com\/wp-content\/uploads\/2024\/02\/ALTO.png&#8220; alt=&#8220;ALT&#8220; title_text=&#8220;ALT&#8220; align=&#8220;center&#8220; _builder_version=&#8220;4.24.0&#8243; _module_preset=&#8220;default&#8220; width=&#8220;50%&#8220; global_colors_info=&#8220;{}&#8220;][\/et_pb_image][\/et_pb_column][\/et_pb_row][et_pb_row _builder_version=&#8220;4.16&#8243; _module_preset=&#8220;default&#8220; global_colors_info=&#8220;{}&#8220;][et_pb_column type=&#8220;4_4&#8243; _builder_version=&#8220;4.16&#8243; _module_preset=&#8220;default&#8220; global_colors_info=&#8220;{}&#8220;][et_pb_text _builder_version=&#8220;4.24.0&#8243; _module_preset=&#8220;default&#8220; global_colors_info=&#8220;{}&#8220;]<\/p>\n<h2 style=\"text-align: left;\"><span>Wie METS und ALTO zusammenarbeiten<\/span><\/h2>\n<p style=\"padding-left: 40px;\">[\/et_pb_text][\/et_pb_column][\/et_pb_row][et_pb_row _builder_version=&#8220;4.24.0&#8243; _module_preset=&#8220;default&#8220; global_colors_info=&#8220;{}&#8220;][et_pb_column type=&#8220;4_4&#8243; _builder_version=&#8220;4.24.0&#8243; _module_preset=&#8220;default&#8220; global_colors_info=&#8220;{}&#8220;][et_pb_image src=&#8220;https:\/\/content-conversion.com\/wp-content\/uploads\/2024\/02\/METS_ALTO-1.png&#8220; alt=&#8220;Wie METS und ALTO zusammenarbeiten&#8220; title_text=&#8220;Wie METS und ALTO zusammenarbeiten&#8220; _builder_version=&#8220;4.24.0&#8243; _module_preset=&#8220;default&#8220; hover_enabled=&#8220;0&#8243; global_colors_info=&#8220;{}&#8220; sticky_enabled=&#8220;0&#8243;][\/et_pb_image][\/et_pb_column][\/et_pb_row][et_pb_row _builder_version=&#8220;4.16&#8243; _module_preset=&#8220;default&#8220; global_colors_info=&#8220;{}&#8220;][et_pb_column type=&#8220;4_4&#8243; _builder_version=&#8220;4.16&#8243; _module_preset=&#8220;default&#8220; global_colors_info=&#8220;{}&#8220;][et_pb_text _builder_version=&#8220;4.24.0&#8243; _module_preset=&#8220;default&#8220; custom_padding=&#8220;||0px|||&#8220; global_colors_info=&#8220;{}&#8220;]<\/p>\n<h2>Zusammenfassung<\/h2>\n<h3>Warum sollten Sie XML-Standards verwenden?<\/h3>\n<ul>\n<li style=\"list-style-type: none;\">\n<ul>\n<li>Vollst\u00e4ndig dokumentiertes XML-Format<\/li>\n<li>Einsetzbar f\u00fcr jeden IT-Anbieter jetzt und in Zukunft<\/li>\n<li>Kann in Zukunft in andere Formate umgewandelt werden (zur Langzeitkonservierung)<\/li>\n<li>Von Menschen lesbar<\/li>\n<\/ul>\n<\/li>\n<\/ul>\n<h3>Welche Vorteile haben Sie mit METS\/ALTO?<\/h3>\n<ul>\n<li style=\"list-style-type: none;\">\n<ul>\n<li>Offener Standard<\/li>\n<li>Kostenlos f\u00fcr alle nutzbar<\/li>\n<li>Es ist <span style=\"text-decoration: underline;\"><strong>der<\/strong><\/span> Industriestandard f\u00fcr die Digitalisierung, der von Hunderten von Bibliotheken und Inhaltsanbietern verwendet wird<\/li>\n<li>Die langfristige Nachhaltigkeit Ihrer digitalen Objekte wird erheblich verbessert<\/li>\n<li>Unterst\u00fctzt die Segmentierung von Artikeln und Kapiteln<\/li>\n<li>Sie k\u00f6nnen Objekte auf einfache Weise handhaben und mit anderen Parteien austauschen<\/li>\n<li>Sie k\u00f6nnen PDF, EPUB, DAISY und andere Formate aus METS\/ ALTO erstellen<\/li>\n<\/ul>\n<\/li>\n<\/ul>\n<p>[\/et_pb_text][\/et_pb_column][\/et_pb_row][\/et_pb_section]<\/p>\n","protected":false},"excerpt":{"rendered":"<p>METS\/ALTO Einf\u00fchrung &nbsp;Eine kurze Einf\u00fchrung in die METS- und ALTO-Standards. Erfahren Sie, wof\u00fcr METS- und ALTO-Dateien verwendet werden, wie sie strukturiert sind und wie sie zusammenh\u00e4ngen.Warum sollte ich METS und ALTO verwenden? &#8222;Ich digitalisiere viele verschiedene Objekte und jeder Typ wird in einem anderen Format digitalisiert. Einige sind Word, einige sind PDF, einige sind XML, [&hellip;]<\/p>\n","protected":false},"author":3,"featured_media":0,"parent":0,"menu_order":0,"comment_status":"closed","ping_status":"closed","template":"","meta":{"_et_pb_use_builder":"on","_et_pb_old_content":"","_et_gb_content_width":"","footnotes":""},"class_list":["post-7540","page","type-page","status-publish","hentry"],"_links":{"self":[{"href":"https:\/\/content-conversion.com\/de\/wp-json\/wp\/v2\/pages\/7540","targetHints":{"allow":["GET"]}}],"collection":[{"href":"https:\/\/content-conversion.com\/de\/wp-json\/wp\/v2\/pages"}],"about":[{"href":"https:\/\/content-conversion.com\/de\/wp-json\/wp\/v2\/types\/page"}],"author":[{"embeddable":true,"href":"https:\/\/content-conversion.com\/de\/wp-json\/wp\/v2\/users\/3"}],"replies":[{"embeddable":true,"href":"https:\/\/content-conversion.com\/de\/wp-json\/wp\/v2\/comments?post=7540"}],"version-history":[{"count":6,"href":"https:\/\/content-conversion.com\/de\/wp-json\/wp\/v2\/pages\/7540\/revisions"}],"predecessor-version":[{"id":7546,"href":"https:\/\/content-conversion.com\/de\/wp-json\/wp\/v2\/pages\/7540\/revisions\/7546"}],"wp:attachment":[{"href":"https:\/\/content-conversion.com\/de\/wp-json\/wp\/v2\/media?parent=7540"}],"curies":[{"name":"wp","href":"https:\/\/api.w.org\/{rel}","templated":true}]}}