{"id":7351,"date":"2024-02-01T12:15:34","date_gmt":"2024-02-01T11:15:34","guid":{"rendered":"https:\/\/content-conversion.com\/?page_id=7351"},"modified":"2025-03-25T17:38:07","modified_gmt":"2025-03-25T16:38:07","slug":"home-neu","status":"publish","type":"page","link":"https:\/\/content-conversion.com\/de\/","title":{"rendered":"Home"},"content":{"rendered":"<p>[et_pb_section fb_built=&#8220;1&#8243; _builder_version=&#8220;4.16&#8243; background_color_gradient_direction=&#8220;182deg&#8220; background_enable_image=&#8220;off&#8220; parallax=&#8220;on&#8220; custom_padding=&#8220;10px||10px||false|false&#8220; animation_style=&#8220;fade&#8220; animation_direction=&#8220;right&#8220; background_last_edited=&#8220;off|desktop&#8220; background_enable_color_phone=&#8220;off&#8220; background_blend_phone=&#8220;normal&#8220; border_color_top=&#8220;#1e69ae&#8220; border_color_bottom=&#8220;#1e69ae&#8220; global_colors_info=&#8220;{}&#8220;][et_pb_row _builder_version=&#8220;4.16&#8243; global_colors_info=&#8220;{}&#8220;][et_pb_column type=&#8220;4_4&#8243; _builder_version=&#8220;4.16&#8243; custom_padding=&#8220;|||&#8220; global_colors_info=&#8220;{}&#8220; custom_padding__hover=&#8220;|||&#8220;][et_pb_text _builder_version=&#8220;4.16&#8243; header_font=&#8220;||||||||&#8220; header_text_color=&#8220;#666666&#8243; header_font_size=&#8220;70px&#8220; header_letter_spacing=&#8220;1px&#8220; max_width=&#8220;100%&#8220; animation_style=&#8220;slide&#8220; animation_direction=&#8220;left&#8220; header_font_tablet=&#8220;&#8220; header_font_phone=&#8220;||||||||&#8220; header_font_last_edited=&#8220;on|phone&#8220; header_font_size_phone=&#8220;50px&#8220; locked=&#8220;off&#8220; global_colors_info=&#8220;{}&#8220;]<\/p>\n<h1>\u00dcber uns<\/h1>\n<p>[\/et_pb_text][\/et_pb_column][\/et_pb_row][\/et_pb_section][et_pb_section fb_built=&#8220;1&#8243; _builder_version=&#8220;4.16&#8243; background_color=&#8220;#919191&#8243; background_enable_image=&#8220;off&#8220; parallax=&#8220;on&#8220; custom_padding=&#8220;15px||60px||false|false&#8220; animation_style=&#8220;fade&#8220; animation_direction=&#8220;right&#8220; background_last_edited=&#8220;off|desktop&#8220; background_enable_color_phone=&#8220;off&#8220; background_blend_phone=&#8220;normal&#8220; border_color_top=&#8220;#1e69ae&#8220; border_color_bottom=&#8220;#1e69ae&#8220; global_colors_info=&#8220;{}&#8220;][et_pb_row _builder_version=&#8220;4.16&#8243; global_colors_info=&#8220;{}&#8220;][et_pb_column type=&#8220;4_4&#8243; _builder_version=&#8220;4.16&#8243; custom_padding=&#8220;|||&#8220; global_colors_info=&#8220;{}&#8220; custom_padding__hover=&#8220;|||&#8220;][et_pb_text _builder_version=&#8220;4.16&#8243; text_font=&#8220;Open Sans Condensed||||||||&#8220; text_text_color=&#8220;#ffffff&#8220; text_font_size=&#8220;26px&#8220; text_letter_spacing=&#8220;1px&#8220; text_line_height=&#8220;1.4em&#8220; text_orientation=&#8220;center&#8220; max_width=&#8220;750px&#8220; module_alignment=&#8220;center&#8220; animation_style=&#8220;slide&#8220; animation_direction=&#8220;right&#8220; global_colors_info=&#8220;{}&#8220;]CCS ist Ihr Partner f\u00fcr die Digitalisierung und Konvertierung historischer Dokumentbest\u00e4nde in nachhaltige, digitale Datenarchive. Mit unseren Softwareprodukten und Dienstleistungen realisieren Sie Ihr Projekt aus einer Hand \u2013 vom fachgerechten Scannen bis zur Qualit\u00e4tskontrolle des Digitalisats im METS\/ALTO Metadatenstandard.[\/et_pb_text][\/et_pb_column][\/et_pb_row][\/et_pb_section][et_pb_section fb_built=&#8220;1&#8243; _builder_version=&#8220;4.16&#8243; background_color=&#8220;rgba(0,0,0,0)&#8220; background_enable_image=&#8220;off&#8220; parallax=&#8220;on&#8220; custom_margin=&#8220;-60px||||false|false&#8220; custom_padding=&#8220;0px||||false|false&#8220; animation_style=&#8220;fade&#8220; animation_direction=&#8220;right&#8220; background_last_edited=&#8220;off|desktop&#8220; background_enable_color_phone=&#8220;off&#8220; background_blend_phone=&#8220;normal&#8220; border_color_top=&#8220;#1e69ae&#8220; border_color_bottom=&#8220;#1e69ae&#8220; global_colors_info=&#8220;{}&#8220;][et_pb_row column_structure=&#8220;1_2,1_2&#8243; admin_label=&#8220;Services&#8220; _builder_version=&#8220;4.16&#8243; global_colors_info=&#8220;{}&#8220;][et_pb_column type=&#8220;1_2&#8243; _builder_version=&#8220;4.16&#8243; custom_padding=&#8220;|||&#8220; global_colors_info=&#8220;{}&#8220; custom_padding__hover=&#8220;|||&#8220;][et_pb_blurb title=&#8220;Seit 1975&#8243; use_icon=&#8220;on&#8220; font_icon=&#8220;&#xe031;||divi||400&#8243; icon_color=&#8220;#ffffff&#8220; image_icon_width=&#8220;50px&#8220; _builder_version=&#8220;4.16&#8243; header_font=&#8220;Open Sans Condensed|700|||||||&#8220; header_text_color=&#8220;#ffffff&#8220; header_font_size=&#8220;20px&#8220; body_font=&#8220;Open Sans|600|||||||&#8220; body_text_color=&#8220;#ffffff&#8220; body_font_size=&#8220;14px&#8220; body_link_font=&#8220;||||on||||solid&#8220; body_link_text_color=&#8220;#ffffff&#8220; background_color=&#8220;#1e69ae&#8220; background_size=&#8220;initial&#8220; background_position=&#8220;top_left&#8220; background_repeat=&#8220;repeat&#8220; text_orientation=&#8220;center&#8220; custom_padding=&#8220;30px|30px|30px|30px|true|true&#8220; animation_style=&#8220;zoom&#8220; border_radii=&#8220;on|18px|18px|18px|18px&#8220; border_width_all=&#8220;0px&#8220; border_color_all=&#8220;#1e69ae&#8220; border_style_all=&#8220;solid&#8220; use_border_color=&#8220;on&#8220; border_color=&#8220;#dddddd&#8220; icon_font_size=&#8220;50px&#8220; global_colors_info=&#8220;{}&#8220;]<\/p>\n<p>Mit \u00fcber 50 Jahren Erfahrung und Spezialisierung im Bereich der Software und Workflowautomatisierung z\u00e4hlt CCS zu den weltweit f\u00fchrenden Anbietern <a title=\"Software\" href=\"https:\/\/content-conversion.com\/de\/software\/\">innovativer Softwarel\u00f6sungen<\/a> f\u00fcr umfangreiche Digitalisierungs- und Konvertierungsprojekte.<\/p>\n<p>[\/et_pb_blurb][\/et_pb_column][et_pb_column type=&#8220;1_2&#8243; _builder_version=&#8220;4.16&#8243; global_colors_info=&#8220;{}&#8220;][et_pb_blurb title=&#8220;Kulturelles Erbe&#8220; use_icon=&#8220;on&#8220; font_icon=&#8220;&#xe022;||divi||400&#8243; icon_color=&#8220;#ffffff&#8220; image_icon_width=&#8220;50px&#8220; _builder_version=&#8220;4.16&#8243; header_font=&#8220;Open Sans Condensed|700|||||||&#8220; header_text_color=&#8220;#ffffff&#8220; header_font_size=&#8220;20px&#8220; body_font=&#8220;Open Sans|600|||||||&#8220; body_text_color=&#8220;#ffffff&#8220; body_font_size=&#8220;14px&#8220; body_link_font=&#8220;||||on||||solid&#8220; body_link_text_color=&#8220;#ffffff&#8220; background_color=&#8220;#21a0d1&#8243; background_size=&#8220;initial&#8220; background_position=&#8220;top_left&#8220; background_repeat=&#8220;repeat&#8220; text_orientation=&#8220;center&#8220; custom_padding=&#8220;30px|30px|30px|30px|true|true&#8220; animation_style=&#8220;zoom&#8220; border_radii=&#8220;on|18px|18px|18px|18px&#8220; border_width_all=&#8220;0px&#8220; border_color_all=&#8220;#1e69ae&#8220; border_style_all=&#8220;solid&#8220; use_border_color=&#8220;on&#8220; border_color=&#8220;#dddddd&#8220; icon_font_size=&#8220;50px&#8220; global_colors_info=&#8220;{}&#8220;]Unserem Erfolg liegt die Motivation zugrunde, mit Hilfe von Technologie zeitgem\u00e4\u00dfen Zugang zu Wissen zu erm\u00f6glichen. Dank der Umwandlung analoger Dokumentbest\u00e4nde in sinnvoll strukturierte digitale Archive k\u00f6nnen neue Wege in der Forschung beschritten werden. [\/et_pb_blurb][\/et_pb_column][\/et_pb_row][et_pb_row column_structure=&#8220;1_3,1_3,1_3&#8243; admin_label=&#8220;Services&#8220; _builder_version=&#8220;4.16&#8243; global_colors_info=&#8220;{}&#8220;][et_pb_column type=&#8220;1_3&#8243; _builder_version=&#8220;4.16&#8243; custom_padding=&#8220;|||&#8220; global_colors_info=&#8220;{}&#8220; custom_padding__hover=&#8220;|||&#8220;][et_pb_blurb title=&#8220;Workflow&#8220; use_icon=&#8220;on&#8220; font_icon=&#8220;&#xe038;||divi||400&#8243; icon_color=&#8220;#ffffff&#8220; image_icon_width=&#8220;50px&#8220; _builder_version=&#8220;4.16&#8243; header_font=&#8220;Open Sans Condensed|700|||||||&#8220; header_text_color=&#8220;#ffffff&#8220; header_font_size=&#8220;20px&#8220; body_font=&#8220;Open Sans|600|||||||&#8220; body_text_color=&#8220;#ffffff&#8220; body_font_size=&#8220;14px&#8220; body_link_font=&#8220;||||on||||solid&#8220; body_link_text_color=&#8220;#ffffff&#8220; background_color=&#8220;#919191&#8243; background_size=&#8220;initial&#8220; background_position=&#8220;top_left&#8220; background_repeat=&#8220;repeat&#8220; text_orientation=&#8220;center&#8220; custom_padding=&#8220;30px|30px|30px|30px|true|true&#8220; animation_style=&#8220;zoom&#8220; border_radii=&#8220;on|18px|18px|18px|18px&#8220; border_width_all=&#8220;0px&#8220; border_color_all=&#8220;#1e69ae&#8220; border_style_all=&#8220;solid&#8220; use_border_color=&#8220;on&#8220; border_color=&#8220;#dddddd&#8220; icon_font_size=&#8220;50px&#8220; global_colors_info=&#8220;{}&#8220;]Bei der Realisierung umfangreicher Projekte profitieren Sie von unserem einzigartigen End-to-End-Workflow. CCS koordiniert und verbindet alle wesentlichen Digitalisierungs-Prozesse, beginnend mit der Logistik und dem Scannen (inkl. Tracking) \u00fcber die Digitalisierung\/ Konvertierung inkl. Layoutanalyse und Texterkennung bis zur Qualit\u00e4tskontrolle.[\/et_pb_blurb][\/et_pb_column][et_pb_column type=&#8220;1_3&#8243; _builder_version=&#8220;4.16&#8243; global_colors_info=&#8220;{}&#8220;][et_pb_blurb title=&#8220;METS\/ALTO&#8220; use_icon=&#8220;on&#8220; font_icon=&#8220;&#xe072;||divi||400&#8243; icon_color=&#8220;#ffffff&#8220; image_icon_width=&#8220;50px&#8220; _builder_version=&#8220;4.16&#8243; header_font=&#8220;Open Sans Condensed|700|||||||&#8220; header_text_color=&#8220;#ffffff&#8220; header_font_size=&#8220;20px&#8220; body_font=&#8220;Open Sans|600|||||||&#8220; body_text_color=&#8220;#ffffff&#8220; body_font_size=&#8220;14px&#8220; body_link_font=&#8220;||||on||||solid&#8220; body_link_text_color=&#8220;#ffffff&#8220; background_color=&#8220;#919191&#8243; background_size=&#8220;initial&#8220; background_position=&#8220;top_left&#8220; background_repeat=&#8220;repeat&#8220; text_orientation=&#8220;center&#8220; custom_padding=&#8220;30px|30px|30px|30px|true|true&#8220; animation_style=&#8220;zoom&#8220; border_radii=&#8220;on|18px|18px|18px|18px&#8220; border_width_all=&#8220;0px&#8220; border_color_all=&#8220;#1e69ae&#8220; border_style_all=&#8220;solid&#8220; use_border_color=&#8220;on&#8220; border_color=&#8220;#dddddd&#8220; icon_font_size=&#8220;50px&#8220; global_colors_info=&#8220;{}&#8220;]Mit unserer Software konvertieren Sie Ihre Dokumente in das flexible Metadatenformat METS\/ALTO, de-facto-Standard f\u00fcr die Digitalisierung von Dokumentbest\u00e4nden. Als Mitglied des ALTO-Boards und Teil des urspr\u00fcnglichen Entwicklerteams haben wir dieses Datenformat wesentlich mitgepr\u00e4gt, was unsere Produkte zus\u00e4tzlich auszeichnet.[\/et_pb_blurb][\/et_pb_column][et_pb_column type=&#8220;1_3&#8243; _builder_version=&#8220;4.16&#8243; global_colors_info=&#8220;{}&#8220;][et_pb_blurb title=&#8220;Global&#8220; use_icon=&#8220;on&#8220; font_icon=&#8220;&#xe0e2;||divi||400&#8243; icon_color=&#8220;#ffffff&#8220; image_icon_width=&#8220;50px&#8220; _builder_version=&#8220;4.16&#8243; header_font=&#8220;Open Sans Condensed|700|||||||&#8220; header_text_color=&#8220;#ffffff&#8220; header_font_size=&#8220;20px&#8220; body_font=&#8220;Open Sans|600|||||||&#8220; body_text_color=&#8220;#ffffff&#8220; body_font_size=&#8220;14px&#8220; body_link_font=&#8220;||||on||||solid&#8220; body_link_text_color=&#8220;#ffffff&#8220; background_color=&#8220;#919191&#8243; background_size=&#8220;initial&#8220; background_position=&#8220;top_left&#8220; background_repeat=&#8220;repeat&#8220; text_orientation=&#8220;center&#8220; custom_padding=&#8220;30px|30px|30px|30px|true|true&#8220; animation_style=&#8220;zoom&#8220; border_radii=&#8220;on|18px|18px|18px|18px&#8220; border_width_all=&#8220;0px&#8220; border_color_all=&#8220;#1e69ae&#8220; border_style_all=&#8220;solid&#8220; use_border_color=&#8220;on&#8220; border_color=&#8220;#dddddd&#8220; icon_font_size=&#8220;50px&#8220; global_colors_info=&#8220;{}&#8220;]Als international aufgestelltes Unternehmen passen wir unsere Software kontinuierlich an neue Standards an.<br \/>\nAnpassbar an unterschiedliche Sprachen, Zeichens\u00e4tze, Schriftsysteme (z.B. Gothic, Arabisch, Mandarin) und Layoutformate (z.B. Seitenlayout f\u00fcr historische oder moderne Printprodukte) ist unsere Software in der Lage, vielseitiges Ausgangsmaterial in h\u00f6chster Qualit\u00e4t zu verarbeiten.[\/et_pb_blurb][\/et_pb_column][\/et_pb_row][\/et_pb_section][et_pb_section fb_built=&#8220;1&#8243; admin_label=&#8220;Split Section&#8220; _builder_version=&#8220;4.16&#8243; background_color=&#8220;#919191&#8243; custom_padding=&#8220;0px||0px|&#8220; top_divider_color=&#8220;#a6a6a6&#8243; top_divider_height=&#8220;75px&#8220; top_divider_flip=&#8220;horizontal&#8220; top_divider_arrangement=&#8220;above_content&#8220; bottom_divider_color=&#8220;#a6a6a6&#8243; bottom_divider_height=&#8220;75px&#8220; bottom_divider_flip=&#8220;horizontal&#8220; bottom_divider_arrangement=&#8220;above_content&#8220; animation_direction=&#8220;left&#8220; border_color_top=&#8220;#1e69ae&#8220; border_color_bottom=&#8220;#a6a6a6&#8243; locked=&#8220;off&#8220; global_colors_info=&#8220;{}&#8220;][et_pb_row column_structure=&#8220;2_5,3_5&#8243; use_custom_gutter=&#8220;on&#8220; gutter_width=&#8220;1&#8243; make_equal=&#8220;on&#8220; module_class=&#8220; et_pb_row_fullwidth&#8220; _builder_version=&#8220;4.16&#8243; background_size=&#8220;initial&#8220; background_position=&#8220;top_left&#8220; background_repeat=&#8220;repeat&#8220; width=&#8220;100%&#8220; width_tablet=&#8220;100%&#8220; width_phone=&#8220;&#8220; width_last_edited=&#8220;on|desktop&#8220; max_width=&#8220;100%&#8220; max_width_tablet=&#8220;100%&#8220; max_width_phone=&#8220;&#8220; max_width_last_edited=&#8220;on|desktop&#8220; custom_margin=&#8220;|||&#8220; custom_padding=&#8220;0px||0px|&#8220; make_fullwidth=&#8220;on&#8220; global_colors_info=&#8220;{}&#8220;][et_pb_column type=&#8220;2_5&#8243; _builder_version=&#8220;4.16&#8243; background_image=&#8220;https:\/\/content-conversion.com\/wp-content\/uploads\/2020\/02\/books-backs.jpg&#8220; background_position=&#8220;top_left&#8220; custom_padding=&#8220;|||&#8220; animation_style=&#8220;slide&#8220; animation_direction=&#8220;left&#8220; global_colors_info=&#8220;{}&#8220; custom_padding__hover=&#8220;|||&#8220;][et_pb_divider show_divider=&#8220;off&#8220; _builder_version=&#8220;4.16&#8243; custom_margin=&#8220;||110px|||&#8220; custom_padding=&#8220;||150px|||&#8220; global_colors_info=&#8220;{}&#8220;][\/et_pb_divider][\/et_pb_column][et_pb_column type=&#8220;3_5&#8243; _builder_version=&#8220;4.16&#8243; background_color=&#8220;#919191&#8243; background_position=&#8220;top_left&#8220; custom_padding=&#8220;5%|16%|5%|5%|false|false&#8220; custom_padding_tablet=&#8220;&#8220; custom_padding_phone=&#8220;80px|10%|80px|10%&#8220; custom_padding_last_edited=&#8220;on|desktop&#8220; animation_style=&#8220;slide&#8220; animation_direction=&#8220;right&#8220; global_colors_info=&#8220;{}&#8220; custom_padding__hover=&#8220;|||&#8220;][et_pb_text ul_type=&#8220;square&#8220; _builder_version=&#8220;4.16&#8243; text_font=&#8220;Open Sans|600|||||||&#8220; text_text_color=&#8220;#ffffff&#8220; text_font_size=&#8220;14px&#8220; link_font=&#8220;||||on|||#ffffff|solid&#8220; link_text_color=&#8220;#ffffff&#8220; link_font_size=&#8220;16px&#8220; header_2_text_align=&#8220;left&#8220; header_2_text_color=&#8220;#ffffff&#8220; header_3_text_color=&#8220;#ffffff&#8220; header_3_font_size=&#8220;20px&#8220; header_4_text_color=&#8220;#ffffff&#8220; header_5_text_color=&#8220;#ffffff&#8220; header_6_text_color=&#8220;#ffffff&#8220; animation_style=&#8220;slide&#8220; animation_direction=&#8220;right&#8220; header_font_tablet=&#8220;&#8220; header_font_phone=&#8220;&#8220; header_font_last_edited=&#8220;on|phone&#8220; header_font_size_phone=&#8220;27px&#8220; global_colors_info=&#8220;{}&#8220;]<\/p>\n<h3>Mit CCS zum nachhaltigen Datenarchiv<\/h3>\n<p>Wir sind spezialisiert auf die Entwicklung <a href=\"https:\/\/content-conversion.com\/de\/software\/\">intelligenter Digitalisierungssoftware,<\/a>mit der Sie Ihre analogen oder digitalen Dokumentbest\u00e4nde nachhaltig konvertieren. Verarbeitet werden z.B. Zeitungen, Zeitschriften und B\u00fccher in gedruckter Form, auf Mikrofiche\/ Mikrofilm oder bereits digitalisierte (gescannte) Dokumentseiten.<\/p>\n<p>In einem nahtlosen Konvertierungsprozess mit unserer <a href=\"https:\/\/content-conversion.com\/de\/software\/docwizz\/\">docWizz<\/a> durchlaufen Ihre gescannten Dokumentseiten zun\u00e4chst Cropping und Deskew, im Weiteren Zoning, Layoutanalyse, Texterkennung (OCR) sowie Strukturanalyse und werden schlie\u00dflich im METS\/ALTO Metadatenstandard ausgegeben. Eine zeit- und kosteneffiziente Qualit\u00e4tssicherung nehmen Sie mit unserer Validierungssoftware <a href=\"https:\/\/content-conversion.com\/de\/software\/validator\/\">Validator<\/a> vor.<\/p>\n<p>Komplettierend bieten wir f\u00fcr die Umsetzung Ihres gesamten Digitalisierungsprojektes entsprechende Serviceleistungen an: Die Organisation und Nachverfolgung der Logistik (<a href=\"https:\/\/content-conversion.com\/de\/software\/itemtracking\/\">itemTracking<\/a>), das Scanning (<a href=\"https:\/\/content-conversion.com\/de\/digitization-services\/\">Digitization Services<\/a>), die \u00dcberwachung der Konvertierung (<a href=\"https:\/\/content-conversion.com\/de\/software\/docwizz\/\">docWizz<\/a>) und die Nachkorrekturen\/ Validierung (Qualit\u00e4tsmanagement).[\/et_pb_text][\/et_pb_column][\/et_pb_row][\/et_pb_section][et_pb_section fb_built=&#8220;1&#8243; _builder_version=&#8220;4.16&#8243; background_enable_image=&#8220;off&#8220; parallax=&#8220;on&#8220; custom_padding=&#8220;15px||15px||false|false&#8220; animation_style=&#8220;fade&#8220; animation_direction=&#8220;right&#8220; background_last_edited=&#8220;off|desktop&#8220; background_enable_color_phone=&#8220;off&#8220; background_blend_phone=&#8220;normal&#8220; border_color_top=&#8220;#1e69ae&#8220; border_color_bottom=&#8220;#1e69ae&#8220; global_colors_info=&#8220;{}&#8220;][et_pb_row _builder_version=&#8220;4.16&#8243; global_colors_info=&#8220;{}&#8220;][et_pb_column type=&#8220;4_4&#8243; _builder_version=&#8220;4.16&#8243; custom_padding=&#8220;|||&#8220; global_colors_info=&#8220;{}&#8220; custom_padding__hover=&#8220;|||&#8220;][et_pb_text _builder_version=&#8220;4.16&#8243; text_font=&#8220;Open Sans Condensed||||||||&#8220; text_font_size=&#8220;26px&#8220; text_letter_spacing=&#8220;1px&#8220; text_line_height=&#8220;1.4em&#8220; text_orientation=&#8220;center&#8220; max_width=&#8220;750px&#8220; module_alignment=&#8220;center&#8220; global_colors_info=&#8220;{}&#8220;]Mit unseren Produkten und Dienstleistungen erhalten Sie ein langfristig gesichertes und vor allem nachhaltiges Archiv, das einen weltweiten Zugriff erm\u00f6glicht, nach vielseitigen Kriterien durchsuchbar ist und mit maximaler Flexibilit\u00e4t zweitverwertet bzw. vermarket werden kann.[\/et_pb_text][\/et_pb_column][\/et_pb_row][\/et_pb_section]<\/p>\n","protected":false},"excerpt":{"rendered":"<p>\u00dcber unsCCS ist Ihr Partner f\u00fcr die Digitalisierung und Konvertierung historischer Dokumentbest\u00e4nde in nachhaltige, digitale Datenarchive. Mit unseren Softwareprodukten und Dienstleistungen realisieren Sie Ihr Projekt aus einer Hand \u2013 vom fachgerechten Scannen bis zur Qualit\u00e4tskontrolle des Digitalisats im METS\/ALTO Metadatenstandard.Mit \u00fcber 50 Jahren Erfahrung und Spezialisierung im Bereich der Software und Workflowautomatisierung z\u00e4hlt CCS zu [&hellip;]<\/p>\n","protected":false},"author":3,"featured_media":0,"parent":0,"menu_order":0,"comment_status":"closed","ping_status":"closed","template":"","meta":{"_et_pb_use_builder":"on","_et_pb_old_content":"","_et_gb_content_width":"","footnotes":""},"class_list":["post-7351","page","type-page","status-publish","hentry"],"_links":{"self":[{"href":"https:\/\/content-conversion.com\/de\/wp-json\/wp\/v2\/pages\/7351","targetHints":{"allow":["GET"]}}],"collection":[{"href":"https:\/\/content-conversion.com\/de\/wp-json\/wp\/v2\/pages"}],"about":[{"href":"https:\/\/content-conversion.com\/de\/wp-json\/wp\/v2\/types\/page"}],"author":[{"embeddable":true,"href":"https:\/\/content-conversion.com\/de\/wp-json\/wp\/v2\/users\/3"}],"replies":[{"embeddable":true,"href":"https:\/\/content-conversion.com\/de\/wp-json\/wp\/v2\/comments?post=7351"}],"version-history":[{"count":13,"href":"https:\/\/content-conversion.com\/de\/wp-json\/wp\/v2\/pages\/7351\/revisions"}],"predecessor-version":[{"id":7591,"href":"https:\/\/content-conversion.com\/de\/wp-json\/wp\/v2\/pages\/7351\/revisions\/7591"}],"wp:attachment":[{"href":"https:\/\/content-conversion.com\/de\/wp-json\/wp\/v2\/media?parent=7351"}],"curies":[{"name":"wp","href":"https:\/\/api.w.org\/{rel}","templated":true}]}}