{"id":7165,"date":"2024-01-31T13:47:06","date_gmt":"2024-01-31T12:47:06","guid":{"rendered":"https:\/\/content-conversion.com\/docwizz-download\/"},"modified":"2024-03-27T16:31:27","modified_gmt":"2024-03-27T15:31:27","slug":"docwizz-download","status":"publish","type":"page","link":"https:\/\/content-conversion.com\/de\/docwizz-download\/","title":{"rendered":"docWizz Download"},"content":{"rendered":"<p>[et_pb_section fb_built=&#8220;1&#8243; _builder_version=&#8220;4.16&#8243; background_color_gradient_direction=&#8220;182deg&#8220; background_enable_image=&#8220;off&#8220; parallax=&#8220;on&#8220; custom_padding=&#8220;10px||10px||false|false&#8220; animation_style=&#8220;fade&#8220; animation_direction=&#8220;right&#8220; background_last_edited=&#8220;off|desktop&#8220; background_enable_color_phone=&#8220;off&#8220; background_blend_phone=&#8220;normal&#8220; border_color_top=&#8220;#1e69ae&#8220; border_color_bottom=&#8220;#1e69ae&#8220; global_colors_info=&#8220;{}&#8220;][et_pb_row _builder_version=&#8220;4.16&#8243; global_colors_info=&#8220;{}&#8220;][et_pb_column type=&#8220;4_4&#8243; _builder_version=&#8220;4.16&#8243; custom_padding=&#8220;|||&#8220; global_colors_info=&#8220;{}&#8220; custom_padding__hover=&#8220;|||&#8220;][et_pb_text _builder_version=&#8220;4.16&#8243; header_font=&#8220;Open Sans Condensed Light local|300|||||||&#8220; header_text_color=&#8220;#666666&#8243; header_font_size=&#8220;70px&#8220; header_letter_spacing=&#8220;1px&#8220; max_width=&#8220;100%&#8220; animation_style=&#8220;slide&#8220; animation_direction=&#8220;left&#8220; header_font_tablet=&#8220;&#8220; header_font_phone=&#8220;||||||||&#8220; header_font_last_edited=&#8220;on|phone&#8220; header_font_size_phone=&#8220;50px&#8220; locked=&#8220;off&#8220; global_colors_info=&#8220;{}&#8220;]<\/p>\n<h1>docWizz Download<\/h1>\n<p>[\/et_pb_text][\/et_pb_column][\/et_pb_row][\/et_pb_section][et_pb_section fb_built=&#8220;1&#8243; _builder_version=&#8220;4.16&#8243; background_color=&#8220;#919191&#8243; background_enable_image=&#8220;off&#8220; parallax=&#8220;on&#8220; min_height=&#8220;194px&#8220; custom_margin=&#8220;||-44px|||&#8220; custom_padding=&#8220;15px||60px||false|false&#8220; animation_style=&#8220;fade&#8220; animation_direction=&#8220;right&#8220; background_last_edited=&#8220;off|desktop&#8220; background_enable_color_phone=&#8220;off&#8220; background_blend_phone=&#8220;normal&#8220; border_color_top=&#8220;#1e69ae&#8220; border_color_bottom=&#8220;#1e69ae&#8220; global_colors_info=&#8220;{}&#8220;][et_pb_row _builder_version=&#8220;4.16&#8243; global_colors_info=&#8220;{}&#8220;][et_pb_column type=&#8220;4_4&#8243; _builder_version=&#8220;4.16&#8243; custom_padding=&#8220;|||&#8220; global_colors_info=&#8220;{}&#8220; custom_padding__hover=&#8220;|||&#8220;][et_pb_text _builder_version=&#8220;4.16&#8243; text_font=&#8220;Open Sans Condensed||||||||&#8220; text_text_color=&#8220;#ffffff&#8220; text_font_size=&#8220;26px&#8220; text_letter_spacing=&#8220;1px&#8220; text_line_height=&#8220;1.4em&#8220; text_orientation=&#8220;center&#8220; max_width=&#8220;750px&#8220; module_alignment=&#8220;center&#8220; animation_style=&#8220;slide&#8220; animation_direction=&#8220;right&#8220; global_colors_info=&#8220;{}&#8220;]<\/p>\n<p>Hier finden Sie aktuelle Anleitungen, Presentationen und technische Dokumentation zu docWizz.<\/p>\n<p>[\/et_pb_text][\/et_pb_column][\/et_pb_row][\/et_pb_section][et_pb_section fb_built=&#8220;1&#8243; _builder_version=&#8220;4.16&#8243; background_enable_image=&#8220;off&#8220; parallax=&#8220;on&#8220; custom_padding=&#8220;15px||29px||false|false&#8220; animation_style=&#8220;fade&#8220; animation_direction=&#8220;right&#8220; background_last_edited=&#8220;off|desktop&#8220; background_enable_color_phone=&#8220;off&#8220; background_blend_phone=&#8220;normal&#8220; border_color_top=&#8220;#1e69ae&#8220; border_color_bottom=&#8220;#1e69ae&#8220; global_colors_info=&#8220;{}&#8220;][et_pb_row _builder_version=&#8220;4.16&#8243; background_color=&#8220;#1e69ae&#8220; global_colors_info=&#8220;{}&#8220;][et_pb_column type=&#8220;4_4&#8243; _builder_version=&#8220;4.16&#8243; custom_padding=&#8220;|||&#8220; global_colors_info=&#8220;{}&#8220; custom_padding__hover=&#8220;|||&#8220;][et_pb_text _builder_version=&#8220;4.16&#8243; text_font=&#8220;Open Sans Condensed Light local||||||||&#8220; text_text_color=&#8220;#ffffff&#8220; text_font_size=&#8220;22px&#8220; text_letter_spacing=&#8220;1px&#8220; text_line_height=&#8220;1.4em&#8220; background_color=&#8220;#1e69ae&#8220; text_orientation=&#8220;center&#8220; max_width=&#8220;750px&#8220; module_alignment=&#8220;center&#8220; animation_style=&#8220;slide&#8220; animation_direction=&#8220;right&#8220; global_colors_info=&#8220;{}&#8220;]<\/p>\n<p><strong>dWScanClient User manual<\/strong><\/p>\n<p>dWScanClient ist das Werkzeug zu Kontrolle von Bilddateien w\u00e4hrend und nach dem Scannen. Die Bider werden zusammen mit den zugeh\u00f6rigen Informationen (Meta-Daten, Seitenummern, etc) \u00fcbersichtlich dargestellt. Unterst\u00fctzt werden Aufsichtscanner, Flachbettscanner sowie automatische oder manuelle Buchscanner.<\/p>\n<p>[\/et_pb_text][et_pb_button button_url=&#8220;https:\/\/redir2.content-conversion.com\/ScanclientConfiguration\/&#8220; url_new_window=&#8220;on&#8220; button_text=&#8220;Download (PDF)&#8220; button_alignment=&#8220;center&#8220; _builder_version=&#8220;4.24.0&#8243; custom_button=&#8220;on&#8220; button_text_color=&#8220;#ffffff&#8220; button_bg_color=&#8220;#919191&#8243; button_border_width=&#8220;1px&#8220; button_border_radius=&#8220;18px&#8220; button_letter_spacing=&#8220;1px&#8220; button_font=&#8220;Open Sans Condensed|||on|||||&#8220; button_icon=&#8220;&#x68;||divi||400&#8243; button_icon_color=&#8220;#ffffff&#8220; animation_style=&#8220;slide&#8220; animation_direction=&#8220;left&#8220; global_colors_info=&#8220;{}&#8220;][\/et_pb_button][\/et_pb_column][\/et_pb_row][et_pb_row _builder_version=&#8220;4.16&#8243; _module_preset=&#8220;default&#8220; global_colors_info=&#8220;{}&#8220;][et_pb_column type=&#8220;4_4&#8243; _builder_version=&#8220;4.16&#8243; _module_preset=&#8220;default&#8220; global_colors_info=&#8220;{}&#8220;][\/et_pb_column][\/et_pb_row][et_pb_row _builder_version=&#8220;4.16&#8243; background_color=&#8220;#1e69ae&#8220; global_colors_info=&#8220;{}&#8220;][et_pb_column type=&#8220;4_4&#8243; _builder_version=&#8220;4.16&#8243; custom_padding=&#8220;|||&#8220; global_colors_info=&#8220;{}&#8220; custom_padding__hover=&#8220;|||&#8220;][et_pb_text _builder_version=&#8220;4.16&#8243; text_font=&#8220;Open Sans Condensed Light local||||||||&#8220; text_text_color=&#8220;#ffffff&#8220; text_font_size=&#8220;22px&#8220; text_letter_spacing=&#8220;1px&#8220; text_line_height=&#8220;1.4em&#8220; background_color=&#8220;#1e69ae&#8220; text_orientation=&#8220;center&#8220; max_width=&#8220;750px&#8220; module_alignment=&#8220;center&#8220; animation_style=&#8220;slide&#8220; animation_direction=&#8220;right&#8220; global_colors_info=&#8220;{}&#8220;]<\/p>\n<p><strong>docWizz Reference Book<\/strong><\/p>\n<p>Technische Informationen und Konfigurationsdeteils werden beschrieben. F\u00fcr die meisten dieser Funktionen wrden System Administrator Rechte ben\u00f6tigt. Funktionen k\u00f6nnen alternativ \u00fcber Menues, Icons oder Tastatus hotkeys bedient werden<\/p>\n<p>[\/et_pb_text][et_pb_button button_url=&#8220;https:\/\/redir2.content-conversion.com\/docWizzReferenceBook\/&#8220; url_new_window=&#8220;on&#8220; button_text=&#8220;Download (PDF)&#8220; button_alignment=&#8220;center&#8220; _builder_version=&#8220;4.24.0&#8243; custom_button=&#8220;on&#8220; button_text_color=&#8220;#ffffff&#8220; button_bg_color=&#8220;#919191&#8243; button_border_width=&#8220;1px&#8220; button_border_radius=&#8220;18px&#8220; button_letter_spacing=&#8220;1px&#8220; button_font=&#8220;Open Sans Condensed|||on|||||&#8220; button_icon=&#8220;&#x68;||divi||400&#8243; button_icon_color=&#8220;#ffffff&#8220; animation_style=&#8220;slide&#8220; animation_direction=&#8220;left&#8220; hover_enabled=&#8220;0&#8243; global_colors_info=&#8220;{}&#8220; sticky_enabled=&#8220;0&#8243;][\/et_pb_button][\/et_pb_column][\/et_pb_row][et_pb_row _builder_version=&#8220;4.16&#8243; _module_preset=&#8220;default&#8220; global_colors_info=&#8220;{}&#8220;][et_pb_column type=&#8220;4_4&#8243; _builder_version=&#8220;4.16&#8243; _module_preset=&#8220;default&#8220; global_colors_info=&#8220;{}&#8220;][\/et_pb_column][\/et_pb_row][et_pb_row _builder_version=&#8220;4.16&#8243; background_color=&#8220;#1e69ae&#8220; global_colors_info=&#8220;{}&#8220;][et_pb_column type=&#8220;4_4&#8243; _builder_version=&#8220;4.16&#8243; custom_padding=&#8220;|||&#8220; global_colors_info=&#8220;{}&#8220; custom_padding__hover=&#8220;|||&#8220;][et_pb_text _builder_version=&#8220;4.16&#8243; text_font=&#8220;Open Sans Condensed Light local||||||||&#8220; text_text_color=&#8220;#ffffff&#8220; text_font_size=&#8220;22px&#8220; text_letter_spacing=&#8220;1px&#8220; text_line_height=&#8220;1.4em&#8220; background_color=&#8220;#1e69ae&#8220; text_orientation=&#8220;center&#8220; max_width=&#8220;750px&#8220; module_alignment=&#8220;center&#8220; animation_style=&#8220;slide&#8220; animation_direction=&#8220;right&#8220; global_colors_info=&#8220;{}&#8220;]<\/p>\n<p><strong>docWizz Sprachen<\/strong><\/p>\n<p>\u00dcberblick \u00fcber die von docWizz unterst\u00fctzten Sprachen.<\/p>\n<p>[\/et_pb_text][et_pb_button button_url=&#8220;https:\/\/redir2.content-conversion.com\/docWizzLanguages\/&#8220; url_new_window=&#8220;on&#8220; button_text=&#8220;Download (PDF)&#8220; button_alignment=&#8220;center&#8220; _builder_version=&#8220;4.24.0&#8243; custom_button=&#8220;on&#8220; button_text_color=&#8220;#ffffff&#8220; button_bg_color=&#8220;#919191&#8243; button_border_width=&#8220;1px&#8220; button_border_radius=&#8220;18px&#8220; button_letter_spacing=&#8220;1px&#8220; button_font=&#8220;Open Sans Condensed|||on|||||&#8220; button_icon=&#8220;&#x68;||divi||400&#8243; button_icon_color=&#8220;#ffffff&#8220; animation_style=&#8220;slide&#8220; animation_direction=&#8220;left&#8220; hover_enabled=&#8220;0&#8243; global_colors_info=&#8220;{}&#8220; sticky_enabled=&#8220;0&#8243;][\/et_pb_button][\/et_pb_column][\/et_pb_row][et_pb_row _builder_version=&#8220;4.16&#8243; _module_preset=&#8220;default&#8220; global_colors_info=&#8220;{}&#8220;][et_pb_column type=&#8220;4_4&#8243; _builder_version=&#8220;4.16&#8243; _module_preset=&#8220;default&#8220; global_colors_info=&#8220;{}&#8220;][\/et_pb_column][\/et_pb_row][et_pb_row _builder_version=&#8220;4.16&#8243; background_color=&#8220;#1e69ae&#8220; global_colors_info=&#8220;{}&#8220;][et_pb_column type=&#8220;4_4&#8243; _builder_version=&#8220;4.16&#8243; custom_padding=&#8220;|||&#8220; global_colors_info=&#8220;{}&#8220; custom_padding__hover=&#8220;|||&#8220;][et_pb_text _builder_version=&#8220;4.16&#8243; text_font=&#8220;Open Sans Condensed Light local||||||||&#8220; text_text_color=&#8220;#ffffff&#8220; text_font_size=&#8220;22px&#8220; text_letter_spacing=&#8220;1px&#8220; text_line_height=&#8220;1.4em&#8220; background_color=&#8220;#1e69ae&#8220; text_orientation=&#8220;center&#8220; max_width=&#8220;750px&#8220; module_alignment=&#8220;center&#8220; animation_style=&#8220;slide&#8220; animation_direction=&#8220;right&#8220; global_colors_info=&#8220;{}&#8220;]<\/p>\n<p><strong>docWizz workflow Kategorien<\/strong><\/p>\n<p>Die unterschiedlichen Anforderungen an die Digitalisierung verschiedener Dokumentenarten wurde erstmalig im Rahmen des METAe Projektes beschreiben. Abgeleitet von einer Basistrktur wurden f\u00fcr die h\u00e4ufigsten Dokumentenarten Datenstrukturen definiert. Z.b. f\u00fcr Monographien, Zeitungen und Zeitschriften.<\/p>\n<p>[\/et_pb_text][et_pb_button button_url=&#8220;https:\/\/redir2.content-conversion.com\/docWizzWorkflowTypes\/&#8220; url_new_window=&#8220;on&#8220; button_text=&#8220;Download (PDF)&#8220; button_alignment=&#8220;center&#8220; _builder_version=&#8220;4.24.0&#8243; custom_button=&#8220;on&#8220; button_text_color=&#8220;#ffffff&#8220; button_bg_color=&#8220;#919191&#8243; button_border_width=&#8220;1px&#8220; button_border_radius=&#8220;18px&#8220; button_letter_spacing=&#8220;1px&#8220; button_font=&#8220;Open Sans Condensed|||on|||||&#8220; button_icon=&#8220;&#x68;||divi||400&#8243; button_icon_color=&#8220;#ffffff&#8220; animation_style=&#8220;slide&#8220; animation_direction=&#8220;left&#8220; hover_enabled=&#8220;0&#8243; global_colors_info=&#8220;{}&#8220; sticky_enabled=&#8220;0&#8243;][\/et_pb_button][\/et_pb_column][\/et_pb_row][et_pb_row _builder_version=&#8220;4.16&#8243; _module_preset=&#8220;default&#8220; global_colors_info=&#8220;{}&#8220;][et_pb_column type=&#8220;4_4&#8243; _builder_version=&#8220;4.16&#8243; _module_preset=&#8220;default&#8220; global_colors_info=&#8220;{}&#8220;][\/et_pb_column][\/et_pb_row][et_pb_row _builder_version=&#8220;4.16&#8243; background_color=&#8220;#1e69ae&#8220; global_colors_info=&#8220;{}&#8220;][et_pb_column type=&#8220;4_4&#8243; _builder_version=&#8220;4.16&#8243; custom_padding=&#8220;|||&#8220; global_colors_info=&#8220;{}&#8220; custom_padding__hover=&#8220;|||&#8220;][et_pb_text _builder_version=&#8220;4.16&#8243; text_font=&#8220;Open Sans Condensed Light local||||||||&#8220; text_text_color=&#8220;#ffffff&#8220; text_font_size=&#8220;22px&#8220; text_letter_spacing=&#8220;1px&#8220; text_line_height=&#8220;1.4em&#8220; background_color=&#8220;#1e69ae&#8220; text_orientation=&#8220;center&#8220; max_width=&#8220;750px&#8220; module_alignment=&#8220;center&#8220; animation_style=&#8220;slide&#8220; animation_direction=&#8220;right&#8220; global_colors_info=&#8220;{}&#8220;]<\/p>\n<p><strong>docWizz Shortcuts<\/strong><\/p>\n<p>Liste der docWizz Tastatur Shortcuts.<\/p>\n<p>[\/et_pb_text][et_pb_button button_url=&#8220;https:\/\/redir2.content-conversion.com\/docWizzListOfShortcuts\/&#8220; url_new_window=&#8220;on&#8220; button_text=&#8220;Download (PDF)&#8220; button_alignment=&#8220;center&#8220; _builder_version=&#8220;4.24.0&#8243; custom_button=&#8220;on&#8220; button_text_color=&#8220;#ffffff&#8220; button_bg_color=&#8220;#919191&#8243; button_border_width=&#8220;1px&#8220; button_border_radius=&#8220;18px&#8220; button_letter_spacing=&#8220;1px&#8220; button_font=&#8220;Open Sans Condensed|||on|||||&#8220; button_icon=&#8220;&#x68;||divi||400&#8243; button_icon_color=&#8220;#ffffff&#8220; animation_style=&#8220;slide&#8220; animation_direction=&#8220;left&#8220; hover_enabled=&#8220;0&#8243; global_colors_info=&#8220;{}&#8220; sticky_enabled=&#8220;0&#8243;][\/et_pb_button][\/et_pb_column][\/et_pb_row][et_pb_row _builder_version=&#8220;4.16&#8243; _module_preset=&#8220;default&#8220; global_colors_info=&#8220;{}&#8220;][et_pb_column type=&#8220;4_4&#8243; _builder_version=&#8220;4.16&#8243; _module_preset=&#8220;default&#8220; global_colors_info=&#8220;{}&#8220;][\/et_pb_column][\/et_pb_row][et_pb_row _builder_version=&#8220;4.16&#8243; background_color=&#8220;#1e69ae&#8220; global_colors_info=&#8220;{}&#8220;][et_pb_column type=&#8220;4_4&#8243; _builder_version=&#8220;4.16&#8243; custom_padding=&#8220;|||&#8220; global_colors_info=&#8220;{}&#8220; custom_padding__hover=&#8220;|||&#8220;][et_pb_text _builder_version=&#8220;4.16&#8243; text_font=&#8220;Open Sans Condensed Light local||||||||&#8220; text_text_color=&#8220;#ffffff&#8220; text_font_size=&#8220;22px&#8220; text_letter_spacing=&#8220;1px&#8220; text_line_height=&#8220;1.4em&#8220; background_color=&#8220;#1e69ae&#8220; text_orientation=&#8220;center&#8220; max_width=&#8220;750px&#8220; module_alignment=&#8220;center&#8220; animation_style=&#8220;slide&#8220; animation_direction=&#8220;right&#8220; global_colors_info=&#8220;{}&#8220;]<\/p>\n<p><strong>docWizz System Requirements<\/strong><\/p>\n<p>docWizz ist das einzige Softwareprodukt, dass alle Konversionsschritte konsistent in einem Workflow abbildet. Drei docWizz Editionen (Basic, Pro und Enterprise) bieten die ideale L\u00f6sung f\u00fcr Ihr Project. Von einer kleinen Sammlung bis zur Nationalbiblithek.<\/p>\n<p>[\/et_pb_text][et_pb_button button_url=&#8220;https:\/\/redir2.content-conversion.com\/docWizzSystemRequirements\/&#8220; url_new_window=&#8220;on&#8220; button_text=&#8220;Download (PDF)&#8220; button_alignment=&#8220;center&#8220; _builder_version=&#8220;4.24.0&#8243; custom_button=&#8220;on&#8220; button_text_color=&#8220;#ffffff&#8220; button_bg_color=&#8220;#919191&#8243; button_border_width=&#8220;1px&#8220; button_border_radius=&#8220;18px&#8220; button_letter_spacing=&#8220;1px&#8220; button_font=&#8220;Open Sans Condensed|||on|||||&#8220; button_icon=&#8220;&#x68;||divi||400&#8243; button_icon_color=&#8220;#ffffff&#8220; animation_style=&#8220;slide&#8220; animation_direction=&#8220;left&#8220; hover_enabled=&#8220;0&#8243; global_colors_info=&#8220;{}&#8220; sticky_enabled=&#8220;0&#8243;][\/et_pb_button][\/et_pb_column][\/et_pb_row][et_pb_row _builder_version=&#8220;4.16&#8243; _module_preset=&#8220;default&#8220; global_colors_info=&#8220;{}&#8220;][et_pb_column type=&#8220;4_4&#8243; _builder_version=&#8220;4.16&#8243; _module_preset=&#8220;default&#8220; global_colors_info=&#8220;{}&#8220;][\/et_pb_column][\/et_pb_row][et_pb_row _builder_version=&#8220;4.16&#8243; background_color=&#8220;#1e69ae&#8220; global_colors_info=&#8220;{}&#8220;][et_pb_column type=&#8220;4_4&#8243; _builder_version=&#8220;4.16&#8243; custom_padding=&#8220;|||&#8220; global_colors_info=&#8220;{}&#8220; custom_padding__hover=&#8220;|||&#8220;][et_pb_text _builder_version=&#8220;4.16&#8243; text_font=&#8220;Open Sans Condensed Light local||||||||&#8220; text_text_color=&#8220;#ffffff&#8220; text_font_size=&#8220;22px&#8220; text_letter_spacing=&#8220;1px&#8220; text_line_height=&#8220;1.4em&#8220; background_color=&#8220;#1e69ae&#8220; text_orientation=&#8220;center&#8220; max_width=&#8220;750px&#8220; module_alignment=&#8220;center&#8220; animation_style=&#8220;slide&#8220; animation_direction=&#8220;right&#8220; global_colors_info=&#8220;{}&#8220;]<\/p>\n<p><strong>docWizz User\u00b4s Manual<\/strong><\/p>\n<p>docWizz einfach erkl\u00e4rt f\u00fcr einen einfachen Einstieg in die erfolgreiche Nutzung.<\/p>\n<p>[\/et_pb_text][et_pb_button button_url=&#8220;https:\/\/redir2.content-conversion.com\/docWizzUserManual\/&#8220; url_new_window=&#8220;on&#8220; button_text=&#8220;Download (PDF)&#8220; button_alignment=&#8220;center&#8220; _builder_version=&#8220;4.24.0&#8243; custom_button=&#8220;on&#8220; button_text_color=&#8220;#ffffff&#8220; button_bg_color=&#8220;#919191&#8243; button_border_width=&#8220;1px&#8220; button_border_radius=&#8220;18px&#8220; button_letter_spacing=&#8220;1px&#8220; button_font=&#8220;Open Sans Condensed|||on|||||&#8220; button_icon=&#8220;&#x68;||divi||400&#8243; button_icon_color=&#8220;#ffffff&#8220; animation_style=&#8220;slide&#8220; animation_direction=&#8220;left&#8220; hover_enabled=&#8220;0&#8243; global_colors_info=&#8220;{}&#8220; sticky_enabled=&#8220;0&#8243;][\/et_pb_button][\/et_pb_column][\/et_pb_row][\/et_pb_section]<\/p>\n","protected":false},"excerpt":{"rendered":"<p>docWizz DownloadHier finden Sie aktuelle Anleitungen, Presentationen und technische Dokumentation zu docWizz.dWScanClient User manual dWScanClient ist das Werkzeug zu Kontrolle von Bilddateien w\u00e4hrend und nach dem Scannen. Die Bider werden zusammen mit den zugeh\u00f6rigen Informationen (Meta-Daten, Seitenummern, etc) \u00fcbersichtlich dargestellt. Unterst\u00fctzt werden Aufsichtscanner, Flachbettscanner sowie automatische oder manuelle Buchscanner.docWizz Reference Book Technische Informationen und Konfigurationsdeteils [&hellip;]<\/p>\n","protected":false},"author":3,"featured_media":0,"parent":0,"menu_order":0,"comment_status":"closed","ping_status":"closed","template":"","meta":{"_et_pb_use_builder":"on","_et_pb_old_content":"","_et_gb_content_width":"","footnotes":""},"class_list":["post-7165","page","type-page","status-publish","hentry"],"_links":{"self":[{"href":"https:\/\/content-conversion.com\/de\/wp-json\/wp\/v2\/pages\/7165","targetHints":{"allow":["GET"]}}],"collection":[{"href":"https:\/\/content-conversion.com\/de\/wp-json\/wp\/v2\/pages"}],"about":[{"href":"https:\/\/content-conversion.com\/de\/wp-json\/wp\/v2\/types\/page"}],"author":[{"embeddable":true,"href":"https:\/\/content-conversion.com\/de\/wp-json\/wp\/v2\/users\/3"}],"replies":[{"embeddable":true,"href":"https:\/\/content-conversion.com\/de\/wp-json\/wp\/v2\/comments?post=7165"}],"version-history":[{"count":13,"href":"https:\/\/content-conversion.com\/de\/wp-json\/wp\/v2\/pages\/7165\/revisions"}],"predecessor-version":[{"id":7467,"href":"https:\/\/content-conversion.com\/de\/wp-json\/wp\/v2\/pages\/7165\/revisions\/7467"}],"wp:attachment":[{"href":"https:\/\/content-conversion.com\/de\/wp-json\/wp\/v2\/media?parent=7165"}],"curies":[{"name":"wp","href":"https:\/\/api.w.org\/{rel}","templated":true}]}}