{"id":2927,"date":"2020-04-28T14:00:51","date_gmt":"2020-04-28T12:00:51","guid":{"rendered":"https:\/\/ccs-docworks.com\/software\/itemtracking\/"},"modified":"2020-06-02T12:53:31","modified_gmt":"2020-06-02T10:53:31","slug":"itemtracking","status":"publish","type":"page","link":"https:\/\/content-conversion.com\/de\/software\/itemtracking\/","title":{"rendered":"itemTracking"},"content":{"rendered":"<p>[et_pb_section fb_built=&#8220;1&#8243; _builder_version=&#8220;4.4.2&#8243; background_color_gradient_direction=&#8220;182deg&#8220; background_enable_image=&#8220;off&#8220; parallax=&#8220;on&#8220; custom_padding=&#8220;10px||10px||false|false&#8220; animation_style=&#8220;fade&#8220; animation_direction=&#8220;right&#8220; background_last_edited=&#8220;off|desktop&#8220; background_enable_color_phone=&#8220;off&#8220; background_blend_phone=&#8220;normal&#8220; border_color_top=&#8220;#1e69ae&#8220; border_color_bottom=&#8220;#1e69ae&#8220;][et_pb_row _builder_version=&#8220;4.4.1&#8243;][et_pb_column type=&#8220;4_4&#8243; _builder_version=&#8220;3.25&#8243; custom_padding=&#8220;|||&#8220; custom_padding__hover=&#8220;|||&#8220;][et_pb_text _builder_version=&#8220;4.4.2&#8243; header_font=&#8220;||||||||&#8220; header_text_color=&#8220;#666666&#8243; header_font_size=&#8220;70px&#8220; header_letter_spacing=&#8220;1px&#8220; max_width=&#8220;100%&#8220; animation_style=&#8220;slide&#8220; animation_direction=&#8220;left&#8220; header_font_tablet=&#8220;&#8220; header_font_phone=&#8220;||||||||&#8220; header_font_last_edited=&#8220;on|phone&#8220; header_font_size_phone=&#8220;50px&#8220; locked=&#8220;off&#8220;]<\/p>\n<h1>itemTracking<\/h1>\n<p>[\/et_pb_text][\/et_pb_column][\/et_pb_row][\/et_pb_section][et_pb_section fb_built=&#8220;1&#8243; admin_label=&#8220;Split Section&#8220; _builder_version=&#8220;4.4.1&#8243; background_color=&#8220;#a6a6a6&#8243; custom_padding=&#8220;0px||0px|&#8220; top_divider_color=&#8220;#a6a6a6&#8243; top_divider_height=&#8220;75px&#8220; top_divider_flip=&#8220;horizontal&#8220; top_divider_arrangement=&#8220;above_content&#8220; bottom_divider_color=&#8220;#a6a6a6&#8243; bottom_divider_height=&#8220;75px&#8220; bottom_divider_flip=&#8220;horizontal&#8220; bottom_divider_arrangement=&#8220;above_content&#8220; animation_direction=&#8220;left&#8220; border_color_top=&#8220;#1e69ae&#8220; border_color_bottom=&#8220;#a6a6a6&#8243; locked=&#8220;off&#8220;][et_pb_row column_structure=&#8220;2_5,3_5&#8243; use_custom_gutter=&#8220;on&#8220; gutter_width=&#8220;1&#8243; make_equal=&#8220;on&#8220; module_class=&#8220; et_pb_row_fullwidth&#8220; _builder_version=&#8220;4.4.4&#8243; background_size=&#8220;initial&#8220; background_position=&#8220;top_left&#8220; background_repeat=&#8220;repeat&#8220; width=&#8220;100%&#8220; width_tablet=&#8220;100%&#8220; width_phone=&#8220;&#8220; width_last_edited=&#8220;on|desktop&#8220; max_width=&#8220;100%&#8220; max_width_tablet=&#8220;100%&#8220; max_width_phone=&#8220;&#8220; max_width_last_edited=&#8220;on|desktop&#8220; custom_margin=&#8220;|||&#8220; custom_padding=&#8220;0px||0px|&#8220; make_fullwidth=&#8220;on&#8220;][et_pb_column type=&#8220;2_5&#8243; _builder_version=&#8220;4.4.4&#8243; background_image=&#8220;https:\/\/content-conversion.com\/wp-content\/uploads\/2020\/04\/itemtracking.jpg&#8220; background_position=&#8220;top_left&#8220; custom_padding=&#8220;|||&#8220; animation_style=&#8220;slide&#8220; animation_direction=&#8220;left&#8220; custom_padding__hover=&#8220;|||&#8220;][et_pb_divider show_divider=&#8220;off&#8220; _builder_version=&#8220;4.4.1&#8243; custom_margin=&#8220;||110px|||&#8220; custom_padding=&#8220;||150px|||&#8220;][\/et_pb_divider][\/et_pb_column][et_pb_column type=&#8220;3_5&#8243; _builder_version=&#8220;4.4.2&#8243; background_color=&#8220;#919191&#8243; background_position=&#8220;top_left&#8220; custom_padding=&#8220;5%|16%|5%|5%|false|false&#8220; custom_padding_tablet=&#8220;&#8220; custom_padding_phone=&#8220;80px|10%|80px|10%&#8220; custom_padding_last_edited=&#8220;on|desktop&#8220; animation_style=&#8220;slide&#8220; animation_direction=&#8220;right&#8220; custom_padding__hover=&#8220;|||&#8220;][et_pb_text _builder_version=&#8220;4.4.7&#8243; text_font=&#8220;Open Sans Condensed||||||||&#8220; text_text_color=&#8220;#ffffff&#8220; text_font_size=&#8220;26px&#8220; text_letter_spacing=&#8220;1px&#8220; text_line_height=&#8220;1.4em&#8220; max_width=&#8220;750px&#8220; module_alignment=&#8220;center&#8220; animation_style=&#8220;slide&#8220; animation_direction=&#8220;right&#8220; hover_enabled=&#8220;0&#8243;]<\/p>\n<p>Massendigitalisierungsprojekte managen, \u00fcberwachen und analysieren Sie, von jedem Ort aus und zu jeder Zeit, mit unserem Browser-basierten Nachverfolgungs- und \u00dcberwachungsmodul itemTracking.<\/p>\n<p>Jedes Dokument wir mit einem Barcode ausgestattet, welcher ein l\u00fcckenloses Tracking erm\u00f6glicht. Verfolgt werden der Aufenthaltsort des Dokuments sowie der Konvertierungsstatus des Digitalisats. Der Zugriff auf itemTracking kann von jedem mit dem Internet verbundenen PC erfolgen. <\/p>\n<p>[\/et_pb_text][\/et_pb_column][\/et_pb_row][\/et_pb_section]<\/p>\n","protected":false},"excerpt":{"rendered":"<p>itemTrackingMassendigitalisierungsprojekte managen, \u00fcberwachen und analysieren Sie, von jedem Ort aus und zu jeder Zeit, mit unserem Browser-basierten Nachverfolgungs- und \u00dcberwachungsmodul itemTracking. Jedes Dokument wir mit einem Barcode ausgestattet, welcher ein l\u00fcckenloses Tracking erm\u00f6glicht. Verfolgt werden der Aufenthaltsort des Dokuments sowie der Konvertierungsstatus des Digitalisats. Der Zugriff auf itemTracking kann von jedem mit dem Internet verbundenen [&hellip;]<\/p>\n","protected":false},"author":3,"featured_media":0,"parent":1345,"menu_order":0,"comment_status":"closed","ping_status":"closed","template":"","meta":{"_et_pb_use_builder":"on","_et_pb_old_content":"","_et_gb_content_width":"","footnotes":""},"class_list":["post-2927","page","type-page","status-publish","hentry"],"_links":{"self":[{"href":"https:\/\/content-conversion.com\/de\/wp-json\/wp\/v2\/pages\/2927","targetHints":{"allow":["GET"]}}],"collection":[{"href":"https:\/\/content-conversion.com\/de\/wp-json\/wp\/v2\/pages"}],"about":[{"href":"https:\/\/content-conversion.com\/de\/wp-json\/wp\/v2\/types\/page"}],"author":[{"embeddable":true,"href":"https:\/\/content-conversion.com\/de\/wp-json\/wp\/v2\/users\/3"}],"replies":[{"embeddable":true,"href":"https:\/\/content-conversion.com\/de\/wp-json\/wp\/v2\/comments?post=2927"}],"version-history":[{"count":7,"href":"https:\/\/content-conversion.com\/de\/wp-json\/wp\/v2\/pages\/2927\/revisions"}],"predecessor-version":[{"id":3571,"href":"https:\/\/content-conversion.com\/de\/wp-json\/wp\/v2\/pages\/2927\/revisions\/3571"}],"up":[{"embeddable":true,"href":"https:\/\/content-conversion.com\/de\/wp-json\/wp\/v2\/pages\/1345"}],"wp:attachment":[{"href":"https:\/\/content-conversion.com\/de\/wp-json\/wp\/v2\/media?parent=2927"}],"curies":[{"name":"wp","href":"https:\/\/api.w.org\/{rel}","templated":true}]}}