{"id":1383,"date":"2020-03-13T09:28:09","date_gmt":"2020-03-13T08:28:09","guid":{"rendered":"https:\/\/ccs-docworks.com\/software\/validator\/"},"modified":"2024-04-04T10:15:48","modified_gmt":"2024-04-04T08:15:48","slug":"validator","status":"publish","type":"page","link":"https:\/\/content-conversion.com\/de\/software\/validator\/","title":{"rendered":"Validator"},"content":{"rendered":"<p>[et_pb_section fb_built=&#8220;1&#8243; _builder_version=&#8220;4.16&#8243; background_color_gradient_direction=&#8220;182deg&#8220; background_enable_image=&#8220;off&#8220; parallax=&#8220;on&#8220; custom_padding=&#8220;10px||10px||false|false&#8220; animation_style=&#8220;fade&#8220; animation_direction=&#8220;right&#8220; background_last_edited=&#8220;off|desktop&#8220; background_enable_color_phone=&#8220;off&#8220; background_blend_phone=&#8220;normal&#8220; border_color_top=&#8220;#1e69ae&#8220; border_color_bottom=&#8220;#1e69ae&#8220; global_colors_info=&#8220;{}&#8220;][et_pb_row _builder_version=&#8220;4.16&#8243; global_colors_info=&#8220;{}&#8220;][et_pb_column type=&#8220;4_4&#8243; _builder_version=&#8220;4.16&#8243; custom_padding=&#8220;|||&#8220; global_colors_info=&#8220;{}&#8220; custom_padding__hover=&#8220;|||&#8220;][et_pb_text _builder_version=&#8220;4.16&#8243; header_font=&#8220;||||||||&#8220; header_text_color=&#8220;#666666&#8243; header_font_size=&#8220;70px&#8220; header_letter_spacing=&#8220;1px&#8220; max_width=&#8220;100%&#8220; animation_style=&#8220;slide&#8220; animation_direction=&#8220;left&#8220; header_font_tablet=&#8220;&#8220; header_font_phone=&#8220;||||||||&#8220; header_font_last_edited=&#8220;on|phone&#8220; header_font_size_phone=&#8220;50px&#8220; locked=&#8220;off&#8220; global_colors_info=&#8220;{}&#8220;]<\/p>\n<h1>Validator<\/h1>\n<p>[\/et_pb_text][\/et_pb_column][\/et_pb_row][\/et_pb_section][et_pb_section fb_built=&#8220;1&#8243; _builder_version=&#8220;4.16&#8243; background_color=&#8220;#919191&#8243; background_enable_image=&#8220;off&#8220; parallax=&#8220;on&#8220; custom_padding=&#8220;15px||60px||false|false&#8220; animation_style=&#8220;fade&#8220; animation_direction=&#8220;right&#8220; background_last_edited=&#8220;off|desktop&#8220; background_enable_color_phone=&#8220;off&#8220; background_blend_phone=&#8220;normal&#8220; border_color_top=&#8220;#1e69ae&#8220; border_color_bottom=&#8220;#1e69ae&#8220; global_colors_info=&#8220;{}&#8220;][et_pb_row _builder_version=&#8220;4.16&#8243; global_colors_info=&#8220;{}&#8220;][et_pb_column type=&#8220;4_4&#8243; _builder_version=&#8220;4.16&#8243; custom_padding=&#8220;|||&#8220; global_colors_info=&#8220;{}&#8220; custom_padding__hover=&#8220;|||&#8220;][et_pb_text _builder_version=&#8220;4.16&#8243; text_font=&#8220;Open Sans Condensed||||||||&#8220; text_text_color=&#8220;#ffffff&#8220; text_font_size=&#8220;26px&#8220; text_letter_spacing=&#8220;1px&#8220; text_line_height=&#8220;1.4em&#8220; text_orientation=&#8220;center&#8220; max_width=&#8220;750px&#8220; module_alignment=&#8220;center&#8220; animation_style=&#8220;slide&#8220; animation_direction=&#8220;right&#8220; global_colors_info=&#8220;{}&#8220;]<\/p>\n<p>Validator, unsere intelligente Software zur Qualit\u00e4tssicherung, liefert Ihnen ein zuverl\u00e4ssiges und pr\u00e4zises Werkzeug zur automatisierten Nach- oder Eingangskontrolle Ihres Digitalisats im METS\/ALTO-Format. Validator wird sowohl als Stand-alone-L\u00f6sung als auch in Kombination mit unserer Software docWizz eingesetzt.<\/p>\n<p>[\/et_pb_text][et_pb_button button_url=&#8220;https:\/\/redir2.content-conversion.com\/ValidatorFlyer\/&#8220; url_new_window=&#8220;on&#8220; button_text=&#8220;Download Flyer (PDF)&#8220; button_alignment=&#8220;center&#8220; _builder_version=&#8220;4.24.3&#8243; custom_button=&#8220;on&#8220; button_text_color=&#8220;#ffffff&#8220; button_bg_color=&#8220;#919191&#8243; button_border_width=&#8220;1px&#8220; button_border_radius=&#8220;18px&#8220; button_letter_spacing=&#8220;1px&#8220; button_font=&#8220;Open Sans Condensed|||on|||||&#8220; button_icon=&#8220;&#x68;||divi||400&#8243; button_icon_color=&#8220;#ffffff&#8220; animation_style=&#8220;slide&#8220; animation_direction=&#8220;left&#8220; hover_enabled=&#8220;0&#8243; global_colors_info=&#8220;{}&#8220; sticky_enabled=&#8220;0&#8243;][\/et_pb_button][\/et_pb_column][\/et_pb_row][\/et_pb_section][et_pb_section fb_built=&#8220;1&#8243; _builder_version=&#8220;4.16&#8243; background_color=&#8220;rgba(0,0,0,0)&#8220; background_enable_image=&#8220;off&#8220; parallax=&#8220;on&#8220; custom_margin=&#8220;-60px||30px||false|false&#8220; custom_padding=&#8220;0px||0px||false|false&#8220; animation_style=&#8220;fade&#8220; animation_direction=&#8220;right&#8220; background_last_edited=&#8220;off|desktop&#8220; background_enable_color_phone=&#8220;off&#8220; background_blend_phone=&#8220;normal&#8220; border_color_top=&#8220;#1e69ae&#8220; border_color_bottom=&#8220;#1e69ae&#8220; global_colors_info=&#8220;{}&#8220;][et_pb_row column_structure=&#8220;1_2,1_2&#8243; admin_label=&#8220;Services&#8220; _builder_version=&#8220;4.16&#8243; global_colors_info=&#8220;{}&#8220;][et_pb_column type=&#8220;1_2&#8243; _builder_version=&#8220;4.16&#8243; custom_padding=&#8220;|||&#8220; global_colors_info=&#8220;{}&#8220; custom_padding__hover=&#8220;|||&#8220;][et_pb_blurb title=&#8220;Validierung&#8220; use_icon=&#8220;on&#8220; font_icon=&#8220;&#x4e;||divi||400&#8243; icon_color=&#8220;#ffffff&#8220; image_icon_width=&#8220;50px&#8220; _builder_version=&#8220;4.16&#8243; header_font=&#8220;Open Sans Condensed|700|||||||&#8220; header_text_color=&#8220;#ffffff&#8220; header_font_size=&#8220;20px&#8220; body_font=&#8220;Open Sans|600|||||||&#8220; body_text_color=&#8220;#ffffff&#8220; body_font_size=&#8220;14px&#8220; body_link_font=&#8220;||||on||||solid&#8220; body_link_text_color=&#8220;#ffffff&#8220; background_color=&#8220;#1e69ae&#8220; background_size=&#8220;initial&#8220; background_position=&#8220;top_left&#8220; background_repeat=&#8220;repeat&#8220; text_orientation=&#8220;center&#8220; custom_padding=&#8220;30px|30px|30px|30px|true|true&#8220; animation_style=&#8220;zoom&#8220; border_radii=&#8220;on|18px|18px|18px|18px&#8220; border_width_all=&#8220;0px&#8220; border_color_all=&#8220;#1e69ae&#8220; border_style_all=&#8220;solid&#8220; use_border_color=&#8220;on&#8220; border_color=&#8220;#dddddd&#8220; icon_font_size=&#8220;50px&#8220; global_colors_info=&#8220;{}&#8220;]<\/p>\n<p>Validator \u00fcberpr\u00fcft <em>automatisch<\/em>, ob das Digitalisat den gesetzten Standards entspricht, beispielsweise ob die XML-Dateien korrekt gebildet wurden, die Bilddateien die richtige Komprimierung aufweisen oder die Metadaten konsistent sind. Gleichzeitig empfiehlt Validator Stichproben zur <em>manuellen<\/em> \u00dcberpr\u00fcfung der OCR, Bildqualit\u00e4t und Layoutanalyse.<\/p>\n<p>[\/et_pb_blurb][\/et_pb_column][et_pb_column type=&#8220;1_2&#8243; _builder_version=&#8220;4.16&#8243; global_colors_info=&#8220;{}&#8220;][et_pb_blurb title=&#8220;Reporting&#8220; use_icon=&#8220;on&#8220; font_icon=&#8220;&#xe0e9;||divi||400&#8243; icon_color=&#8220;#ffffff&#8220; image_icon_width=&#8220;50px&#8220; _builder_version=&#8220;4.16&#8243; header_font=&#8220;Open Sans Condensed|700|||||||&#8220; header_text_color=&#8220;#ffffff&#8220; header_font_size=&#8220;20px&#8220; body_font=&#8220;Open Sans|600|||||||&#8220; body_text_color=&#8220;#ffffff&#8220; body_font_size=&#8220;14px&#8220; body_link_font=&#8220;||||on||||solid&#8220; body_link_text_color=&#8220;#ffffff&#8220; background_color=&#8220;#21a0d1&#8243; background_size=&#8220;initial&#8220; background_position=&#8220;top_left&#8220; background_repeat=&#8220;repeat&#8220; text_orientation=&#8220;center&#8220; custom_padding=&#8220;30px|30px|30px|30px|true|true&#8220; animation_style=&#8220;zoom&#8220; border_radii=&#8220;on|18px|18px|18px|18px&#8220; border_width_all=&#8220;0px&#8220; border_color_all=&#8220;#1e69ae&#8220; border_style_all=&#8220;solid&#8220; use_border_color=&#8220;on&#8220; border_color=&#8220;#dddddd&#8220; icon_font_size=&#8220;50px&#8220; global_colors_info=&#8220;{}&#8220;]<\/p>\n<p>Mit Validator organisieren Sie mehrere Projekte parallel und verteilen bei Bedarf diese auf mehrere Server und Benutzer. Die Ergebnisse der Validierung (wahlweise auf Batch-, Document- oder File-Level) werden in einem detaillierten Feedbackreport im strukturierten HTML-Format sowie weiteren Dateiformaten ausgegeben. So sichern Sie zeit- und kosteneffizient den Qualit\u00e4tsstandard in Ihren Projekten.<\/p>\n<p>[\/et_pb_blurb][\/et_pb_column][\/et_pb_row][\/et_pb_section][et_pb_section fb_built=&#8220;1&#8243; admin_label=&#8220;Split Section&#8220; _builder_version=&#8220;4.16&#8243; background_color=&#8220;#919191&#8243; custom_padding=&#8220;0px||0px|&#8220; top_divider_color=&#8220;#a6a6a6&#8243; top_divider_height=&#8220;75px&#8220; top_divider_flip=&#8220;horizontal&#8220; top_divider_arrangement=&#8220;above_content&#8220; bottom_divider_color=&#8220;#a6a6a6&#8243; bottom_divider_height=&#8220;75px&#8220; bottom_divider_flip=&#8220;horizontal&#8220; bottom_divider_arrangement=&#8220;above_content&#8220; animation_direction=&#8220;left&#8220; border_color_top=&#8220;#1e69ae&#8220; border_color_bottom=&#8220;#a6a6a6&#8243; locked=&#8220;off&#8220; global_colors_info=&#8220;{}&#8220;][et_pb_row column_structure=&#8220;1_2,1_2&#8243; use_custom_gutter=&#8220;on&#8220; gutter_width=&#8220;1&#8243; make_equal=&#8220;on&#8220; module_class=&#8220; et_pb_row_fullwidth&#8220; _builder_version=&#8220;4.16&#8243; background_size=&#8220;initial&#8220; background_position=&#8220;top_left&#8220; background_repeat=&#8220;repeat&#8220; width=&#8220;100%&#8220; width_tablet=&#8220;100%&#8220; width_phone=&#8220;&#8220; width_last_edited=&#8220;on|desktop&#8220; max_width=&#8220;100%&#8220; max_width_tablet=&#8220;100%&#8220; max_width_phone=&#8220;&#8220; max_width_last_edited=&#8220;on|desktop&#8220; custom_margin=&#8220;|||&#8220; custom_padding=&#8220;0px||0px|&#8220; make_fullwidth=&#8220;on&#8220; global_colors_info=&#8220;{}&#8220;][et_pb_column type=&#8220;1_2&#8243; _builder_version=&#8220;4.16&#8243; background_image=&#8220;https:\/\/content-conversion.com\/wp-content\/uploads\/2020\/06\/validator-software-3.jpg&#8220; custom_padding=&#8220;|||&#8220; animation_style=&#8220;slide&#8220; animation_direction=&#8220;left&#8220; animation_direction_tablet=&#8220;&#8220; animation_direction_phone=&#8220;right&#8220; animation_direction_last_edited=&#8220;on|phone&#8220; global_colors_info=&#8220;{}&#8220; custom_padding__hover=&#8220;|||&#8220;][et_pb_divider show_divider=&#8220;off&#8220; _builder_version=&#8220;4.16&#8243; height=&#8220;165px&#8220; height_tablet=&#8220;550px&#8220; height_phone=&#8220;520px&#8220; height_last_edited=&#8220;on|phone&#8220; custom_margin=&#8220;||||false|false&#8220; custom_padding=&#8220;||||false|false&#8220; global_colors_info=&#8220;{}&#8220;][\/et_pb_divider][\/et_pb_column][et_pb_column type=&#8220;1_2&#8243; _builder_version=&#8220;4.16&#8243; background_color=&#8220;#919191&#8243; background_position=&#8220;top_left&#8220; custom_padding=&#8220;30px|12%|30px|5%|false|false&#8220; custom_padding_tablet=&#8220;&#8220; custom_padding_phone=&#8220;50px|10%|50px|10%|false|false&#8220; custom_padding_last_edited=&#8220;on|tablet&#8220; animation_style=&#8220;slide&#8220; animation_direction=&#8220;right&#8220; animation_direction_tablet=&#8220;&#8220; animation_direction_phone=&#8220;left&#8220; animation_direction_last_edited=&#8220;on|phone&#8220; global_colors_info=&#8220;{}&#8220; custom_padding__hover=&#8220;|||&#8220;][et_pb_blurb title=&#8220;1. Konfiguration&#8220; use_icon=&#8220;on&#8220; font_icon=&#8220;&#x66;||divi||400&#8243; icon_color=&#8220;#ffffff&#8220; icon_placement=&#8220;left&#8220; _builder_version=&#8220;4.16&#8243; header_font=&#8220;|on|||&#8220; header_text_color=&#8220;#ffffff&#8220; body_font=&#8220;|600|||||||&#8220; body_text_color=&#8220;#ffffff&#8220; body_font_size=&#8220;14px&#8220; custom_margin=&#8220;||0px|&#8220; custom_padding=&#8220;20px||20px|&#8220; animation_style=&#8220;zoom&#8220; animation_direction=&#8220;left&#8220; animation_intensity_zoom=&#8220;10%&#8220; border_width_all=&#8220;0px&#8220; border_color_all=&#8220;#1e69ae&#8220; border_style_all=&#8220;solid&#8220; locked=&#8220;off&#8220; global_colors_info=&#8220;{}&#8220;]<\/p>\n<p>Geben Sie an, welche Parameter automatisch gepr\u00fcft werden, und legen Sie den Anteil der Stichproben f\u00fcr die manuelle Nacharbeit fest.<\/p>\n<p>[\/et_pb_blurb][et_pb_blurb title=&#8220;2. Import&#8220; use_icon=&#8220;on&#8220; font_icon=&#8220;&#xe05e;||divi||400&#8243; icon_color=&#8220;#ffffff&#8220; icon_placement=&#8220;left&#8220; _builder_version=&#8220;4.16&#8243; header_font=&#8220;|on|||&#8220; header_text_color=&#8220;#ffffff&#8220; body_font=&#8220;|600|||||||&#8220; body_text_color=&#8220;#ffffff&#8220; body_font_size=&#8220;14px&#8220; custom_margin=&#8220;||0px|&#8220; custom_padding=&#8220;20px||20px|&#8220; animation_style=&#8220;zoom&#8220; animation_direction=&#8220;left&#8220; animation_intensity_zoom=&#8220;10%&#8220; border_width_all=&#8220;0px&#8220; border_color_all=&#8220;#1e69ae&#8220; border_style_all=&#8220;solid&#8220; locked=&#8220;off&#8220; global_colors_info=&#8220;{}&#8220;]<\/p>\n<p>Laden Sie die zu validierenden Daten manuell hoch oder richten Sie einen automatischen Import aller neu eintreffenden Dateien ein. Dabei kann es sich um Ihr selbstgeneriertes Digitalisat handeln oder um Daten, die Sie von externen Dienstleistern erhalten.<\/p>\n<p>[\/et_pb_blurb][et_pb_blurb title=&#8220;3. Auto Check&#8220; use_icon=&#8220;on&#8220; font_icon=&#8220;&#x5a;||divi||400&#8243; icon_color=&#8220;#ffffff&#8220; icon_placement=&#8220;left&#8220; _builder_version=&#8220;4.16&#8243; header_font=&#8220;|on|||&#8220; header_text_color=&#8220;#ffffff&#8220; body_font=&#8220;|600|||||||&#8220; body_text_color=&#8220;#ffffff&#8220; body_font_size=&#8220;14px&#8220; custom_margin=&#8220;||0px|&#8220; custom_padding=&#8220;20px||20px|&#8220; animation_style=&#8220;zoom&#8220; animation_direction=&#8220;left&#8220; animation_intensity_zoom=&#8220;10%&#8220; border_width_all=&#8220;0px&#8220; border_color_all=&#8220;#1e69ae&#8220; border_style_all=&#8220;solid&#8220; locked=&#8220;off&#8220; global_colors_info=&#8220;{}&#8220;]<\/p>\n<p>Eindeutig messbare Eigenschaften wie Bildaufl\u00f6sung, Farbprofil, Dateiname und METS\/ALTO-Schema werden automatisch gepr\u00fcft.<\/p>\n<p>[\/et_pb_blurb][et_pb_blurb title=&#8220;4. Manueller Check&#8220; use_icon=&#8220;on&#8220; font_icon=&#8220;&#x6c;||divi||400&#8243; icon_color=&#8220;#ffffff&#8220; icon_placement=&#8220;left&#8220; _builder_version=&#8220;4.16&#8243; header_font=&#8220;|on|||&#8220; header_text_color=&#8220;#ffffff&#8220; body_font=&#8220;|600|||||||&#8220; body_text_color=&#8220;#ffffff&#8220; body_font_size=&#8220;14px&#8220; custom_margin=&#8220;||0px|&#8220; custom_padding=&#8220;20px||20px|&#8220; animation_style=&#8220;zoom&#8220; animation_direction=&#8220;left&#8220; animation_intensity_zoom=&#8220;10%&#8220; locked=&#8220;off&#8220; global_colors_info=&#8220;{}&#8220;]Ein von Ihnen gew\u00e4hlter repr\u00e4sentativer Anteil an Dokumenten durchl\u00e4uft die manuelle Nachkontrolle in den Bereichen OCR, Layoutanalyse und Scanqualit\u00e4t.[\/et_pb_blurb][et_pb_blurb title=&#8220;5. Reporting&#8220; use_icon=&#8220;on&#8220; font_icon=&#8220;&#xe0ec;||divi||400&#8243; icon_color=&#8220;#ffffff&#8220; icon_placement=&#8220;left&#8220; _builder_version=&#8220;4.16&#8243; header_font=&#8220;|on|||&#8220; header_text_color=&#8220;#ffffff&#8220; body_font=&#8220;|600|||||||&#8220; body_text_color=&#8220;#ffffff&#8220; body_font_size=&#8220;14px&#8220; custom_margin=&#8220;||0px|&#8220; custom_padding=&#8220;20px||20px|&#8220; animation_style=&#8220;zoom&#8220; animation_direction=&#8220;left&#8220; animation_intensity_zoom=&#8220;10%&#8220; locked=&#8220;off&#8220; global_colors_info=&#8220;{}&#8220;]<\/p>\n<p>Den detaillierten Feedbackreport mit den Ergebnissen der Validierung erhalten Sie im \u00fcbersichtlich strukturierten HTML-Format sowie als XML-, PDF-, Excel- und CVS-Datei.<\/p>\n<p>[\/et_pb_blurb][\/et_pb_column][\/et_pb_row][\/et_pb_section][et_pb_section fb_built=&#8220;1&#8243; _builder_version=&#8220;4.16&#8243; custom_padding=&#8220;45px||0px||false|false&#8220; global_colors_info=&#8220;{}&#8220;][et_pb_row _builder_version=&#8220;4.16&#8243; global_colors_info=&#8220;{}&#8220;][et_pb_column type=&#8220;4_4&#8243; _builder_version=&#8220;4.16&#8243; global_colors_info=&#8220;{}&#8220;][et_pb_gallery gallery_ids=&#8220;3210,3214,3226,6556,6560,3270,3274&#8243; fullwidth=&#8220;on&#8220; _builder_version=&#8220;4.16&#8243; title_font=&#8220;|600|||||||&#8220; title_text_color=&#8220;#21a0d1&#8243; caption_text_align=&#8220;center&#8220; pagination_text_color=&#8220;#21a0d1&#8243; background_enable_color=&#8220;off&#8220; animation_style=&#8220;slide&#8220; animation_direction=&#8220;left&#8220; auto=&#8220;on&#8220; box_shadow_style=&#8220;preset2&#8243; global_colors_info=&#8220;{}&#8220;][\/et_pb_gallery][\/et_pb_column][\/et_pb_row][\/et_pb_section][et_pb_section fb_built=&#8220;1&#8243; _builder_version=&#8220;4.16&#8243; background_enable_image=&#8220;off&#8220; parallax=&#8220;on&#8220; custom_padding=&#8220;15px||15px||false|false&#8220; animation_style=&#8220;fade&#8220; animation_direction=&#8220;right&#8220; background_last_edited=&#8220;off|desktop&#8220; background_enable_color_phone=&#8220;off&#8220; background_blend_phone=&#8220;normal&#8220; border_color_top=&#8220;#1e69ae&#8220; border_color_bottom=&#8220;#1e69ae&#8220; global_colors_info=&#8220;{}&#8220;][et_pb_row _builder_version=&#8220;4.16&#8243; global_colors_info=&#8220;{}&#8220;][et_pb_column type=&#8220;4_4&#8243; _builder_version=&#8220;4.16&#8243; custom_padding=&#8220;|||&#8220; global_colors_info=&#8220;{}&#8220; custom_padding__hover=&#8220;|||&#8220;][et_pb_text _builder_version=&#8220;4.16&#8243; text_font=&#8220;Open Sans Condensed||||||||&#8220; text_font_size=&#8220;26px&#8220; text_letter_spacing=&#8220;1px&#8220; text_line_height=&#8220;1.4em&#8220; text_orientation=&#8220;center&#8220; max_width=&#8220;750px&#8220; module_alignment=&#8220;center&#8220; global_colors_info=&#8220;{}&#8220;]\u201cValidator helps us to easily determine if data from digitized material is delivered according to our standards. By using different colors when working with article segmentation, checking the layout of a page is easy and efficient. The automatic validation is great because it takes away most of the need to create custom scripts to validate XML files with (multiple) schemas, check specific fields that are important to us, or cross-check data between files.\u201d<br \/>\n<em>Thomas Haighton, National Library of the Netherlands<\/em>[\/et_pb_text][\/et_pb_column][\/et_pb_row][\/et_pb_section]<\/p>\n","protected":false},"excerpt":{"rendered":"<p>ValidatorValidator, unsere intelligente Software zur Qualit\u00e4tssicherung, liefert Ihnen ein zuverl\u00e4ssiges und pr\u00e4zises Werkzeug zur automatisierten Nach- oder Eingangskontrolle Ihres Digitalisats im METS\/ALTO-Format. Validator wird sowohl als Stand-alone-L\u00f6sung als auch in Kombination mit unserer Software docWizz eingesetzt.Validator \u00fcberpr\u00fcft automatisch, ob das Digitalisat den gesetzten Standards entspricht, beispielsweise ob die XML-Dateien korrekt gebildet wurden, die Bilddateien die [&hellip;]<\/p>\n","protected":false},"author":3,"featured_media":0,"parent":1345,"menu_order":0,"comment_status":"closed","ping_status":"closed","template":"","meta":{"_et_pb_use_builder":"on","_et_pb_old_content":"","_et_gb_content_width":"","footnotes":""},"class_list":["post-1383","page","type-page","status-publish","hentry"],"_links":{"self":[{"href":"https:\/\/content-conversion.com\/de\/wp-json\/wp\/v2\/pages\/1383","targetHints":{"allow":["GET"]}}],"collection":[{"href":"https:\/\/content-conversion.com\/de\/wp-json\/wp\/v2\/pages"}],"about":[{"href":"https:\/\/content-conversion.com\/de\/wp-json\/wp\/v2\/types\/page"}],"author":[{"embeddable":true,"href":"https:\/\/content-conversion.com\/de\/wp-json\/wp\/v2\/users\/3"}],"replies":[{"embeddable":true,"href":"https:\/\/content-conversion.com\/de\/wp-json\/wp\/v2\/comments?post=1383"}],"version-history":[{"count":128,"href":"https:\/\/content-conversion.com\/de\/wp-json\/wp\/v2\/pages\/1383\/revisions"}],"predecessor-version":[{"id":7488,"href":"https:\/\/content-conversion.com\/de\/wp-json\/wp\/v2\/pages\/1383\/revisions\/7488"}],"up":[{"embeddable":true,"href":"https:\/\/content-conversion.com\/de\/wp-json\/wp\/v2\/pages\/1345"}],"wp:attachment":[{"href":"https:\/\/content-conversion.com\/de\/wp-json\/wp\/v2\/media?parent=1383"}],"curies":[{"name":"wp","href":"https:\/\/api.w.org\/{rel}","templated":true}]}}