{"id":1377,"date":"2020-03-13T09:26:35","date_gmt":"2020-03-13T08:26:35","guid":{"rendered":"https:\/\/ccs-docworks.com\/software\/docworks\/"},"modified":"2024-04-04T10:13:01","modified_gmt":"2024-04-04T08:13:01","slug":"docwizz","status":"publish","type":"page","link":"https:\/\/content-conversion.com\/de\/software\/docwizz\/","title":{"rendered":"docWizz"},"content":{"rendered":"<p>[et_pb_section fb_built=&#8220;1&#8243; _builder_version=&#8220;4.16&#8243; background_color_gradient_direction=&#8220;182deg&#8220; background_enable_image=&#8220;off&#8220; parallax=&#8220;on&#8220; custom_padding=&#8220;10px||10px||false|false&#8220; animation_style=&#8220;fade&#8220; animation_direction=&#8220;right&#8220; background_last_edited=&#8220;off|desktop&#8220; background_enable_color_phone=&#8220;off&#8220; background_blend_phone=&#8220;normal&#8220; border_color_top=&#8220;#1e69ae&#8220; border_color_bottom=&#8220;#1e69ae&#8220; global_colors_info=&#8220;{}&#8220;][et_pb_row _builder_version=&#8220;4.16&#8243; custom_padding=&#8220;||0px|||&#8220; global_colors_info=&#8220;{}&#8220;][et_pb_column type=&#8220;4_4&#8243; _builder_version=&#8220;4.16&#8243; custom_padding=&#8220;|||&#8220; global_colors_info=&#8220;{}&#8220; custom_padding__hover=&#8220;|||&#8220;][et_pb_image src=&#8220;https:\/\/content-conversion.com\/wp-content\/uploads\/2022\/02\/Logo_docWIZZ_small.png&#8220; alt=&#8220;CLOUTODO_Logo&#8220; title_text=&#8220;Logo_docWIZZ_small&#8220; align=&#8220;center&#8220; src_tablet=&#8220;https:\/\/content-conversion.com\/wp-content\/uploads\/2022\/02\/Logo_docWIZZ_small.png&#8220; src_phone=&#8220;https:\/\/content-conversion.com\/wp-content\/uploads\/2022\/02\/Logo_docWIZZ_small.png&#8220; src_last_edited=&#8220;on|phone&#8220; _builder_version=&#8220;4.16&#8243; _module_preset=&#8220;default&#8220; width=&#8220;25%&#8220; max_width=&#8220;25%&#8220; module_alignment=&#8220;center&#8220; global_colors_info=&#8220;{}&#8220;][\/et_pb_image][\/et_pb_column][\/et_pb_row][\/et_pb_section][et_pb_section fb_built=&#8220;1&#8243; _builder_version=&#8220;4.16&#8243; background_color=&#8220;#919191&#8243; background_enable_image=&#8220;off&#8220; parallax=&#8220;on&#8220; custom_padding=&#8220;15px||60px||false|false&#8220; animation_style=&#8220;fade&#8220; animation_direction=&#8220;right&#8220; background_last_edited=&#8220;off|desktop&#8220; background_enable_color_phone=&#8220;off&#8220; background_blend_phone=&#8220;normal&#8220; border_color_top=&#8220;#1e69ae&#8220; border_color_bottom=&#8220;#1e69ae&#8220; global_colors_info=&#8220;{}&#8220;][et_pb_row _builder_version=&#8220;4.16&#8243; global_colors_info=&#8220;{}&#8220;][et_pb_column type=&#8220;4_4&#8243; _builder_version=&#8220;4.16&#8243; custom_padding=&#8220;|||&#8220; global_colors_info=&#8220;{}&#8220; custom_padding__hover=&#8220;|||&#8220;][et_pb_text _builder_version=&#8220;4.16&#8243; text_font=&#8220;Open Sans Condensed||||||||&#8220; text_text_color=&#8220;#ffffff&#8220; text_font_size=&#8220;26px&#8220; text_letter_spacing=&#8220;1px&#8220; text_line_height=&#8220;1.4em&#8220; text_orientation=&#8220;center&#8220; max_width=&#8220;750px&#8220; module_alignment=&#8220;center&#8220; animation_style=&#8220;slide&#8220; animation_direction=&#8220;right&#8220; global_colors_info=&#8220;{}&#8220;]<\/p>\n<p>Als eine weltweit etablierte und f\u00fchrende Digitalisierungssoftware \u00fcberzeugt docWizz mit einem komfortablen, nahtlosen Workflow. Mit docWizz werden die Seiten gescannter Zeitungsarchive und Bibliotheksbest\u00e4nde konvertiert, mit nachhaltigen METS\/ALTO Metadaten angereichert, langfristig gesichert und f\u00fcr eine flexible Weiterverwendung bereitgestellt.<\/p>\n<p>[\/et_pb_text][et_pb_button button_url=&#8220;https:\/\/redir2.content-conversion.com\/docWizzFlyer\/&#8220; url_new_window=&#8220;on&#8220; button_text=&#8220;Download Flyer (PDF)&#8220; button_alignment=&#8220;center&#8220; _builder_version=&#8220;4.24.3&#8243; custom_button=&#8220;on&#8220; button_text_color=&#8220;#ffffff&#8220; button_bg_color=&#8220;#919191&#8243; button_border_width=&#8220;1px&#8220; button_border_radius=&#8220;18px&#8220; button_letter_spacing=&#8220;1px&#8220; button_font=&#8220;Open Sans Condensed|||on|||||&#8220; button_icon=&#8220;&#x68;||divi||400&#8243; button_icon_color=&#8220;#ffffff&#8220; animation_style=&#8220;slide&#8220; animation_direction=&#8220;left&#8220; hover_enabled=&#8220;0&#8243; global_colors_info=&#8220;{}&#8220; sticky_enabled=&#8220;0&#8243;][\/et_pb_button][\/et_pb_column][\/et_pb_row][\/et_pb_section][et_pb_section fb_built=&#8220;1&#8243; _builder_version=&#8220;4.16&#8243; background_color=&#8220;rgba(0,0,0,0)&#8220; background_enable_image=&#8220;off&#8220; parallax=&#8220;on&#8220; custom_margin=&#8220;-60px||||false|false&#8220; custom_padding=&#8220;0px||0px||false|false&#8220; animation_style=&#8220;fade&#8220; animation_direction=&#8220;right&#8220; background_last_edited=&#8220;off|desktop&#8220; background_enable_color_phone=&#8220;off&#8220; background_blend_phone=&#8220;normal&#8220; border_color_top=&#8220;#1e69ae&#8220; border_color_bottom=&#8220;#1e69ae&#8220; global_colors_info=&#8220;{}&#8220;][et_pb_row column_structure=&#8220;1_2,1_2&#8243; admin_label=&#8220;Services&#8220; _builder_version=&#8220;4.16&#8243; global_colors_info=&#8220;{}&#8220;][et_pb_column type=&#8220;1_2&#8243; _builder_version=&#8220;4.16&#8243; custom_padding=&#8220;|||&#8220; global_colors_info=&#8220;{}&#8220; custom_padding__hover=&#8220;|||&#8220;][et_pb_blurb title=&#8220;Nahtloser Workflow&#8220; use_icon=&#8220;on&#8220; font_icon=&#8220;&#xe038;||divi||400&#8243; icon_color=&#8220;#ffffff&#8220; image_icon_width=&#8220;50px&#8220; _builder_version=&#8220;4.16&#8243; header_font=&#8220;Open Sans Condensed|700|||||||&#8220; header_text_color=&#8220;#ffffff&#8220; header_font_size=&#8220;20px&#8220; body_font=&#8220;Open Sans|600|||||||&#8220; body_text_color=&#8220;#ffffff&#8220; body_font_size=&#8220;14px&#8220; body_link_font=&#8220;||||on||||solid&#8220; body_link_text_color=&#8220;#ffffff&#8220; background_color=&#8220;#1e69ae&#8220; background_size=&#8220;initial&#8220; background_position=&#8220;top_left&#8220; background_repeat=&#8220;repeat&#8220; text_orientation=&#8220;center&#8220; custom_padding=&#8220;30px|30px|30px|30px|true|true&#8220; animation_style=&#8220;zoom&#8220; border_radii=&#8220;on|18px|18px|18px|18px&#8220; border_width_all=&#8220;0px&#8220; border_color_all=&#8220;#1e69ae&#8220; border_style_all=&#8220;solid&#8220; use_border_color=&#8220;on&#8220; border_color=&#8220;#dddddd&#8220; icon_font_size=&#8220;50px&#8220; global_colors_info=&#8220;{}&#8220;]<\/p>\n<p>Vom Import der Scans bis zum Export der METS\/ALTO- bzw. IIIF-Dateien, werden mit docWizz alle Konvertierungsschritte (Cropping, Deskew, Zoning, Layoutanalyse und OCR) in einem nahtlosen Workflow durchlaufen. Mit diesem kontinuierlich optimierten Prozess, vereint in einer Applikation, realisieren Sie Ihre Projekte sowohl kosten- als auch zeiteffizient.<\/p>\n<p>[\/et_pb_blurb][\/et_pb_column][et_pb_column type=&#8220;1_2&#8243; _builder_version=&#8220;4.16&#8243; global_colors_info=&#8220;{}&#8220;][et_pb_blurb title=&#8220;Artificial Intelligence&#8220; use_icon=&#8220;on&#8220; font_icon=&#8220;&#xe007;||divi||400&#8243; icon_color=&#8220;#ffffff&#8220; image_icon_width=&#8220;50px&#8220; _builder_version=&#8220;4.16&#8243; header_font=&#8220;Open Sans Condensed|700|||||||&#8220; header_text_color=&#8220;#ffffff&#8220; header_font_size=&#8220;20px&#8220; body_font=&#8220;Open Sans|600|||||||&#8220; body_text_color=&#8220;#ffffff&#8220; body_font_size=&#8220;14px&#8220; body_link_font=&#8220;||||on||||solid&#8220; body_link_text_color=&#8220;#ffffff&#8220; background_color=&#8220;#21a0d1&#8243; background_size=&#8220;initial&#8220; background_position=&#8220;top_left&#8220; background_repeat=&#8220;repeat&#8220; text_orientation=&#8220;center&#8220; custom_padding=&#8220;30px|30px|30px|30px|true|true&#8220; animation_style=&#8220;zoom&#8220; border_radii=&#8220;on|18px|18px|18px|18px&#8220; border_width_all=&#8220;0px&#8220; border_color_all=&#8220;#1e69ae&#8220; border_style_all=&#8220;solid&#8220; use_border_color=&#8220;on&#8220; border_color=&#8220;#dddddd&#8220; icon_font_size=&#8220;50px&#8220; global_colors_info=&#8220;{}&#8220;]<\/p>\n<p>Die bew\u00e4hrte Layoutanalyse in docWizz kann optional auch Machine-Learning-gest\u00fctzt durchgef\u00fchrt werden. Mit diesem automatisierten Arbeitsschritt erhalten Sie sichtbar pr\u00e4zisere Ergebnisse, die den Aufwand der manuellen Nacharbeit deutlich verringern. F\u00fcr eine noch genauere Layoutanalyse kann auf Wunsch auch mit individuellen, projektspezifischen Trainingsdaten gearbeitet werden.<em><\/em><\/p>\n<p>[\/et_pb_blurb][\/et_pb_column][\/et_pb_row][et_pb_row column_structure=&#8220;1_3,1_3,1_3&#8243; admin_label=&#8220;Services&#8220; _builder_version=&#8220;4.16&#8243; global_colors_info=&#8220;{}&#8220;][et_pb_column type=&#8220;1_3&#8243; _builder_version=&#8220;4.16&#8243; global_colors_info=&#8220;{}&#8220;][et_pb_blurb title=&#8220;Universell einsetzbar&#8220; use_icon=&#8220;on&#8220; font_icon=&#8220;&#xe022;||divi||400&#8243; icon_color=&#8220;#ffffff&#8220; image_icon_width=&#8220;50px&#8220; _builder_version=&#8220;4.16&#8243; header_font=&#8220;Open Sans Condensed|700|||||||&#8220; header_text_color=&#8220;#ffffff&#8220; header_font_size=&#8220;20px&#8220; body_font=&#8220;Open Sans|600|||||||&#8220; body_text_color=&#8220;#ffffff&#8220; body_font_size=&#8220;14px&#8220; body_link_font=&#8220;||||on||||solid&#8220; body_link_text_color=&#8220;#ffffff&#8220; background_color=&#8220;#919191&#8243; background_size=&#8220;initial&#8220; background_position=&#8220;top_left&#8220; background_repeat=&#8220;repeat&#8220; text_orientation=&#8220;center&#8220; custom_padding=&#8220;30px|30px|30px|30px|true|true&#8220; animation_style=&#8220;zoom&#8220; border_radii=&#8220;on|18px|18px|18px|18px&#8220; border_width_all=&#8220;0px&#8220; border_color_all=&#8220;#1e69ae&#8220; border_style_all=&#8220;solid&#8220; use_border_color=&#8220;on&#8220; border_color=&#8220;#dddddd&#8220; icon_font_size=&#8220;50px&#8220; global_colors_info=&#8220;{}&#8220;]<\/p>\n<p>Mit der flexiblen, Machine-Learning-gest\u00fctzten Layoutanalyse unterst\u00fctzt docWizz die Verarbeitung beliebiger Publikationstypen und Layoutformate. Eine gro\u00dfe Auswahl an OCR-Engines erm\u00f6glicht die Konvertierung in einer Vielzahl von Sprachen und Schriftsystemen. docWizz skaliert problemlos zwischen Projekten von wenigen Tausend bis zu vielen Millionen Seiten.<\/p>\n<p>[\/et_pb_blurb][\/et_pb_column][et_pb_column type=&#8220;1_3&#8243; _builder_version=&#8220;4.16&#8243; global_colors_info=&#8220;{}&#8220;][et_pb_blurb title=&#8220;Multiple Dateiformate&#8220; use_icon=&#8220;on&#8220; font_icon=&#8220;&#xe0ea;||divi||400&#8243; icon_color=&#8220;#ffffff&#8220; image_icon_width=&#8220;50px&#8220; _builder_version=&#8220;4.16&#8243; header_font=&#8220;Open Sans Condensed|700|||||||&#8220; header_text_color=&#8220;#ffffff&#8220; header_font_size=&#8220;20px&#8220; body_font=&#8220;Open Sans|600|||||||&#8220; body_text_color=&#8220;#ffffff&#8220; body_font_size=&#8220;14px&#8220; body_link_font=&#8220;||||on||||solid&#8220; body_link_text_color=&#8220;#ffffff&#8220; background_color=&#8220;#919191&#8243; background_size=&#8220;initial&#8220; background_position=&#8220;top_left&#8220; background_repeat=&#8220;repeat&#8220; text_orientation=&#8220;center&#8220; custom_padding=&#8220;30px|30px|30px|30px|true|true&#8220; animation_style=&#8220;zoom&#8220; border_radii=&#8220;on|18px|18px|18px|18px&#8220; border_width_all=&#8220;0px&#8220; border_color_all=&#8220;#1e69ae&#8220; border_style_all=&#8220;solid&#8220; use_border_color=&#8220;on&#8220; border_color=&#8220;#dddddd&#8220; icon_font_size=&#8220;50px&#8220; global_colors_info=&#8220;{}&#8220;]<\/p>\n<p>Unterst\u00fctzt werden vielf\u00e4ltige Import-, Export- und Metadatenformate. Importformate sind TIF, JPG, JP2, GIF, PNG, BMP, CR2 und PDF. Im Export erhalten Sie METS (mit sowohl METS physical structural maps als auch METS logical structural maps) und ALTO XML, Bilddateien, IIIF, PDF, PDF\/A, benutzerdefinierte XML-Formate (full-text und andere), RTF und EPUB. Metadatenformate sind MIX, MARC21, MODS, DC.<\/p>\n<p>[\/et_pb_blurb][\/et_pb_column][et_pb_column type=&#8220;1_3&#8243; _builder_version=&#8220;4.16&#8243; global_colors_info=&#8220;{}&#8220;][et_pb_blurb title=&#8220;Premium Support&#8220; use_icon=&#8220;on&#8220; font_icon=&#8220;&#xe0dd;||divi||400&#8243; icon_color=&#8220;#ffffff&#8220; image_icon_width=&#8220;50px&#8220; _builder_version=&#8220;4.16&#8243; header_font=&#8220;Open Sans Condensed|700|||||||&#8220; header_text_color=&#8220;#ffffff&#8220; header_font_size=&#8220;20px&#8220; body_font=&#8220;Open Sans|600|||||||&#8220; body_text_color=&#8220;#ffffff&#8220; body_font_size=&#8220;14px&#8220; body_link_font=&#8220;||||on||||solid&#8220; body_link_text_color=&#8220;#ffffff&#8220; background_color=&#8220;#919191&#8243; background_size=&#8220;initial&#8220; background_position=&#8220;top_left&#8220; background_repeat=&#8220;repeat&#8220; text_orientation=&#8220;center&#8220; custom_padding=&#8220;30px|30px|30px|30px|true|true&#8220; animation_style=&#8220;zoom&#8220; border_radii=&#8220;on|18px|18px|18px|18px&#8220; border_width_all=&#8220;0px&#8220; border_color_all=&#8220;#1e69ae&#8220; border_style_all=&#8220;solid&#8220; use_border_color=&#8220;on&#8220; border_color=&#8220;#dddddd&#8220; icon_font_size=&#8220;50px&#8220; global_colors_info=&#8220;{}&#8220;]<\/p>\n<p>Mit \u00fcber 40 Jahren Erfolg in der Umsetzung von gro\u00dfen und Massen-Digitalisierungsprojekten renommierter Bibliotheken und Serviceprovider, wie u.a. The British Library und Digital Divide Data (DDD), bietet unser <a href=\"https:\/\/content-conversion.com\/de\/kontakt\/#team\">CCS Team<\/a> erstklassigen Service und professionellen Support, weltweit.<\/p>\n<p>[\/et_pb_blurb][\/et_pb_column][\/et_pb_row][\/et_pb_section][et_pb_section fb_built=&#8220;1&#8243; admin_label=&#8220;Download Now&#8220; _builder_version=&#8220;4.16&#8243; background_color_gradient_direction=&#8220;60deg&#8220; custom_margin=&#8220;||||false|false&#8220; custom_padding=&#8220;0px||15px||false|false&#8220; global_colors_info=&#8220;{}&#8220;][et_pb_row _builder_version=&#8220;4.16&#8243; custom_margin=&#8220;||||false|false&#8220; custom_padding=&#8220;||||false|false&#8220; global_colors_info=&#8220;{}&#8220;][et_pb_column type=&#8220;4_4&#8243; _builder_version=&#8220;4.16&#8243; custom_padding=&#8220;||||false|false&#8220; global_colors_info=&#8220;{}&#8220; custom_padding__hover=&#8220;|||&#8220;][et_pb_text _builder_version=&#8220;4.16&#8243; text_font=&#8220;Open Sans Condensed||||||||&#8220; text_font_size=&#8220;26px&#8220; text_letter_spacing=&#8220;1px&#8220; text_line_height=&#8220;1.4em&#8220; text_orientation=&#8220;center&#8220; max_width=&#8220;750px&#8220; module_alignment=&#8220;center&#8220; global_colors_info=&#8220;{}&#8220;]<\/p>\n<p>Dank der effizienten und soliden Konvertierung mit docWizz erhalten Sie Daten mit hohem Informationsgehalt f\u00fcr Ihr nachhaltiges, durchsuchbares digitales Archiv.<\/p>\n<p>[\/et_pb_text][\/et_pb_column][\/et_pb_row][\/et_pb_section][et_pb_section fb_built=&#8220;1&#8243; admin_label=&#8220;Download Now&#8220; _builder_version=&#8220;4.16&#8243; background_color=&#8220;#919191&#8243; background_color_gradient_direction=&#8220;60deg&#8220; custom_margin=&#8220;||||false|false&#8220; custom_padding=&#8220;15px||15px||false|false&#8220; global_colors_info=&#8220;{}&#8220;][et_pb_row column_structure=&#8220;1_2,1_2&#8243; _builder_version=&#8220;4.16&#8243; custom_margin=&#8220;||||false|false&#8220; custom_padding=&#8220;||||false|false&#8220; global_colors_info=&#8220;{}&#8220;][et_pb_column type=&#8220;1_2&#8243; _builder_version=&#8220;4.16&#8243; background_image=&#8220;https:\/\/content-conversion.com\/wp-content\/uploads\/2020\/03\/docworks-image-processing.jpg&#8220; custom_padding=&#8220;|||&#8220; animation_style=&#8220;slide&#8220; animation_direction=&#8220;left&#8220; global_colors_info=&#8220;{}&#8220; custom_padding__hover=&#8220;|||&#8220;][et_pb_image src=&#8220;https:\/\/content-conversion.com\/wp-content\/uploads\/2022\/03\/docwizz-zoning-layoutanalysis.jpg&#8220; alt=&#8220;docWizz Layoutanalysis&#8220; title_text=&#8220;docwizz-zoning-layoutanalysis&#8220; align=&#8220;center&#8220; _builder_version=&#8220;4.16&#8243; background_enable_image=&#8220;off&#8220; background_blend=&#8220;multiply&#8220; animation_style=&#8220;fade&#8220; animation_direction=&#8220;right&#8220; animation_duration=&#8220;6900ms&#8220; animation_delay=&#8220;2500ms&#8220; global_colors_info=&#8220;{}&#8220; filter_opacity__hover_enabled=&#8220;off|hover&#8220; filter_opacity__hover=&#8220;0%&#8220;][\/et_pb_image][\/et_pb_column][et_pb_column type=&#8220;1_2&#8243; _builder_version=&#8220;4.16&#8243; custom_padding=&#8220;||||false|false&#8220; animation_style=&#8220;slide&#8220; animation_direction=&#8220;right&#8220; global_colors_info=&#8220;{}&#8220; custom_padding__hover=&#8220;|||&#8220;][et_pb_blurb title=&#8220;1. Import&#8220; use_icon=&#8220;on&#8220; font_icon=&#8220;&#xe05e;||divi||400&#8243; icon_color=&#8220;#ffffff&#8220; icon_placement=&#8220;left&#8220; _builder_version=&#8220;4.16&#8243; header_font=&#8220;|on|||&#8220; header_text_color=&#8220;#ffffff&#8220; body_font=&#8220;|600|||||||&#8220; body_text_color=&#8220;#ffffff&#8220; body_font_size=&#8220;14px&#8220; custom_margin=&#8220;||0px|&#8220; custom_padding=&#8220;20px||20px|&#8220; animation_style=&#8220;zoom&#8220; animation_direction=&#8220;left&#8220; animation_intensity_zoom=&#8220;10%&#8220; border_width_all=&#8220;0px&#8220; border_color_all=&#8220;#1e69ae&#8220; border_style_all=&#8220;solid&#8220; locked=&#8220;off&#8220; global_colors_info=&#8220;{}&#8220;]<\/p>\n<p>Nach dem Import der gescannten Print- oder Mikroform-Dokumentseiten durchlaufen diese Cropping und Deskew.<\/p>\n<p>[\/et_pb_blurb][et_pb_blurb title=&#8220;2. Zoning\/ Layoutanalyse&#8220; use_icon=&#8220;on&#8220; font_icon=&#8220;&#xe058;||divi||400&#8243; icon_color=&#8220;#ffffff&#8220; icon_placement=&#8220;left&#8220; _builder_version=&#8220;4.16&#8243; header_font=&#8220;|on|||&#8220; header_text_color=&#8220;#ffffff&#8220; body_font=&#8220;|600|||||||&#8220; body_text_color=&#8220;#ffffff&#8220; body_font_size=&#8220;14px&#8220; custom_margin=&#8220;||0px|&#8220; custom_padding=&#8220;20px||20px|&#8220; animation_style=&#8220;zoom&#8220; animation_direction=&#8220;left&#8220; animation_intensity_zoom=&#8220;10%&#8220; border_width_all=&#8220;0px&#8220; border_color_all=&#8220;#1e69ae&#8220; border_style_all=&#8220;solid&#8220; locked=&#8220;off&#8220; global_colors_info=&#8220;{}&#8220;]<\/p>\n<p>Es folgen das Zoning und die Layoutanalyse, d.h. die Identifizierung der Bestandteile einer <em>Seite<\/em>, wie z. B. Artikel\u00fcberschriften, Fotos, Paragraphen, Bildunterschriften.<\/p>\n<p>[\/et_pb_blurb][et_pb_blurb title=&#8220;3. Strukturanalyse&#8220; use_icon=&#8220;on&#8220; font_icon=&#8220;&#xe059;||divi||400&#8243; icon_color=&#8220;#ffffff&#8220; icon_placement=&#8220;left&#8220; _builder_version=&#8220;4.16&#8243; header_font=&#8220;|on|||&#8220; header_text_color=&#8220;#ffffff&#8220; body_font=&#8220;|600|||||||&#8220; body_text_color=&#8220;#ffffff&#8220; body_font_size=&#8220;14px&#8220; custom_margin=&#8220;||0px|&#8220; custom_padding=&#8220;20px||20px|&#8220; animation_style=&#8220;zoom&#8220; animation_direction=&#8220;left&#8220; animation_intensity_zoom=&#8220;10%&#8220; border_width_all=&#8220;0px&#8220; border_color_all=&#8220;#1e69ae&#8220; border_style_all=&#8220;solid&#8220; locked=&#8220;off&#8220; global_colors_info=&#8220;{}&#8220;]<\/p>\n<p>Die Strukturanalyse umfasst die Identifizierung der Bestandteile der gesamten <em>Publikation<\/em>, wie z.B. Inhaltsverzeichnis, Artikel, Kapitel und Anhang.<\/p>\n<p>[\/et_pb_blurb][et_pb_blurb title=&#8220;4. Texterkennung (OCR)&#8220; use_icon=&#8220;on&#8220; font_icon=&#8220;&#xe0f7;||divi||400&#8243; icon_color=&#8220;#ffffff&#8220; icon_placement=&#8220;left&#8220; _builder_version=&#8220;4.16&#8243; header_font=&#8220;|on|||&#8220; header_text_color=&#8220;#ffffff&#8220; body_font=&#8220;|600|||||||&#8220; body_text_color=&#8220;#ffffff&#8220; body_font_size=&#8220;14px&#8220; custom_margin=&#8220;||0px|&#8220; custom_padding=&#8220;20px||20px|&#8220; animation_style=&#8220;zoom&#8220; animation_direction=&#8220;left&#8220; animation_intensity_zoom=&#8220;10%&#8220; locked=&#8220;off&#8220; global_colors_info=&#8220;{}&#8220;]<\/p>\n<p>Anschlie\u00dfend kann die Texterkennung (OCR) stattfinden. Aus den unterst\u00fctzten OCR-Systemen w\u00e4hlt docWizz auf Grundlage von Sprach-, Schrift- und Zoneninformationen automatisch die beste Engine aus.<\/p>\n<p>[\/et_pb_blurb][et_pb_blurb title=&#8220;5. Export&#8220; use_icon=&#8220;on&#8220; font_icon=&#8220;&#xe05f;||divi||400&#8243; icon_color=&#8220;#ffffff&#8220; icon_placement=&#8220;left&#8220; _builder_version=&#8220;4.16&#8243; header_font=&#8220;|on|||&#8220; header_text_color=&#8220;#ffffff&#8220; body_font=&#8220;|600|||||||&#8220; body_text_color=&#8220;#ffffff&#8220; body_font_size=&#8220;14px&#8220; custom_margin=&#8220;||0px|&#8220; custom_padding=&#8220;20px||20px|&#8220; animation_style=&#8220;zoom&#8220; animation_direction=&#8220;left&#8220; animation_intensity_zoom=&#8220;10%&#8220; locked=&#8220;off&#8220; global_colors_info=&#8220;{}&#8220;]<\/p>\n<p>Abschlie\u00dfend werden die Daten in dem f\u00fcr Bibliotheken Metadaten-Standardformat METS\/ALTO ausgegeben, gesichert und stehen zur Weiterverwendung bereit.<\/p>\n<p>[\/et_pb_blurb][\/et_pb_column][\/et_pb_row][\/et_pb_section][et_pb_section fb_built=&#8220;1&#8243; _builder_version=&#8220;4.16&#8243; background_enable_image=&#8220;off&#8220; parallax=&#8220;on&#8220; custom_padding=&#8220;15px||15px||false|false&#8220; animation_style=&#8220;fade&#8220; animation_direction=&#8220;right&#8220; background_last_edited=&#8220;off|desktop&#8220; background_enable_color_phone=&#8220;off&#8220; background_blend_phone=&#8220;normal&#8220; border_color_top=&#8220;#1e69ae&#8220; border_color_bottom=&#8220;#1e69ae&#8220; global_colors_info=&#8220;{}&#8220;][et_pb_row _builder_version=&#8220;4.16&#8243; global_colors_info=&#8220;{}&#8220;][et_pb_column type=&#8220;4_4&#8243; _builder_version=&#8220;4.16&#8243; custom_padding=&#8220;|||&#8220; global_colors_info=&#8220;{}&#8220; custom_padding__hover=&#8220;|||&#8220;][et_pb_text _builder_version=&#8220;4.16&#8243; text_font=&#8220;Open Sans Condensed||||||||&#8220; text_font_size=&#8220;26px&#8220; text_letter_spacing=&#8220;1px&#8220; text_line_height=&#8220;1.4em&#8220; text_orientation=&#8220;center&#8220; max_width=&#8220;750px&#8220; module_alignment=&#8220;center&#8220; global_colors_info=&#8220;{}&#8220;]<\/p>\n<p>docWizz wird weltweit von innovativen, namenhaften Kunden genutzt und ist die Software der Wahl vieler Serviceprovider. Bis heute wurden bereits rund 200 Millionen Dokumentseiten erfolgreich mit docWizz verarbeitet, darunter Sammlungen von 15 Nationalbibliotheken.<\/p>\n<p>[\/et_pb_text][\/et_pb_column][\/et_pb_row][\/et_pb_section]<\/p>\n","protected":false},"excerpt":{"rendered":"<p>docWorks is the world leading digitization and conversion software to preserve and store newspaper archives and library holdings for future accessibility and use in digital libraries.<\/p>\n","protected":false},"author":3,"featured_media":0,"parent":1345,"menu_order":0,"comment_status":"closed","ping_status":"closed","template":"","meta":{"_et_pb_use_builder":"on","_et_pb_old_content":"","_et_gb_content_width":"","footnotes":""},"class_list":["post-1377","page","type-page","status-publish","hentry"],"_links":{"self":[{"href":"https:\/\/content-conversion.com\/de\/wp-json\/wp\/v2\/pages\/1377","targetHints":{"allow":["GET"]}}],"collection":[{"href":"https:\/\/content-conversion.com\/de\/wp-json\/wp\/v2\/pages"}],"about":[{"href":"https:\/\/content-conversion.com\/de\/wp-json\/wp\/v2\/types\/page"}],"author":[{"embeddable":true,"href":"https:\/\/content-conversion.com\/de\/wp-json\/wp\/v2\/users\/3"}],"replies":[{"embeddable":true,"href":"https:\/\/content-conversion.com\/de\/wp-json\/wp\/v2\/comments?post=1377"}],"version-history":[{"count":193,"href":"https:\/\/content-conversion.com\/de\/wp-json\/wp\/v2\/pages\/1377\/revisions"}],"predecessor-version":[{"id":7485,"href":"https:\/\/content-conversion.com\/de\/wp-json\/wp\/v2\/pages\/1377\/revisions\/7485"}],"up":[{"embeddable":true,"href":"https:\/\/content-conversion.com\/de\/wp-json\/wp\/v2\/pages\/1345"}],"wp:attachment":[{"href":"https:\/\/content-conversion.com\/de\/wp-json\/wp\/v2\/media?parent=1377"}],"curies":[{"name":"wp","href":"https:\/\/api.w.org\/{rel}","templated":true}]}}