{"id":1345,"date":"2020-03-10T12:06:52","date_gmt":"2020-03-10T11:06:52","guid":{"rendered":"https:\/\/ccs-docworks.com\/software\/"},"modified":"2025-04-17T14:39:27","modified_gmt":"2025-04-17T12:39:27","slug":"software","status":"publish","type":"page","link":"https:\/\/content-conversion.com\/de\/software\/","title":{"rendered":"Software"},"content":{"rendered":"<p>[et_pb_section fb_built=&#8220;1&#8243; _builder_version=&#8220;4.16&#8243; background_color_gradient_direction=&#8220;182deg&#8220; background_enable_image=&#8220;off&#8220; parallax=&#8220;on&#8220; custom_padding=&#8220;10px||10px||false|false&#8220; animation_style=&#8220;fade&#8220; animation_direction=&#8220;right&#8220; background_last_edited=&#8220;off|desktop&#8220; background_enable_color_phone=&#8220;off&#8220; background_blend_phone=&#8220;normal&#8220; border_color_top=&#8220;#1e69ae&#8220; border_color_bottom=&#8220;#1e69ae&#8220; global_colors_info=&#8220;{}&#8220;][et_pb_row _builder_version=&#8220;4.16&#8243; global_colors_info=&#8220;{}&#8220;][et_pb_column type=&#8220;4_4&#8243; _builder_version=&#8220;4.16&#8243; custom_padding=&#8220;|||&#8220; global_colors_info=&#8220;{}&#8220; custom_padding__hover=&#8220;|||&#8220;][et_pb_text _builder_version=&#8220;4.16&#8243; header_font=&#8220;||||||||&#8220; header_text_color=&#8220;#666666&#8243; header_font_size=&#8220;70px&#8220; header_letter_spacing=&#8220;1px&#8220; max_width=&#8220;100%&#8220; animation_style=&#8220;slide&#8220; animation_direction=&#8220;left&#8220; header_font_tablet=&#8220;&#8220; header_font_phone=&#8220;||||||||&#8220; header_font_last_edited=&#8220;on|phone&#8220; header_font_size_phone=&#8220;50px&#8220; locked=&#8220;off&#8220; global_colors_info=&#8220;{}&#8220;]<\/p>\n<h1>Software<\/h1>\n<p>[\/et_pb_text][\/et_pb_column][\/et_pb_row][\/et_pb_section][et_pb_section fb_built=&#8220;1&#8243; _builder_version=&#8220;4.16&#8243; background_color=&#8220;#919191&#8243; background_enable_image=&#8220;off&#8220; parallax=&#8220;on&#8220; custom_padding=&#8220;15px||60px||false|false&#8220; animation_style=&#8220;fade&#8220; animation_direction=&#8220;right&#8220; background_last_edited=&#8220;off|desktop&#8220; background_enable_color_phone=&#8220;off&#8220; background_blend_phone=&#8220;normal&#8220; border_color_top=&#8220;#1e69ae&#8220; border_color_bottom=&#8220;#1e69ae&#8220; global_colors_info=&#8220;{}&#8220;][et_pb_row _builder_version=&#8220;4.16&#8243; global_colors_info=&#8220;{}&#8220;][et_pb_column type=&#8220;4_4&#8243; _builder_version=&#8220;4.16&#8243; custom_padding=&#8220;|||&#8220; global_colors_info=&#8220;{}&#8220; custom_padding__hover=&#8220;|||&#8220;][et_pb_text _builder_version=&#8220;4.16&#8243; text_font=&#8220;Open Sans Condensed||||||||&#8220; text_text_color=&#8220;#ffffff&#8220; text_font_size=&#8220;26px&#8220; text_letter_spacing=&#8220;1px&#8220; text_line_height=&#8220;1.4em&#8220; text_orientation=&#8220;center&#8220; max_width=&#8220;750px&#8220; module_alignment=&#8220;center&#8220; animation_style=&#8220;slide&#8220; animation_direction=&#8220;right&#8220; global_colors_info=&#8220;{}&#8220;]<\/p>\n<p>Im Rahmen Ihrer Digitalisierungsprojekte bieten unsere Softwareprodukte optimal aufeinander abgestimmte L\u00f6sungen f\u00fcr die unterschiedlichen Anwendungsbereiche.<\/p>\n<p>[\/et_pb_text][\/et_pb_column][\/et_pb_row][\/et_pb_section][et_pb_section fb_built=&#8220;1&#8243; _builder_version=&#8220;4.16&#8243; background_color=&#8220;rgba(0,0,0,0)&#8220; background_enable_image=&#8220;off&#8220; parallax=&#8220;on&#8220; custom_margin=&#8220;-60px||35px||false|false&#8220; custom_padding=&#8220;0px||0px||false|false&#8220; animation_style=&#8220;fade&#8220; animation_direction=&#8220;right&#8220; background_last_edited=&#8220;off|desktop&#8220; background_enable_color_phone=&#8220;off&#8220; background_blend_phone=&#8220;normal&#8220; border_color_top=&#8220;#1e69ae&#8220; border_color_bottom=&#8220;#1e69ae&#8220; global_colors_info=&#8220;{}&#8220;][et_pb_row column_structure=&#8220;1_2,1_2&#8243; admin_label=&#8220;Services&#8220; _builder_version=&#8220;4.16&#8243; global_colors_info=&#8220;{}&#8220;][et_pb_column type=&#8220;1_2&#8243; _builder_version=&#8220;4.16&#8243; _dynamic_attributes=&#8220;link_option_url&#8220; background_enable_color=&#8220;off&#8220; background_image=&#8220;https:\/\/content-conversion.com\/wp-content\/uploads\/2020\/06\/zeitungen.jpg&#8220; background_size=&#8220;contain&#8220; background_position=&#8220;top_center&#8220; background_blend=&#8220;multiply&#8220; custom_padding=&#8220;|||&#8220; animation_style=&#8220;zoom&#8220; link_option_url=&#8220;@ET-DC@eyJkeW5hbWljIjp0cnVlLCJjb250ZW50IjoicG9zdF9saW5rX3VybF9wYWdlIiwic2V0dGluZ3MiOnsicG9zdF9pZCI6IjEzNzcifX0=@&#8220; border_radii=&#8220;on|18px|18px|18px|18px&#8220; global_colors_info=&#8220;{}&#8220; custom_padding__hover=&#8220;|||&#8220; background__hover_enabled=&#8220;on|hover&#8220; background_color__hover=&#8220;rgba(255,255,255,0.25)&#8220; background_enable_color__hover=&#8220;on&#8220; background_blend__hover=&#8220;overlay&#8220;][et_pb_divider show_divider=&#8220;off&#8220; _builder_version=&#8220;4.16&#8243; background_enable_image=&#8220;off&#8220; background_position=&#8220;top_center&#8220; height=&#8220;150px&#8220; custom_margin=&#8220;||||false|false&#8220; border_radii=&#8220;off|18px|18px||&#8220; global_colors_info=&#8220;{}&#8220;][\/et_pb_divider][et_pb_blurb title=&#8220;docWizz&#8220; alt=&#8220;Validator Software auf einem Windows Lapotop&#8220; _builder_version=&#8220;4.16&#8243; header_font=&#8220;Open Sans Condensed|700|||on||||&#8220; header_text_color=&#8220;#ffffff&#8220; header_font_size=&#8220;20px&#8220; body_font=&#8220;Open Sans|600|||||||&#8220; body_text_color=&#8220;#ffffff&#8220; body_font_size=&#8220;14px&#8220; body_link_font=&#8220;||||on||||solid&#8220; body_link_text_color=&#8220;#ffffff&#8220; background_color=&#8220;#919191&#8243; background_size=&#8220;initial&#8220; background_position=&#8220;top_left&#8220; background_repeat=&#8220;repeat&#8220; text_orientation=&#8220;center&#8220; custom_margin=&#8220;0px||||false|false&#8220; custom_padding=&#8220;30px|30px|30px|30px|true|true&#8220; border_radii=&#8220;off|||18px|18px&#8220; border_width_all=&#8220;0px&#8220; border_color_all=&#8220;#1e69ae&#8220; border_style_all=&#8220;solid&#8220; border_radii_image=&#8220;off|18px|18px||&#8220; use_border_color=&#8220;on&#8220; border_color=&#8220;#dddddd&#8220; global_colors_info=&#8220;{}&#8220;]<\/p>\n<p>Mit docWizz werden die Seiten gescannter Zeitungsarchive und Bibliotheksbest\u00e4nde konvertiert, mit nachhaltigen METS\/ALTO Metadaten angereichert, langfristig gesichert und f\u00fcr eine flexible Weiterverwendung bereitgestellt. docWizz \u00fcberzeugt mit einem komfortablen, nahtlosen Workflow.<br \/><em><\/em><\/p>\n<p>[\/et_pb_blurb][\/et_pb_column][et_pb_column type=&#8220;1_2&#8243; _builder_version=&#8220;4.16&#8243; _dynamic_attributes=&#8220;link_option_url&#8220; background_enable_color=&#8220;off&#8220; background_image=&#8220;https:\/\/content-conversion.com\/wp-content\/uploads\/2020\/06\/validator-software-3.jpg&#8220; background_size=&#8220;contain&#8220; background_position=&#8220;top_center&#8220; background_blend=&#8220;multiply&#8220; custom_padding=&#8220;|||&#8220; animation_style=&#8220;zoom&#8220; link_option_url=&#8220;@ET-DC@eyJkeW5hbWljIjp0cnVlLCJjb250ZW50IjoicG9zdF9saW5rX3VybF9wYWdlIiwic2V0dGluZ3MiOnsicG9zdF9pZCI6IjEzODMifX0=@&#8220; border_radii=&#8220;on|18px|18px|18px|18px&#8220; global_colors_info=&#8220;{}&#8220; background__hover_enabled=&#8220;on|hover&#8220; background_color__hover=&#8220;rgba(255,255,255,0.25)&#8220; background_enable_color__hover=&#8220;on&#8220; background_blend__hover=&#8220;overlay&#8220;][et_pb_divider show_divider=&#8220;off&#8220; _builder_version=&#8220;4.16&#8243; background_enable_image=&#8220;off&#8220; height=&#8220;150px&#8220; custom_margin=&#8220;||||false|false&#8220; border_radii=&#8220;off|18px|18px||&#8220; global_colors_info=&#8220;{}&#8220;][\/et_pb_divider][et_pb_blurb title=&#8220;Validator&#8220; alt=&#8220;Validator Software auf einem Windows Lapotop&#8220; _builder_version=&#8220;4.16&#8243; _dynamic_attributes=&#8220;link_option_url&#8220; header_font=&#8220;Open Sans Condensed|700|||on||||&#8220; header_text_color=&#8220;#ffffff&#8220; header_font_size=&#8220;20px&#8220; body_font=&#8220;Open Sans|600|||||||&#8220; body_text_color=&#8220;#ffffff&#8220; body_font_size=&#8220;14px&#8220; body_link_font=&#8220;||||on||||solid&#8220; body_link_text_color=&#8220;#ffffff&#8220; background_color=&#8220;#919191&#8243; background_size=&#8220;initial&#8220; background_position=&#8220;top_left&#8220; background_repeat=&#8220;repeat&#8220; text_orientation=&#8220;center&#8220; custom_margin=&#8220;0px||||false|false&#8220; custom_padding=&#8220;30px|30px|30px|30px|true|true&#8220; link_option_url=&#8220;@ET-DC@eyJkeW5hbWljIjp0cnVlLCJjb250ZW50IjoicG9zdF9saW5rX3VybF9wYWdlIiwic2V0dGluZ3MiOnsicG9zdF9pZCI6IjEzODMifX0=@&#8220; border_radii=&#8220;off|||18px|18px&#8220; border_width_all=&#8220;0px&#8220; border_color_all=&#8220;#1e69ae&#8220; border_style_all=&#8220;solid&#8220; border_radii_image=&#8220;off|18px|18px||&#8220; use_border_color=&#8220;on&#8220; border_color=&#8220;#dddddd&#8220; global_colors_info=&#8220;{}&#8220;]<\/p>\n<p>Die intelligente Software zur Qualit\u00e4tssicherung liefert Ihnen ein zuverl\u00e4ssiges und pr\u00e4zises Werkzeug zur automatisierten Nach- oder Eingangskontrolle Ihres Digitalisats im METS\/ALTO-Format. Validator wird sowohl als Stand-alone-L\u00f6sung als auch in Kombination mit unserer Software docWizz eingesetzt.<br \/><em><\/em><\/p>\n<p>[\/et_pb_blurb][\/et_pb_column][\/et_pb_row][et_pb_row column_structure=&#8220;1_2,1_2&#8243; admin_label=&#8220;Services&#8220; _builder_version=&#8220;4.16&#8243; global_colors_info=&#8220;{}&#8220;][et_pb_column type=&#8220;1_2&#8243; _builder_version=&#8220;4.16&#8243; _dynamic_attributes=&#8220;link_option_url&#8220; background_enable_color=&#8220;off&#8220; background_image=&#8220;https:\/\/content-conversion.com\/wp-content\/uploads\/2020\/06\/bleisatz.jpg&#8220; background_blend=&#8220;multiply&#8220; custom_padding=&#8220;|||&#8220; animation_style=&#8220;zoom&#8220; link_option_url=&#8220;@ET-DC@eyJkeW5hbWljIjp0cnVlLCJjb250ZW50IjoicG9zdF9saW5rX3VybF9wYWdlIiwic2V0dGluZ3MiOnsicG9zdF9pZCI6IjEzODEifX0=@&#8220; border_radii=&#8220;on|18px|18px|18px|18px&#8220; global_colors_info=&#8220;{}&#8220; background__hover_enabled=&#8220;on|hover&#8220; background_color__hover=&#8220;rgba(255,255,255,0.25)&#8220; background_enable_color__hover=&#8220;on&#8220; background_blend__hover=&#8220;overlay&#8220;][et_pb_divider show_divider=&#8220;off&#8220; _builder_version=&#8220;4.16&#8243; background_enable_image=&#8220;off&#8220; background_position=&#8220;top_center&#8220; height=&#8220;150px&#8220; custom_margin=&#8220;||||false|false&#8220; border_radii=&#8220;off|18px|18px||&#8220; global_colors_info=&#8220;{}&#8220;][\/et_pb_divider][et_pb_blurb title=&#8220;ORCA&#8220; alt=&#8220;Validator Software auf einem Windows Lapotop&#8220; _builder_version=&#8220;4.16&#8243; header_font=&#8220;Open Sans Condensed|700|||on||||&#8220; header_text_color=&#8220;#ffffff&#8220; header_font_size=&#8220;20px&#8220; body_font=&#8220;Open Sans|600|||||||&#8220; body_text_color=&#8220;#ffffff&#8220; body_font_size=&#8220;14px&#8220; body_link_font=&#8220;||||on||||solid&#8220; body_link_text_color=&#8220;#ffffff&#8220; background_color=&#8220;#919191&#8243; background_size=&#8220;initial&#8220; background_position=&#8220;top_left&#8220; background_repeat=&#8220;repeat&#8220; text_orientation=&#8220;center&#8220; custom_margin=&#8220;0px||||false|false&#8220; custom_padding=&#8220;30px|30px|30px|30px|true|true&#8220; border_radii=&#8220;off|||18px|18px&#8220; border_width_all=&#8220;0px&#8220; border_color_all=&#8220;#1e69ae&#8220; border_style_all=&#8220;solid&#8220; border_radii_image=&#8220;off|18px|18px||&#8220; use_border_color=&#8220;on&#8220; border_color=&#8220;#dddddd&#8220; global_colors_info=&#8220;{}&#8220;]<\/p>\n<p>Mit unserem Cloud-Service ORCA durchlaufen Ihre Projekte eine effiziente manuelle OCR-Nachkorrektur. Sie organisieren Ihre Projekte online und verteilen die Nachkorrektur nach individuellem Bedarf auf interne Mitarbeiter*innen oder qualifizierte externe Dienstleister weltweit.<br \/> <em><\/em><\/p>\n<p>[\/et_pb_blurb][\/et_pb_column][et_pb_column type=&#8220;1_2&#8243; _builder_version=&#8220;4.16&#8243; _dynamic_attributes=&#8220;link_option_url&#8220; background_enable_color=&#8220;off&#8220; background_image=&#8220;https:\/\/content-conversion.com\/wp-content\/uploads\/2020\/04\/itemtracking.jpg&#8220; background_blend=&#8220;multiply&#8220; custom_padding=&#8220;|||&#8220; animation_style=&#8220;zoom&#8220; link_option_url=&#8220;@ET-DC@eyJkeW5hbWljIjp0cnVlLCJjb250ZW50IjoicG9zdF9saW5rX3VybF9wYWdlIiwic2V0dGluZ3MiOnsicG9zdF9pZCI6IjI5MjcifX0=@&#8220; border_radii=&#8220;on|18px|18px|18px|18px&#8220; global_colors_info=&#8220;{}&#8220; background__hover_enabled=&#8220;on|hover&#8220; background_color__hover=&#8220;rgba(255,255,255,0.25)&#8220; background_enable_color__hover=&#8220;on&#8220; background_blend__hover=&#8220;overlay&#8220;][et_pb_divider show_divider=&#8220;off&#8220; _builder_version=&#8220;4.16&#8243; background_enable_image=&#8220;off&#8220; background_position=&#8220;top_center&#8220; height=&#8220;150px&#8220; custom_margin=&#8220;||||false|false&#8220; border_radii=&#8220;off|18px|18px||&#8220; global_colors_info=&#8220;{}&#8220;][\/et_pb_divider][et_pb_blurb title=&#8220;itemTracking&#8220; alt=&#8220;Validator Software auf einem Windows Lapotop&#8220; _builder_version=&#8220;4.16&#8243; _dynamic_attributes=&#8220;link_option_url&#8220; header_font=&#8220;Open Sans Condensed|700|||on||||&#8220; header_text_color=&#8220;#ffffff&#8220; header_font_size=&#8220;20px&#8220; body_font=&#8220;Open Sans|600|||||||&#8220; body_text_color=&#8220;#ffffff&#8220; body_font_size=&#8220;14px&#8220; body_link_font=&#8220;||||on||||solid&#8220; body_link_text_color=&#8220;#ffffff&#8220; background_color=&#8220;#919191&#8243; background_size=&#8220;initial&#8220; background_position=&#8220;top_left&#8220; background_repeat=&#8220;repeat&#8220; text_orientation=&#8220;center&#8220; custom_margin=&#8220;0px||||false|false&#8220; custom_padding=&#8220;30px|30px|30px|30px|true|true&#8220; link_option_url=&#8220;@ET-DC@eyJkeW5hbWljIjp0cnVlLCJjb250ZW50IjoicG9zdF9saW5rX3VybF9wYWdlIiwic2V0dGluZ3MiOnsicG9zdF9pZCI6IjI5MjcifX0=@&#8220; border_radii=&#8220;off|||18px|18px&#8220; border_width_all=&#8220;0px&#8220; border_color_all=&#8220;#1e69ae&#8220; border_style_all=&#8220;solid&#8220; border_radii_image=&#8220;off|18px|18px||&#8220; use_border_color=&#8220;on&#8220; border_color=&#8220;#dddddd&#8220; global_colors_info=&#8220;{}&#8220;]<\/p>\n<p>Massendigitalisierungsprojekte managen, \u00fcberwachen und analysieren Sie, von jedem Ort aus und zu jeder Zeit, mit unserem Browser-basierten Nachverfolgungs- und \u00dcberwachungsmodul itemTracking. Verfolgt werden der Aufenthaltsort des Dokuments sowie der Konvertierungsstatus des Digitalisats.<br \/> <em><\/em><\/p>\n<p>[\/et_pb_blurb][\/et_pb_column][\/et_pb_row][\/et_pb_section]<\/p>\n","protected":false},"excerpt":{"rendered":"<p>SoftwareIm Rahmen Ihrer Digitalisierungsprojekte bieten unsere Softwareprodukte optimal aufeinander abgestimmte L\u00f6sungen f\u00fcr die unterschiedlichen Anwendungsbereiche.Mit docWizz werden die Seiten gescannter Zeitungsarchive und Bibliotheksbest\u00e4nde konvertiert, mit nachhaltigen METS\/ALTO Metadaten angereichert, langfristig gesichert und f\u00fcr eine flexible Weiterverwendung bereitgestellt. docWizz \u00fcberzeugt mit einem komfortablen, nahtlosen Workflow.Die intelligente Software zur Qualit\u00e4tssicherung liefert Ihnen ein zuverl\u00e4ssiges und pr\u00e4zises Werkzeug [&hellip;]<\/p>\n","protected":false},"author":3,"featured_media":0,"parent":0,"menu_order":0,"comment_status":"closed","ping_status":"closed","template":"","meta":{"_et_pb_use_builder":"on","_et_pb_old_content":"","_et_gb_content_width":"","footnotes":""},"class_list":["post-1345","page","type-page","status-publish","hentry"],"_links":{"self":[{"href":"https:\/\/content-conversion.com\/de\/wp-json\/wp\/v2\/pages\/1345","targetHints":{"allow":["GET"]}}],"collection":[{"href":"https:\/\/content-conversion.com\/de\/wp-json\/wp\/v2\/pages"}],"about":[{"href":"https:\/\/content-conversion.com\/de\/wp-json\/wp\/v2\/types\/page"}],"author":[{"embeddable":true,"href":"https:\/\/content-conversion.com\/de\/wp-json\/wp\/v2\/users\/3"}],"replies":[{"embeddable":true,"href":"https:\/\/content-conversion.com\/de\/wp-json\/wp\/v2\/comments?post=1345"}],"version-history":[{"count":67,"href":"https:\/\/content-conversion.com\/de\/wp-json\/wp\/v2\/pages\/1345\/revisions"}],"predecessor-version":[{"id":7613,"href":"https:\/\/content-conversion.com\/de\/wp-json\/wp\/v2\/pages\/1345\/revisions\/7613"}],"wp:attachment":[{"href":"https:\/\/content-conversion.com\/de\/wp-json\/wp\/v2\/media?parent=1345"}],"curies":[{"name":"wp","href":"https:\/\/api.w.org\/{rel}","templated":true}]}}